{"id":12459,"date":"2025-11-26T10:49:49","date_gmt":"2025-11-26T09:49:49","guid":{"rendered":"https:\/\/www.coudoulets.com\/?page_id=12459"},"modified":"2025-11-27T10:02:34","modified_gmt":"2025-11-27T09:02:34","slug":"preise","status":"publish","type":"page","link":"https:\/\/www.coudoulets.com\/de\/preise\/","title":{"rendered":"Preise &amp; Angebote"},"content":{"rendered":"<section id=\"ls-section-block_4799c6433b5c7b20996022fa1a5ac744\" class=\"ls-section  has-m-t m-t-0 has-m-b m-b-0 has-p-t p-t-0 has-p-b p-b-0\" >\r\n        <div class=\"container container--wide\">\r\n        \n\n<h1 class=\"ls__heading wp-block-heading has-text-align-center\">Preise &amp; Angebote<\/h1>\n\n\r\n    <\/div>\r\n<\/section>\n\n<section id=\"ls-section-block_ddc0a5e0d2ec13591288ee9de8e7ba7e\" class=\"ls-section  home-fourth  has-m-t m-t-0 has-p-t p-t-0\" >\r\n        <div class=\"container \">\r\n        \n\n<script>\n    window.ctoutvert = {\n\t\tid: 2432, \n\t\tlang: 'de', \n\t\turl: 'https:\/\/reservation.secureholiday.net\/widgets\/'\n    };\n    (function (w, d, s, ctv, r, js, fjs) {\n        r=new XMLHttpRequest();r.open('GET',w[ctv].url+'js\/src.json');\n        r.responseType='json';r.json=true;r.send();\n        r.onload=function(){w[ctv].src=r.responseType=='json'?r.response:JSON.parse(r.response);\n        js.src=w[ctv].src[0];fjs.parentNode.insertBefore(js, fjs);}\n        js=d.createElement(s),fjs=d.getElementsByTagName(s)[0];\n        js.id='ctvwidget';js.async=1;\n    }(window, document, 'script', 'ctoutvert'));\n<\/script>\n<ctv-availability data-background-color=\"#FFFFFFFF\" ><\/ctv-availability>\n<ctv-offers data-display-mode=\"carousel\" ><\/ctv-offers>\n\n\r\n    <\/div>\r\n<\/section>\n\n<section id=\"ls-section-block_97831f1a95c284a248ea93c0d66b504d\" class=\"ls-section  home-fourth \" >\r\n        <div class=\"container container--wide\">\r\n        \n\n<div class=\"wp-block-columns is-layout-flex wp-container-core-columns-is-layout-9d6595d7 wp-block-columns-is-layout-flex\">\n<div class=\"wp-block-column is-layout-flow wp-block-column-is-layout-flow\">\n<p class=\"ls-paragraph\"><strong>F\u00dcR ALLE UNSERE STELLPL\u00c4TZE<\/strong><\/p>\n\n\n\n<ul class=\"ls-list ls-list-undefined wp-block-list\">\n<li>Kurtaxe pro Person (+18 Jahre) pro Tag: 0,66 \u20ac*<\/li>\n\n\n\n<li>Reservierungsgeb\u00fchr: 10 \u20ac<\/li>\n\n\n\n<li>Restbetrag ist 2 Wochen vor der Anreise zu zahlen<\/li>\n\n\n\n<li>R\u00fccktrittsversicherung m\u00f6glich<\/li>\n\n\n\n<li>Anzahlung bei der Reservierung: 120 \u20ac<\/li>\n\n\n\n<li>Verleih eines K\u00fchlschranks (6 \u20ac\/Tag \u2013 mind. 7 Tage)<\/li>\n\n\n\n<li>M\u00f6glichkeit, in der Hochsaison im Bar des Campingplatzes zu fr\u00fchst\u00fccken<\/li>\n\n\n\n<li>Freie An- und Abreisetage<\/li>\n<\/ul>\n\n\n\n<p class=\"ls-paragraph\"><em>* MwSt. und Steuern bekannt am 30\/09\/2024<\/em><\/p>\n<\/div>\n\n\n\n<div class=\"wp-block-column is-layout-flow wp-block-column-is-layout-flow\">\n<p class=\"ls-paragraph\"><strong>F\u00dcR ALLE UNSERE MIETUNTERK\u00dcNFTE<\/strong><\/p>\n\n\n\n<ul class=\"ls-list ls-list-undefined wp-block-list\">\n<li>Vom 15\/06 bis 07\/09: Mindestmietdauer 7 Tage<\/li>\n\n\n\n<li>Kurtaxe pro Person (+18 Jahre) pro Tag: 0,66 \u20ac*<\/li>\n\n\n\n<li>\u00d6kosteuer: 0,34 \u20ac pro Person (+2 Jahre) pro Tag<\/li>\n\n\n\n<li>Restbetrag ist 1 Monat vor Anreise zu zahlen<\/li>\n\n\n\n<li>R\u00fccktrittsversicherung m\u00f6glich<\/li>\n\n\n\n<li>Haustier: 6 \u20ac\/Tag<\/li>\n\n\n\n<li>Babyset: 21 \u20ac\/Woche<\/li>\n\n\n\n<li>Reservierungsgeb\u00fchr: 10 \u20ac<\/li>\n\n\n\n<li>Anzahlung bei der Reservierung: 25 %<\/li>\n\n\n\n<li>M\u00f6glichkeit, Bettw\u00e4sche (17 \u20ac) und Handt\u00fccher (7 \u20ac) auf Reservierung zu mieten<\/li>\n\n\n\n<li>Option \u2013 Endreinigungspauschale: 60 \u20ac f\u00fcr Mobilheime mit 1 Badezimmer, 70 \u20ac f\u00fcr Mobilheime mit 2 Badezimmern und Maisonnetten<\/li>\n\n\n\n<li>M\u00f6glichkeit, in der Hochsaison im Bar des Campingplatzes zu fr\u00fchst\u00fccken<\/li>\n\n\n\n<li>Au\u00dfer Juli\/August: freie An- und Abreisetage<\/li>\n<\/ul>\n\n\n\n<p class=\"ls-paragraph\"><em>* MwSt. und Steuern bekannt am 30\/09\/2023<\/em><\/p>\n<\/div>\n<\/div>\n\n\r\n    <\/div>\r\n<\/section>\n\n<section id=\"ls-section-block_ad6fb8a58fd14beac2457ad6603f1359\" class=\"ls-section  home-fourth cta-interne\" >\r\n        <div class=\"container container--small\">\r\n        \n\n<div class=\"wp-block-columns is-layout-flex wp-container-core-columns-is-layout-9d6595d7 wp-block-columns-is-layout-flex\">\n<div class=\"wp-block-column is-layout-flow wp-block-column-is-layout-flow\"><div id=\"ls-maillage-block_71a92f976d4505e030f7a2b9d5e1ef35\" class=\"ls-maillage cta-style-normal\" data-rows=\"3\">\r\n    <div class=\"wp-block-columns\"><div class=\"wp-block-column\"><div class=\"ls-cta\">\n\n<a href=\"https:\/\/www.coudoulets.com\/de\/\" target=\"\" rel=\"noopener\" class=\"ls-cta__link\">\n\n\t<div class=\"ls-cta__image\"><img decoding=\"async\" src=\"https:\/\/www.coudoulets.com\/wp-content\/uploads\/2022\/09\/camping-coudoulets-768x375.jpg\" alt=\"camping coudoulets\"><\/div>\n\t<div class=\"ls-cta__title\">\n\t\tZur\u00fcck zur Startseite\t<\/div>\n\n\t\n<\/a><\/div><\/div><\/div><\/div><\/div>\n<\/div>\n\n\r\n    <\/div>\r\n<\/section>","protected":false},"excerpt":{"rendered":"","protected":false},"author":1,"featured_media":0,"parent":0,"menu_order":0,"comment_status":"closed","ping_status":"closed","template":"","meta":{"_acf_changed":false,"footnotes":""},"sujet":[],"class_list":["post-12459","page","type-page","status-publish","hentry"],"acf":[],"yoast_head":"<!-- This site is optimized with the Yoast SEO plugin v25.3 - https:\/\/yoast.com\/wordpress\/plugins\/seo\/ -->\n<title>Preise &amp; Angebote des Camping Les Coudoulets in Pradons<\/title>\n<meta name=\"description\" content=\"Entdecken Sie die Preise des Camping Les Coudoulets in Pradons: Stellpl\u00e4tze, Unterk\u00fcnfte, Sonderangebote und Verf\u00fcgbarkeiten in der Ard\u00e8che. Buchen Sie Ihren Familienurlaub zum besten Preis.\" \/>\n<meta name=\"robots\" content=\"index, follow, max-snippet:-1, max-image-preview:large, max-video-preview:-1\" \/>\n<link rel=\"canonical\" href=\"https:\/\/www.coudoulets.com\/de\/preise\/\" \/>\n<meta property=\"og:locale\" content=\"de_DE\" \/>\n<meta property=\"og:type\" content=\"article\" \/>\n<meta property=\"og:title\" content=\"Preise &amp; Angebote des Camping Les Coudoulets in Pradons\" \/>\n<meta property=\"og:description\" content=\"Entdecken Sie die Preise des Camping Les Coudoulets in Pradons: Stellpl\u00e4tze, Unterk\u00fcnfte, Sonderangebote und Verf\u00fcgbarkeiten in der Ard\u00e8che. Buchen Sie Ihren Familienurlaub zum besten Preis.\" \/>\n<meta property=\"og:url\" content=\"https:\/\/www.coudoulets.com\/de\/preise\/\" \/>\n<meta property=\"og:site_name\" content=\"Les Coudoulets\" \/>\n<meta property=\"article:modified_time\" content=\"2025-11-27T09:02:34+00:00\" \/>\n<meta name=\"twitter:card\" content=\"summary_large_image\" \/>\n<meta name=\"twitter:label1\" content=\"Gesch\u00e4tzte Lesezeit\" \/>\n\t<meta name=\"twitter:data1\" content=\"1\u00a0Minute\" \/>\n<script type=\"application\/ld+json\" class=\"yoast-schema-graph\">{\"@context\":\"https:\/\/schema.org\",\"@graph\":[{\"@type\":\"WebPage\",\"@id\":\"https:\/\/www.coudoulets.com\/de\/preise\/\",\"url\":\"https:\/\/www.coudoulets.com\/de\/preise\/\",\"name\":\"Preise & Angebote des Camping Les Coudoulets in Pradons\",\"isPartOf\":{\"@id\":\"https:\/\/www.coudoulets.com\/#website\"},\"datePublished\":\"2025-11-26T09:49:49+00:00\",\"dateModified\":\"2025-11-27T09:02:34+00:00\",\"description\":\"Entdecken Sie die Preise des Camping Les Coudoulets in Pradons: Stellpl\u00e4tze, Unterk\u00fcnfte, Sonderangebote und Verf\u00fcgbarkeiten in der Ard\u00e8che. Buchen Sie Ihren Familienurlaub zum besten Preis.\",\"breadcrumb\":{\"@id\":\"https:\/\/www.coudoulets.com\/de\/preise\/#breadcrumb\"},\"inLanguage\":\"de\",\"potentialAction\":[{\"@type\":\"ReadAction\",\"target\":[\"https:\/\/www.coudoulets.com\/de\/preise\/\"]}]},{\"@type\":\"BreadcrumbList\",\"@id\":\"https:\/\/www.coudoulets.com\/de\/preise\/#breadcrumb\",\"itemListElement\":[{\"@type\":\"ListItem\",\"position\":1,\"name\":\"Campingplatz Ard\u00e8che\",\"item\":\"https:\/\/www.coudoulets.com\/de\/\"},{\"@type\":\"ListItem\",\"position\":2,\"name\":\"Preise &amp; Angebote\"}]},{\"@type\":\"WebSite\",\"@id\":\"https:\/\/www.coudoulets.com\/#website\",\"url\":\"https:\/\/www.coudoulets.com\/\",\"name\":\"Les Coudoulets\",\"description\":\"\",\"publisher\":{\"@id\":\"https:\/\/www.coudoulets.com\/#organization\"},\"potentialAction\":[{\"@type\":\"SearchAction\",\"target\":{\"@type\":\"EntryPoint\",\"urlTemplate\":\"https:\/\/www.coudoulets.com\/?s={search_term_string}\"},\"query-input\":{\"@type\":\"PropertyValueSpecification\",\"valueRequired\":true,\"valueName\":\"search_term_string\"}}],\"inLanguage\":\"de\"},{\"@type\":\"Organization\",\"@id\":\"https:\/\/www.coudoulets.com\/#organization\",\"name\":\"Camping Les Coudoulets\",\"url\":\"https:\/\/www.coudoulets.com\/\",\"logo\":{\"@type\":\"ImageObject\",\"inLanguage\":\"de\",\"@id\":\"https:\/\/www.coudoulets.com\/#\/schema\/logo\/image\/\",\"url\":\"https:\/\/www.coudoulets.com\/wp-content\/uploads\/2022\/05\/cropped-favicon-camping-les-coudoulets.png\",\"contentUrl\":\"https:\/\/www.coudoulets.com\/wp-content\/uploads\/2022\/05\/cropped-favicon-camping-les-coudoulets.png\",\"width\":512,\"height\":512,\"caption\":\"Camping Les Coudoulets\"},\"image\":{\"@id\":\"https:\/\/www.coudoulets.com\/#\/schema\/logo\/image\/\"}}]}<\/script>\n<!-- \/ Yoast SEO plugin. -->","yoast_head_json":{"title":"Preise & Angebote des Camping Les Coudoulets in Pradons","description":"Entdecken Sie die Preise des Camping Les Coudoulets in Pradons: Stellpl\u00e4tze, Unterk\u00fcnfte, Sonderangebote und Verf\u00fcgbarkeiten in der Ard\u00e8che. Buchen Sie Ihren Familienurlaub zum besten Preis.","robots":{"index":"index","follow":"follow","max-snippet":"max-snippet:-1","max-image-preview":"max-image-preview:large","max-video-preview":"max-video-preview:-1"},"canonical":"https:\/\/www.coudoulets.com\/de\/preise\/","og_locale":"de_DE","og_type":"article","og_title":"Preise & Angebote des Camping Les Coudoulets in Pradons","og_description":"Entdecken Sie die Preise des Camping Les Coudoulets in Pradons: Stellpl\u00e4tze, Unterk\u00fcnfte, Sonderangebote und Verf\u00fcgbarkeiten in der Ard\u00e8che. Buchen Sie Ihren Familienurlaub zum besten Preis.","og_url":"https:\/\/www.coudoulets.com\/de\/preise\/","og_site_name":"Les Coudoulets","article_modified_time":"2025-11-27T09:02:34+00:00","twitter_card":"summary_large_image","twitter_misc":{"Gesch\u00e4tzte Lesezeit":"1\u00a0Minute"},"schema":{"@context":"https:\/\/schema.org","@graph":[{"@type":"WebPage","@id":"https:\/\/www.coudoulets.com\/de\/preise\/","url":"https:\/\/www.coudoulets.com\/de\/preise\/","name":"Preise & Angebote des Camping Les Coudoulets in Pradons","isPartOf":{"@id":"https:\/\/www.coudoulets.com\/#website"},"datePublished":"2025-11-26T09:49:49+00:00","dateModified":"2025-11-27T09:02:34+00:00","description":"Entdecken Sie die Preise des Camping Les Coudoulets in Pradons: Stellpl\u00e4tze, Unterk\u00fcnfte, Sonderangebote und Verf\u00fcgbarkeiten in der Ard\u00e8che. Buchen Sie Ihren Familienurlaub zum besten Preis.","breadcrumb":{"@id":"https:\/\/www.coudoulets.com\/de\/preise\/#breadcrumb"},"inLanguage":"de","potentialAction":[{"@type":"ReadAction","target":["https:\/\/www.coudoulets.com\/de\/preise\/"]}]},{"@type":"BreadcrumbList","@id":"https:\/\/www.coudoulets.com\/de\/preise\/#breadcrumb","itemListElement":[{"@type":"ListItem","position":1,"name":"Campingplatz Ard\u00e8che","item":"https:\/\/www.coudoulets.com\/de\/"},{"@type":"ListItem","position":2,"name":"Preise &amp; Angebote"}]},{"@type":"WebSite","@id":"https:\/\/www.coudoulets.com\/#website","url":"https:\/\/www.coudoulets.com\/","name":"Les Coudoulets","description":"","publisher":{"@id":"https:\/\/www.coudoulets.com\/#organization"},"potentialAction":[{"@type":"SearchAction","target":{"@type":"EntryPoint","urlTemplate":"https:\/\/www.coudoulets.com\/?s={search_term_string}"},"query-input":{"@type":"PropertyValueSpecification","valueRequired":true,"valueName":"search_term_string"}}],"inLanguage":"de"},{"@type":"Organization","@id":"https:\/\/www.coudoulets.com\/#organization","name":"Camping Les Coudoulets","url":"https:\/\/www.coudoulets.com\/","logo":{"@type":"ImageObject","inLanguage":"de","@id":"https:\/\/www.coudoulets.com\/#\/schema\/logo\/image\/","url":"https:\/\/www.coudoulets.com\/wp-content\/uploads\/2022\/05\/cropped-favicon-camping-les-coudoulets.png","contentUrl":"https:\/\/www.coudoulets.com\/wp-content\/uploads\/2022\/05\/cropped-favicon-camping-les-coudoulets.png","width":512,"height":512,"caption":"Camping Les Coudoulets"},"image":{"@id":"https:\/\/www.coudoulets.com\/#\/schema\/logo\/image\/"}}]}},"_links":{"self":[{"href":"https:\/\/www.coudoulets.com\/de\/wp-json\/wp\/v2\/pages\/12459","targetHints":{"allow":["GET"]}}],"collection":[{"href":"https:\/\/www.coudoulets.com\/de\/wp-json\/wp\/v2\/pages"}],"about":[{"href":"https:\/\/www.coudoulets.com\/de\/wp-json\/wp\/v2\/types\/page"}],"author":[{"embeddable":true,"href":"https:\/\/www.coudoulets.com\/de\/wp-json\/wp\/v2\/users\/1"}],"replies":[{"embeddable":true,"href":"https:\/\/www.coudoulets.com\/de\/wp-json\/wp\/v2\/comments?post=12459"}],"version-history":[{"count":4,"href":"https:\/\/www.coudoulets.com\/de\/wp-json\/wp\/v2\/pages\/12459\/revisions"}],"predecessor-version":[{"id":12495,"href":"https:\/\/www.coudoulets.com\/de\/wp-json\/wp\/v2\/pages\/12459\/revisions\/12495"}],"wp:attachment":[{"href":"https:\/\/www.coudoulets.com\/de\/wp-json\/wp\/v2\/media?parent=12459"}],"wp:term":[{"taxonomy":"sujet","embeddable":true,"href":"https:\/\/www.coudoulets.com\/de\/wp-json\/wp\/v2\/sujet?post=12459"}],"curies":[{"name":"wp","href":"https:\/\/api.w.org\/{rel}","templated":true}]}}