{"id":2890,"date":"2022-05-24T10:08:17","date_gmt":"2022-05-24T08:08:17","guid":{"rendered":"https:\/\/www.coudoulets.com\/camping-activites-pradons\/"},"modified":"2024-03-01T10:29:48","modified_gmt":"2024-03-01T09:29:48","slug":"campingplatz-aktivitaten-pradons","status":"publish","type":"page","link":"https:\/\/www.coudoulets.com\/de\/campingplatz-aktivitaten-pradons\/","title":{"rendered":"Activit\u00e9s"},"content":{"rendered":"\n<h1 class=\"ls__heading wp-block-heading has-text-align-center\">Familienaktivit\u00e4ten auf dem Campingplatz in Pradons in der Ard\u00e8che<\/h1>\n\n\n<section id=\"ls-section-block_b750413f5cbec12fc3af1f94a138b5f0\" class=\"ls-section  home-first page-one\" >\r\n        <div class=\"container container--wide\">\r\n        \n\n<div class=\"wp-block-columns are-vertically-aligned-center is-layout-flex wp-container-core-columns-is-layout-9d6595d7 wp-block-columns-is-layout-flex\">\n<div class=\"wp-block-column is-vertically-aligned-center temoignages-haut animated fadeInLeft slow is-layout-flow wp-block-column-is-layout-flow\" style=\"flex-basis:50%\"><div class=\"wp-block-image\">\n<figure class=\"aligncenter size-full\"><img loading=\"lazy\" decoding=\"async\" width=\"512\" height=\"512\" src=\"https:\/\/www.coudoulets.com\/wp-content\/uploads\/2022\/05\/sea.png\" alt=\"Illustration rivi\u00e8re Ard\u00e8che Camping les Coudoulets\" class=\"wp-image-446\" srcset=\"https:\/\/www.coudoulets.com\/wp-content\/uploads\/2022\/05\/sea.png 512w, https:\/\/www.coudoulets.com\/wp-content\/uploads\/2022\/05\/sea-300x300.png 300w, https:\/\/www.coudoulets.com\/wp-content\/uploads\/2022\/05\/sea-150x150.png 150w\" sizes=\"auto, (max-width: 512px) 100vw, 512px\" \/><\/figure>\n<\/div>\n\n\n<h2 class=\"ls__heading wp-block-heading\"><strong>Unsere Sportstrukturen auf dem Campingplatz in Pradons<\/strong><\/h2>\n\n\n\n<p class=\"ls-paragraph\">Ein <a href=\"\/de\/\">Campingplatz in Pradons im S\u00fcden der Ard\u00e8che<\/a> ist eine tolle M\u00f6glichkeit, Zeit mit der Familie zu verbringen. Es stehen zahlreiche Einrichtungen zur Verf\u00fcgung, darunter ein Multisportplatz, auf dem Sie Fu\u00dfball und Basketball spielen k\u00f6nnen.<\/p>\n\n\n\n<p class=\"ls-paragraph\">Der Campingplatz verf\u00fcgt \u00fcber zahlreiche Sporteinrichtungen, egal ob Sie einen Platz zum Boulespielen suchen oder sich <strong>einfach mit Ihrer Familie<\/strong> nach einem langen Wandertag auf den wundersch\u00f6nen Naturpfaden der Region entspannen m\u00f6chten.<\/p>\n\n\n\n<p class=\"ls-paragraph\">Der Campingplatz verf\u00fcgt auch \u00fcber Tischtennisplatten f\u00fcr diejenigen, die w\u00e4hrend ihres Aufenthalts mit ihren Freunden oder Familienmitgliedern Spiele machen wollen. Probieren Sie unseren <strong>Pumptrack <\/strong>aus!<\/p>\n\n\n\n<p class=\"ls-paragraph\">Mit Ihrem Mountainbike, Trottinett oder Ihren Inlineskates werden Sie diese mit Buckeln und Kurven ausgestattete Strecke entdecken.<\/p>\n<\/div>\n\n\n\n<div class=\"wp-block-column is-vertically-aligned-center has-color-4-background-color has-background is-layout-flow wp-block-column-is-layout-flow\" style=\"flex-basis:50%\">\n<figure class=\"wp-block-gallery has-nested-images columns-2 is-cropped wp-block-gallery-1 is-layout-flex wp-block-gallery-is-layout-flex\">\n<figure class=\"wp-block-image size-full animated fadeInDown slow\"><a href=\"https:\/\/www.coudoulets.com\/wp-content\/uploads\/2022\/07\/activites-camping-ruoms.jpg\"><img loading=\"lazy\" decoding=\"async\" width=\"900\" height=\"575\" data-id=\"969\" src=\"https:\/\/www.coudoulets.com\/wp-content\/uploads\/2022\/07\/activites-camping-ruoms.jpg\" alt=\"activit\u00e9s camping ruoms\" class=\"wp-image-969\" srcset=\"https:\/\/www.coudoulets.com\/wp-content\/uploads\/2022\/07\/activites-camping-ruoms.jpg 900w, https:\/\/www.coudoulets.com\/wp-content\/uploads\/2022\/07\/activites-camping-ruoms-300x192.jpg 300w, https:\/\/www.coudoulets.com\/wp-content\/uploads\/2022\/07\/activites-camping-ruoms-768x491.jpg 768w\" sizes=\"auto, (max-width: 900px) 100vw, 900px\" \/><\/a><\/figure>\n\n\n\n<figure class=\"wp-block-image size-full animated fadeInRight slow delay-100ms\"><a href=\"https:\/\/www.coudoulets.com\/wp-content\/uploads\/2022\/07\/activites-camping-ardeche.jpg\"><img loading=\"lazy\" decoding=\"async\" width=\"900\" height=\"575\" data-id=\"977\" src=\"https:\/\/www.coudoulets.com\/wp-content\/uploads\/2022\/07\/activites-camping-ardeche.jpg\" alt=\"activit\u00e9s camping ard\u00e8che\" class=\"wp-image-977\" srcset=\"https:\/\/www.coudoulets.com\/wp-content\/uploads\/2022\/07\/activites-camping-ardeche.jpg 900w, https:\/\/www.coudoulets.com\/wp-content\/uploads\/2022\/07\/activites-camping-ardeche-300x192.jpg 300w, https:\/\/www.coudoulets.com\/wp-content\/uploads\/2022\/07\/activites-camping-ardeche-768x491.jpg 768w\" sizes=\"auto, (max-width: 900px) 100vw, 900px\" \/><\/a><\/figure>\n\n\n\n<figure class=\"wp-block-image size-full animated fadeInUp slow delay-200ms\"><a href=\"https:\/\/www.coudoulets.com\/wp-content\/uploads\/2022\/07\/activites-sportives-camping-ardeche.jpg\"><img loading=\"lazy\" decoding=\"async\" width=\"900\" height=\"576\" data-id=\"973\" src=\"https:\/\/www.coudoulets.com\/wp-content\/uploads\/2022\/07\/activites-sportives-camping-ardeche.jpg\" alt=\"activit\u00e9s sportives camping ard\u00e8che\" class=\"wp-image-973\" srcset=\"https:\/\/www.coudoulets.com\/wp-content\/uploads\/2022\/07\/activites-sportives-camping-ardeche.jpg 900w, https:\/\/www.coudoulets.com\/wp-content\/uploads\/2022\/07\/activites-sportives-camping-ardeche-300x192.jpg 300w, https:\/\/www.coudoulets.com\/wp-content\/uploads\/2022\/07\/activites-sportives-camping-ardeche-768x492.jpg 768w\" sizes=\"auto, (max-width: 900px) 100vw, 900px\" \/><\/a><\/figure>\n<\/figure>\n<\/div>\n<\/div>\n\n\r\n    <\/div>\r\n<\/section>\n\n<section id=\"ls-section-block_0ade98f473f7039792a930d660ff55f9\" class=\"ls-section  home-third fade-background page-two has-background-image\" >\r\n    <div class=\"ls-section__background-image opacity-100\"><img decoding=\"async\" src=\"https:\/\/www.coudoulets.com\/wp-content\/uploads\/2022\/08\/activites-camping-4-etoiles-ardeche-1.jpg\" alt=\"activit\u00e9s camping 4 \u00e9toiles ard\u00e8che\"><\/div>    <div class=\"container container--wide\">\r\n        \n\n<div class=\"wp-block-columns is-layout-flex wp-container-core-columns-is-layout-9d6595d7 wp-block-columns-is-layout-flex\">\n<div class=\"wp-block-column is-layout-flow wp-block-column-is-layout-flow\" style=\"flex-basis:40%\"><\/div>\n\n\n\n<div class=\"wp-block-column is-vertically-aligned-center animated fadeInRight slow is-layout-flow wp-block-column-is-layout-flow\" style=\"flex-basis:60%\">\n<div class=\"wp-block-columns are-vertically-aligned-center is-layout-flex wp-container-core-columns-is-layout-9d6595d7 wp-block-columns-is-layout-flex\">\n<div class=\"wp-block-column is-vertically-aligned-center is-layout-flow wp-block-column-is-layout-flow\" style=\"flex-basis:150px\"><\/div>\n\n\n\n<div class=\"wp-block-column is-vertically-aligned-center is-layout-flow wp-block-column-is-layout-flow\">\n<h2 class=\"ls__heading wp-block-heading\"><strong>Nehmen Sie an unseren Sport- und Spielanimationen in der Ard\u00e8che teil.<\/strong><\/h2>\n\n\n\n<p class=\"ls-paragraph\">Unser Campingplatz liegt im S\u00fcden der Ard\u00e8che und bietet eine gro\u00dfe Auswahl an sportlichen Aktivit\u00e4ten. W\u00e4hrend des Sommers organisieren wir Boule-Wettbewerbe, Tischtennisturniere und andere Sportturniere vor Ort.<\/p>\n\n\n\n<p class=\"ls-paragraph\">Diese Familienaktivit\u00e4ten sind eine hervorragende M\u00f6glichkeit, um Beziehungen zu Verwandten oder Nachbarn aufzubauen und bleibende Erinnerungen zu schaffen.<br>Die Animationen sind speziell auf die Unterhaltung von Kleinkindern ausgerichtet, unser Angebot umfasst jedoch keine Aktivit\u00e4ten f\u00fcr Teenager.<\/p>\n\n\n\n<p class=\"ls-paragraph\">Wir bieten einige Abendveranstaltungen an: Tanzvorf\u00fchrungen, Clowns, Zirkusartisten und Zauberer werden Sie unterhalten und Ihre Sommerabende verzaubern.<\/p>\n<\/div>\n<\/div>\n<\/div>\n<\/div>\n\n\r\n    <\/div>\r\n<\/section>\n\n<section id=\"ls-section-block_74637d78d7cae95dac916e15ec0bdf17\" class=\"ls-section  home-first page-one page-one-alt\" >\r\n        <div class=\"container container--wide\">\r\n        \n\n<div class=\"wp-block-columns are-vertically-aligned-center is-layout-flex wp-container-core-columns-is-layout-9d6595d7 wp-block-columns-is-layout-flex\">\n<div class=\"wp-block-column is-vertically-aligned-center is-layout-flow wp-block-column-is-layout-flow\" style=\"flex-basis:50%\">\n<figure class=\"wp-block-gallery has-nested-images columns-2 is-cropped wp-block-gallery-2 is-layout-flex wp-block-gallery-is-layout-flex\">\n<figure class=\"wp-block-image size-full animated fadeInDown slow\"><a href=\"https:\/\/www.coudoulets.com\/wp-content\/uploads\/2022\/07\/activites-sportives-ardeche.jpg\"><img loading=\"lazy\" decoding=\"async\" width=\"900\" height=\"676\" data-id=\"959\" src=\"https:\/\/www.coudoulets.com\/wp-content\/uploads\/2022\/07\/activites-sportives-ardeche.jpg\" alt=\"activit\u00e9s sportives Ard\u00e8che\" class=\"wp-image-959\" srcset=\"https:\/\/www.coudoulets.com\/wp-content\/uploads\/2022\/07\/activites-sportives-ardeche.jpg 900w, https:\/\/www.coudoulets.com\/wp-content\/uploads\/2022\/07\/activites-sportives-ardeche-300x225.jpg 300w, https:\/\/www.coudoulets.com\/wp-content\/uploads\/2022\/07\/activites-sportives-ardeche-768x577.jpg 768w\" sizes=\"auto, (max-width: 900px) 100vw, 900px\" \/><\/a><\/figure>\n\n\n\n<figure class=\"wp-block-image size-full animated fadeInRight slow delay-100ms\"><a href=\"https:\/\/www.coudoulets.com\/wp-content\/uploads\/2022\/07\/activites-sportives-camping-ruoms.jpg\"><img loading=\"lazy\" decoding=\"async\" width=\"900\" height=\"675\" data-id=\"986\" src=\"https:\/\/www.coudoulets.com\/wp-content\/uploads\/2022\/07\/activites-sportives-camping-ruoms.jpg\" alt=\"activit\u00e9s sportives camping ruoms\" class=\"wp-image-986\" srcset=\"https:\/\/www.coudoulets.com\/wp-content\/uploads\/2022\/07\/activites-sportives-camping-ruoms.jpg 900w, https:\/\/www.coudoulets.com\/wp-content\/uploads\/2022\/07\/activites-sportives-camping-ruoms-300x225.jpg 300w, https:\/\/www.coudoulets.com\/wp-content\/uploads\/2022\/07\/activites-sportives-camping-ruoms-768x576.jpg 768w\" sizes=\"auto, (max-width: 900px) 100vw, 900px\" \/><\/a><\/figure>\n\n\n\n<figure class=\"wp-block-image size-full animated fadeInUp slow delay-200ms\"><a href=\"https:\/\/www.coudoulets.com\/wp-content\/uploads\/2022\/07\/activites-sportives-ruoms.jpg\"><img loading=\"lazy\" decoding=\"async\" width=\"900\" height=\"674\" data-id=\"982\" src=\"https:\/\/www.coudoulets.com\/wp-content\/uploads\/2022\/07\/activites-sportives-ruoms.jpg\" alt=\"activit\u00e9s sportives ruoms\" class=\"wp-image-982\" srcset=\"https:\/\/www.coudoulets.com\/wp-content\/uploads\/2022\/07\/activites-sportives-ruoms.jpg 900w, https:\/\/www.coudoulets.com\/wp-content\/uploads\/2022\/07\/activites-sportives-ruoms-300x225.jpg 300w, https:\/\/www.coudoulets.com\/wp-content\/uploads\/2022\/07\/activites-sportives-ruoms-768x575.jpg 768w\" sizes=\"auto, (max-width: 900px) 100vw, 900px\" \/><\/a><\/figure>\n<\/figure>\n<\/div>\n\n\n\n<div class=\"wp-block-column is-vertically-aligned-center temoignages-haut animated fadeInLeft slow has-color-white-background-color has-background is-layout-flow wp-block-column-is-layout-flow\" style=\"flex-basis:50%\"><div class=\"wp-block-image\">\n<figure class=\"aligncenter size-full\"><img loading=\"lazy\" decoding=\"async\" width=\"512\" height=\"512\" src=\"https:\/\/www.coudoulets.com\/wp-content\/uploads\/2022\/05\/sea.png\" alt=\"Illustration rivi\u00e8re Ard\u00e8che Camping les Coudoulets\" class=\"wp-image-446\" srcset=\"https:\/\/www.coudoulets.com\/wp-content\/uploads\/2022\/05\/sea.png 512w, https:\/\/www.coudoulets.com\/wp-content\/uploads\/2022\/05\/sea-300x300.png 300w, https:\/\/www.coudoulets.com\/wp-content\/uploads\/2022\/05\/sea-150x150.png 150w\" sizes=\"auto, (max-width: 512px) 100vw, 512px\" \/><\/figure>\n<\/div>\n\n\n<h2 class=\"ls__heading wp-block-heading\"><strong><strong>Aktivit\u00e4ten in der N\u00e4he des Campingplatzes in Pradons<\/strong><\/strong><\/h2>\n\n\n\n<p class=\"ls-paragraph\">Der Campingplatz befindet sich im Herzen der s\u00fcdlichen Ard\u00e8che. Wir befinden uns entlang des Flusses Ard\u00e8che. So k\u00f6nnen Sie von den <strong>Aktivit\u00e4ten profitieren, die die N\u00e4he des Flusses bietet<\/strong>.<\/p>\n\n\n\n<p class=\"ls-paragraph\">Schwimmen von morgens bis abends, Schlauchbootfahren, Angeln, Kanu- und Kajakverleih.<\/p>\n\n\n\n<p class=\"ls-paragraph\">Und ganz in der N\u00e4he des Campingplatzes Reitm\u00f6glichkeiten mit sogar Reitausfl\u00fcgen \u00fcber den Fluss!<\/p>\n\n\n\n<p class=\"ls-paragraph\">Und <strong>Wanderungen<\/strong>, vom <strong>Familienspaziergang <\/strong>f\u00fcr Gro\u00df und Klein bis zur mehrst\u00fcndigen Wanderung mit H\u00f6henunterschied f\u00fcr die Erfahrenen\u2026<\/p>\n<\/div>\n<\/div>\n\n\r\n    <\/div>\r\n<\/section>\n\n<section id=\"ls-section-block_b1c56f85027603bee2471d597c785452\" class=\"ls-section  home-fourth cta-interne\" >\r\n        <div class=\"container container--wide\">\r\n        \n\n<div class=\"wp-block-columns is-layout-flex wp-container-core-columns-is-layout-9d6595d7 wp-block-columns-is-layout-flex\">\n<div class=\"wp-block-column is-layout-flow wp-block-column-is-layout-flow\">\n<div id=\"ls-heading ls-titre-div-block_c7c9a9e6112e584a19e201e79c8aec7e\" class=\"ls-titre-div aligncenter h2-like\" >\n    Die <strong>Wasserraum<\/strong>, die <strong>Gastst\u00e4tte<\/strong> und die <strong>Aktivit\u00e4ten<\/strong> f\u00fcr Kinder<\/div>\n\n\n<div id=\"ls-maillage-block_f93be1aa4575c19586dc0ef4cc512c80\" class=\"ls-maillage cta-style-normal\" data-rows=\"3\">\r\n    <div class=\"wp-block-columns\"><div class=\"wp-block-column\"><div class=\"ls-cta\">\n\n<a href=\"https:\/\/www.coudoulets.com\/de\/campingplatz-aktivitaten-kinder-pradons\/\" target=\"\" rel=\"noopener\" class=\"ls-cta__link\">\n\n\t<div class=\"ls-cta__image\"><img decoding=\"async\" src=\"https:\/\/www.coudoulets.com\/wp-content\/uploads\/2022\/08\/animations-enfants-camping-ardeche-1-768x492.jpg\" alt=\"animations enfants camping ard\u00e8che\"><\/div>\n\t<div class=\"ls-cta__title\">\n\t\tKinder\t<\/div>\n\n\t\n<\/a><\/div><\/div><div class=\"wp-block-column\"><div class=\"ls-cta\">\n\n<a href=\"https:\/\/www.coudoulets.com\/de\/campingplatz-schwimmbad-pradons\/\" target=\"\" rel=\"noopener\" class=\"ls-cta__link\">\n\n\t<div class=\"ls-cta__image\"><img decoding=\"async\" src=\"https:\/\/www.coudoulets.com\/wp-content\/uploads\/2022\/10\/coudoulets-piscine-768x576.jpg\" alt=\"piscine coudoulets\"><\/div>\n\t<div class=\"ls-cta__title\">\n\t\tWasserraum\t<\/div>\n\n\t\n<\/a><\/div><\/div><div class=\"wp-block-column\"><div class=\"ls-cta\">\n\n<a href=\"https:\/\/www.coudoulets.com\/de\/campingplatz-gaststatte-pradons\/\" target=\"\" rel=\"noopener\" class=\"ls-cta__link\">\n\n\t<div class=\"ls-cta__image\"><img decoding=\"async\" src=\"https:\/\/www.coudoulets.com\/wp-content\/uploads\/2022\/07\/restaurants-camping-ruoms-768x491.jpg\" alt=\"restaurants camping ruoms\"><\/div>\n\t<div class=\"ls-cta__title\">\n\t\tGastst\u00e4tte\t<\/div>\n\n\t\n<\/a><\/div><\/div><\/div><\/div><\/div>\n<\/div>\n\n\r\n    <\/div>\r\n<\/section>","protected":false},"excerpt":{"rendered":"<p>Familienaktivit\u00e4ten auf dem Campingplatz in Pradons in der Ard\u00e8che<\/p>\n","protected":false},"author":1,"featured_media":1108,"parent":0,"menu_order":0,"comment_status":"closed","ping_status":"closed","template":"","meta":{"_acf_changed":false,"footnotes":""},"sujet":[],"class_list":["post-2890","page","type-page","status-publish","has-post-thumbnail","hentry"],"acf":[],"yoast_head":"<!-- This site is optimized with the Yoast SEO plugin v25.3 - https:\/\/yoast.com\/wordpress\/plugins\/seo\/ -->\n<title>Camping Aktivit\u00e4ten Pradons | Camping Animationen Ard\u00e8che<\/title>\n<meta name=\"robots\" content=\"index, follow, max-snippet:-1, max-image-preview:large, max-video-preview:-1\" \/>\n<link rel=\"canonical\" href=\"https:\/\/www.coudoulets.com\/de\/campingplatz-aktivitaten-pradons\/\" \/>\n<meta property=\"og:locale\" content=\"de_DE\" \/>\n<meta property=\"og:type\" content=\"article\" \/>\n<meta property=\"og:title\" content=\"Camping Aktivit\u00e4ten Pradons | Camping Animationen Ard\u00e8che\" \/>\n<meta property=\"og:description\" content=\"Familienaktivit\u00e4ten auf dem Campingplatz in Pradons in der Ard\u00e8che\" \/>\n<meta property=\"og:url\" content=\"https:\/\/www.coudoulets.com\/de\/campingplatz-aktivitaten-pradons\/\" \/>\n<meta property=\"og:site_name\" content=\"Les Coudoulets\" \/>\n<meta property=\"article:modified_time\" content=\"2024-03-01T09:29:48+00:00\" \/>\n<meta property=\"og:image\" content=\"https:\/\/www.coudoulets.com\/wp-content\/uploads\/2022\/08\/activites-nautiques-ardeche.jpg\" \/>\n\t<meta property=\"og:image:width\" content=\"1900\" \/>\n\t<meta property=\"og:image:height\" content=\"842\" \/>\n\t<meta property=\"og:image:type\" content=\"image\/jpeg\" \/>\n<meta name=\"twitter:card\" content=\"summary_large_image\" \/>\n<meta name=\"twitter:label1\" content=\"Gesch\u00e4tzte Lesezeit\" \/>\n\t<meta name=\"twitter:data1\" content=\"4\u00a0Minuten\" \/>\n<script type=\"application\/ld+json\" class=\"yoast-schema-graph\">{\"@context\":\"https:\/\/schema.org\",\"@graph\":[{\"@type\":\"WebPage\",\"@id\":\"https:\/\/www.coudoulets.com\/de\/campingplatz-aktivitaten-pradons\/\",\"url\":\"https:\/\/www.coudoulets.com\/de\/campingplatz-aktivitaten-pradons\/\",\"name\":\"Camping Aktivit\u00e4ten Pradons | Camping Animationen Ard\u00e8che\",\"isPartOf\":{\"@id\":\"https:\/\/www.coudoulets.com\/#website\"},\"primaryImageOfPage\":{\"@id\":\"https:\/\/www.coudoulets.com\/de\/campingplatz-aktivitaten-pradons\/#primaryimage\"},\"image\":{\"@id\":\"https:\/\/www.coudoulets.com\/de\/campingplatz-aktivitaten-pradons\/#primaryimage\"},\"thumbnailUrl\":\"https:\/\/www.coudoulets.com\/wp-content\/uploads\/2022\/08\/activites-nautiques-ardeche.jpg\",\"datePublished\":\"2022-05-24T08:08:17+00:00\",\"dateModified\":\"2024-03-01T09:29:48+00:00\",\"breadcrumb\":{\"@id\":\"https:\/\/www.coudoulets.com\/de\/campingplatz-aktivitaten-pradons\/#breadcrumb\"},\"inLanguage\":\"de\",\"potentialAction\":[{\"@type\":\"ReadAction\",\"target\":[\"https:\/\/www.coudoulets.com\/de\/campingplatz-aktivitaten-pradons\/\"]}]},{\"@type\":\"ImageObject\",\"inLanguage\":\"de\",\"@id\":\"https:\/\/www.coudoulets.com\/de\/campingplatz-aktivitaten-pradons\/#primaryimage\",\"url\":\"https:\/\/www.coudoulets.com\/wp-content\/uploads\/2022\/08\/activites-nautiques-ardeche.jpg\",\"contentUrl\":\"https:\/\/www.coudoulets.com\/wp-content\/uploads\/2022\/08\/activites-nautiques-ardeche.jpg\",\"width\":1900,\"height\":842,\"caption\":\"activit\u00e9s nautiques ard\u00e8che\"},{\"@type\":\"BreadcrumbList\",\"@id\":\"https:\/\/www.coudoulets.com\/de\/campingplatz-aktivitaten-pradons\/#breadcrumb\",\"itemListElement\":[{\"@type\":\"ListItem\",\"position\":1,\"name\":\"Campingplatz Ard\u00e8che\",\"item\":\"https:\/\/www.coudoulets.com\/de\/\"},{\"@type\":\"ListItem\",\"position\":2,\"name\":\"Campingplatz mit Animationen in der Ard\u00e8che\"}]},{\"@type\":\"WebSite\",\"@id\":\"https:\/\/www.coudoulets.com\/#website\",\"url\":\"https:\/\/www.coudoulets.com\/\",\"name\":\"Les Coudoulets\",\"description\":\"\",\"publisher\":{\"@id\":\"https:\/\/www.coudoulets.com\/#organization\"},\"potentialAction\":[{\"@type\":\"SearchAction\",\"target\":{\"@type\":\"EntryPoint\",\"urlTemplate\":\"https:\/\/www.coudoulets.com\/?s={search_term_string}\"},\"query-input\":{\"@type\":\"PropertyValueSpecification\",\"valueRequired\":true,\"valueName\":\"search_term_string\"}}],\"inLanguage\":\"de\"},{\"@type\":\"Organization\",\"@id\":\"https:\/\/www.coudoulets.com\/#organization\",\"name\":\"Camping Les Coudoulets\",\"url\":\"https:\/\/www.coudoulets.com\/\",\"logo\":{\"@type\":\"ImageObject\",\"inLanguage\":\"de\",\"@id\":\"https:\/\/www.coudoulets.com\/#\/schema\/logo\/image\/\",\"url\":\"https:\/\/www.coudoulets.com\/wp-content\/uploads\/2022\/05\/cropped-favicon-camping-les-coudoulets.png\",\"contentUrl\":\"https:\/\/www.coudoulets.com\/wp-content\/uploads\/2022\/05\/cropped-favicon-camping-les-coudoulets.png\",\"width\":512,\"height\":512,\"caption\":\"Camping Les Coudoulets\"},\"image\":{\"@id\":\"https:\/\/www.coudoulets.com\/#\/schema\/logo\/image\/\"}}]}<\/script>\n<!-- \/ Yoast SEO plugin. -->","yoast_head_json":{"title":"Camping Aktivit\u00e4ten Pradons | Camping Animationen Ard\u00e8che","robots":{"index":"index","follow":"follow","max-snippet":"max-snippet:-1","max-image-preview":"max-image-preview:large","max-video-preview":"max-video-preview:-1"},"canonical":"https:\/\/www.coudoulets.com\/de\/campingplatz-aktivitaten-pradons\/","og_locale":"de_DE","og_type":"article","og_title":"Camping Aktivit\u00e4ten Pradons | Camping Animationen Ard\u00e8che","og_description":"Familienaktivit\u00e4ten auf dem Campingplatz in Pradons in der Ard\u00e8che","og_url":"https:\/\/www.coudoulets.com\/de\/campingplatz-aktivitaten-pradons\/","og_site_name":"Les Coudoulets","article_modified_time":"2024-03-01T09:29:48+00:00","og_image":[{"width":1900,"height":842,"url":"https:\/\/www.coudoulets.com\/wp-content\/uploads\/2022\/08\/activites-nautiques-ardeche.jpg","type":"image\/jpeg"}],"twitter_card":"summary_large_image","twitter_misc":{"Gesch\u00e4tzte Lesezeit":"4\u00a0Minuten"},"schema":{"@context":"https:\/\/schema.org","@graph":[{"@type":"WebPage","@id":"https:\/\/www.coudoulets.com\/de\/campingplatz-aktivitaten-pradons\/","url":"https:\/\/www.coudoulets.com\/de\/campingplatz-aktivitaten-pradons\/","name":"Camping Aktivit\u00e4ten Pradons | Camping Animationen Ard\u00e8che","isPartOf":{"@id":"https:\/\/www.coudoulets.com\/#website"},"primaryImageOfPage":{"@id":"https:\/\/www.coudoulets.com\/de\/campingplatz-aktivitaten-pradons\/#primaryimage"},"image":{"@id":"https:\/\/www.coudoulets.com\/de\/campingplatz-aktivitaten-pradons\/#primaryimage"},"thumbnailUrl":"https:\/\/www.coudoulets.com\/wp-content\/uploads\/2022\/08\/activites-nautiques-ardeche.jpg","datePublished":"2022-05-24T08:08:17+00:00","dateModified":"2024-03-01T09:29:48+00:00","breadcrumb":{"@id":"https:\/\/www.coudoulets.com\/de\/campingplatz-aktivitaten-pradons\/#breadcrumb"},"inLanguage":"de","potentialAction":[{"@type":"ReadAction","target":["https:\/\/www.coudoulets.com\/de\/campingplatz-aktivitaten-pradons\/"]}]},{"@type":"ImageObject","inLanguage":"de","@id":"https:\/\/www.coudoulets.com\/de\/campingplatz-aktivitaten-pradons\/#primaryimage","url":"https:\/\/www.coudoulets.com\/wp-content\/uploads\/2022\/08\/activites-nautiques-ardeche.jpg","contentUrl":"https:\/\/www.coudoulets.com\/wp-content\/uploads\/2022\/08\/activites-nautiques-ardeche.jpg","width":1900,"height":842,"caption":"activit\u00e9s nautiques ard\u00e8che"},{"@type":"BreadcrumbList","@id":"https:\/\/www.coudoulets.com\/de\/campingplatz-aktivitaten-pradons\/#breadcrumb","itemListElement":[{"@type":"ListItem","position":1,"name":"Campingplatz Ard\u00e8che","item":"https:\/\/www.coudoulets.com\/de\/"},{"@type":"ListItem","position":2,"name":"Campingplatz mit Animationen in der Ard\u00e8che"}]},{"@type":"WebSite","@id":"https:\/\/www.coudoulets.com\/#website","url":"https:\/\/www.coudoulets.com\/","name":"Les Coudoulets","description":"","publisher":{"@id":"https:\/\/www.coudoulets.com\/#organization"},"potentialAction":[{"@type":"SearchAction","target":{"@type":"EntryPoint","urlTemplate":"https:\/\/www.coudoulets.com\/?s={search_term_string}"},"query-input":{"@type":"PropertyValueSpecification","valueRequired":true,"valueName":"search_term_string"}}],"inLanguage":"de"},{"@type":"Organization","@id":"https:\/\/www.coudoulets.com\/#organization","name":"Camping Les Coudoulets","url":"https:\/\/www.coudoulets.com\/","logo":{"@type":"ImageObject","inLanguage":"de","@id":"https:\/\/www.coudoulets.com\/#\/schema\/logo\/image\/","url":"https:\/\/www.coudoulets.com\/wp-content\/uploads\/2022\/05\/cropped-favicon-camping-les-coudoulets.png","contentUrl":"https:\/\/www.coudoulets.com\/wp-content\/uploads\/2022\/05\/cropped-favicon-camping-les-coudoulets.png","width":512,"height":512,"caption":"Camping Les Coudoulets"},"image":{"@id":"https:\/\/www.coudoulets.com\/#\/schema\/logo\/image\/"}}]}},"_links":{"self":[{"href":"https:\/\/www.coudoulets.com\/de\/wp-json\/wp\/v2\/pages\/2890","targetHints":{"allow":["GET"]}}],"collection":[{"href":"https:\/\/www.coudoulets.com\/de\/wp-json\/wp\/v2\/pages"}],"about":[{"href":"https:\/\/www.coudoulets.com\/de\/wp-json\/wp\/v2\/types\/page"}],"author":[{"embeddable":true,"href":"https:\/\/www.coudoulets.com\/de\/wp-json\/wp\/v2\/users\/1"}],"replies":[{"embeddable":true,"href":"https:\/\/www.coudoulets.com\/de\/wp-json\/wp\/v2\/comments?post=2890"}],"version-history":[{"count":8,"href":"https:\/\/www.coudoulets.com\/de\/wp-json\/wp\/v2\/pages\/2890\/revisions"}],"predecessor-version":[{"id":7717,"href":"https:\/\/www.coudoulets.com\/de\/wp-json\/wp\/v2\/pages\/2890\/revisions\/7717"}],"wp:featuredmedia":[{"embeddable":true,"href":"https:\/\/www.coudoulets.com\/de\/wp-json\/wp\/v2\/media\/1108"}],"wp:attachment":[{"href":"https:\/\/www.coudoulets.com\/de\/wp-json\/wp\/v2\/media?parent=2890"}],"wp:term":[{"taxonomy":"sujet","embeddable":true,"href":"https:\/\/www.coudoulets.com\/de\/wp-json\/wp\/v2\/sujet?post=2890"}],"curies":[{"name":"wp","href":"https:\/\/api.w.org\/{rel}","templated":true}]}}