{"id":2929,"date":"2022-05-24T10:12:24","date_gmt":"2022-05-24T08:12:24","guid":{"rendered":"https:\/\/www.coudoulets.com\/camping-bord-de-riviere-pradons\/"},"modified":"2022-10-19T11:57:49","modified_gmt":"2022-10-19T09:57:49","slug":"campingplatz-flussufer-pradons","status":"publish","type":"page","link":"https:\/\/www.coudoulets.com\/de\/campingplatz-flussufer-pradons\/","title":{"rendered":"Bord de rivi\u00e8re"},"content":{"rendered":"\n<h1 class=\"ls__heading has-text-align-center wp-block-heading\">Direkter Zugang zum Fluss vom Campingplatz in Pradons in der Ard\u00e8che aus<\/h1>\n\n\n<section id=\"ls-section-block_628ce1ab3911d\" class=\"ls-section  home-first page-one\" >\r\n        <div class=\"container container--wide\">\r\n        \n\n<div class=\"wp-block-columns are-vertically-aligned-center is-layout-flex wp-container-core-columns-is-layout-9d6595d7 wp-block-columns-is-layout-flex\">\n<div class=\"wp-block-column is-vertically-aligned-center temoignages-haut animated fadeInLeft slow is-layout-flow wp-block-column-is-layout-flow\" style=\"flex-basis:50%\"><div class=\"wp-block-image\">\n<figure class=\"aligncenter size-full\"><img loading=\"lazy\" decoding=\"async\" width=\"512\" height=\"512\" src=\"https:\/\/www.coudoulets.com\/wp-content\/uploads\/2022\/05\/sea.png\" alt=\"Illustration rivi\u00e8re Ard\u00e8che Camping les Coudoulets\" class=\"wp-image-446\" srcset=\"https:\/\/www.coudoulets.com\/wp-content\/uploads\/2022\/05\/sea.png 512w, https:\/\/www.coudoulets.com\/wp-content\/uploads\/2022\/05\/sea-300x300.png 300w, https:\/\/www.coudoulets.com\/wp-content\/uploads\/2022\/05\/sea-150x150.png 150w\" sizes=\"auto, (max-width: 512px) 100vw, 512px\" \/><\/figure>\n<\/div>\n\n\n<h2 class=\"ls-heading wp-block-heading\"><strong>Baden Sie im Fluss der Ard\u00e8che<\/strong><\/h2>\n\n\n\n<p class=\"ls-paragraph\">Genie\u00dfen Sie die privilegierte Lage des <a href=\"\/de\/\">Campingplatzes am Ufer des Flusses Ard\u00e8che<\/a>.<\/p>\n\n\n\n<p class=\"ls-paragraph\">Der Fluss Ard\u00e8che ist \u00fcber eine Treppe oder einen kleinen Fu\u00dfweg erreichbar. <strong>Genie\u00dfen Sie den Sand<\/strong>&#8211; und Kieselstrand\u2026 Schwimmen, Angeln, Kanus, Schlauchboote \u2026<\/p>\n\n\n\n<p class=\"ls-paragraph\">Der Campingplatz Les Coudoulets liegt ideal am Ufer der Ard\u00e8che und l\u00e4sst Sie t\u00e4glich von den Annehmlichkeiten eines der sch\u00f6nsten Fl\u00fcsse Frankreichs profitieren.<\/p>\n\n\n\n<p class=\"ls-paragraph\">Auf dem Programm stehen Baden, Sandspielen und Faulenzen inmitten einer erhabenen Landschaft. Die Ard\u00e8che ist ein unendlicher Spielplatz f\u00fcr Liebhaber der freien Natur.<\/p>\n<\/div>\n\n\n\n<div class=\"wp-block-column is-vertically-aligned-center has-color-4-background-color has-background is-layout-flow wp-block-column-is-layout-flow\" style=\"flex-basis:50%\">\n<figure class=\"wp-block-gallery has-nested-images columns-2 is-cropped wp-block-gallery-1 is-layout-flex wp-block-gallery-is-layout-flex\">\n<figure class=\"wp-block-image size-full animated fadeInDown slow\"><a href=\"https:\/\/www.coudoulets.com\/wp-content\/uploads\/2022\/08\/camping-bord-de-riviere-canoe-kayak-ardeche.jpg\"><img loading=\"lazy\" decoding=\"async\" width=\"900\" height=\"600\" data-id=\"1207\" src=\"https:\/\/www.coudoulets.com\/wp-content\/uploads\/2022\/08\/camping-bord-de-riviere-canoe-kayak-ardeche.jpg\" alt=\"camping bord de rivi\u00e8re cano\u00eb kayak Ard\u00e8che\" class=\"wp-image-1207\" srcset=\"https:\/\/www.coudoulets.com\/wp-content\/uploads\/2022\/08\/camping-bord-de-riviere-canoe-kayak-ardeche.jpg 900w, https:\/\/www.coudoulets.com\/wp-content\/uploads\/2022\/08\/camping-bord-de-riviere-canoe-kayak-ardeche-300x200.jpg 300w, https:\/\/www.coudoulets.com\/wp-content\/uploads\/2022\/08\/camping-bord-de-riviere-canoe-kayak-ardeche-768x512.jpg 768w\" sizes=\"auto, (max-width: 900px) 100vw, 900px\" \/><\/a><\/figure>\n\n\n\n<figure class=\"wp-block-image size-full animated fadeInRight slow delay-100ms\"><a href=\"https:\/\/www.coudoulets.com\/wp-content\/uploads\/2022\/08\/camping-bord-de-lardeche.jpg\"><img loading=\"lazy\" decoding=\"async\" width=\"900\" height=\"600\" data-id=\"1211\" src=\"https:\/\/www.coudoulets.com\/wp-content\/uploads\/2022\/08\/camping-bord-de-lardeche.jpg\" alt=\"camping bord de l'Ard\u00e8che\" class=\"wp-image-1211\" srcset=\"https:\/\/www.coudoulets.com\/wp-content\/uploads\/2022\/08\/camping-bord-de-lardeche.jpg 900w, https:\/\/www.coudoulets.com\/wp-content\/uploads\/2022\/08\/camping-bord-de-lardeche-300x200.jpg 300w, https:\/\/www.coudoulets.com\/wp-content\/uploads\/2022\/08\/camping-bord-de-lardeche-768x512.jpg 768w\" sizes=\"auto, (max-width: 900px) 100vw, 900px\" \/><\/a><\/figure>\n\n\n\n<figure class=\"wp-block-image size-full animated fadeInUp slow delay-200ms\"><a href=\"https:\/\/www.coudoulets.com\/wp-content\/uploads\/2022\/08\/camping-bord-de-riviere-ardeche.jpg\"><img loading=\"lazy\" decoding=\"async\" width=\"900\" height=\"575\" data-id=\"1203\" src=\"https:\/\/www.coudoulets.com\/wp-content\/uploads\/2022\/08\/camping-bord-de-riviere-ardeche.jpg\" alt=\"camping bord de rivi\u00e8re ard\u00e8che\" class=\"wp-image-1203\" srcset=\"https:\/\/www.coudoulets.com\/wp-content\/uploads\/2022\/08\/camping-bord-de-riviere-ardeche.jpg 900w, https:\/\/www.coudoulets.com\/wp-content\/uploads\/2022\/08\/camping-bord-de-riviere-ardeche-300x192.jpg 300w, https:\/\/www.coudoulets.com\/wp-content\/uploads\/2022\/08\/camping-bord-de-riviere-ardeche-768x491.jpg 768w\" sizes=\"auto, (max-width: 900px) 100vw, 900px\" \/><\/a><\/figure>\n<\/figure>\n<\/div>\n<\/div>\n\n\r\n    <\/div>\r\n<\/section>\n\n<section id=\"ls-section-block_628ceb7e9e9ff\" class=\"ls-section  home-third fade-background page-two has-background-image\" >\r\n    <div class=\"ls-section__background-image opacity-100\"><img decoding=\"async\" src=\"https:\/\/www.coudoulets.com\/wp-content\/uploads\/2022\/08\/activites-nautiques-bord-de-lardeche.jpg\" alt=\"activit\u00e9s nautiques bord de l'Ard\u00e8che\"><\/div>    <div class=\"container container--wide\">\r\n        \n\n<div class=\"wp-block-columns is-layout-flex wp-container-core-columns-is-layout-9d6595d7 wp-block-columns-is-layout-flex\">\n<div class=\"wp-block-column is-layout-flow wp-block-column-is-layout-flow\" style=\"flex-basis:40%\"><\/div>\n\n\n\n<div class=\"wp-block-column is-vertically-aligned-center animated fadeInRight slow is-layout-flow wp-block-column-is-layout-flow\" style=\"flex-basis:60%\">\n<div class=\"wp-block-columns are-vertically-aligned-center is-layout-flex wp-container-core-columns-is-layout-9d6595d7 wp-block-columns-is-layout-flex\">\n<div class=\"wp-block-column is-vertically-aligned-center is-layout-flow wp-block-column-is-layout-flow\" style=\"flex-basis:150px\"><\/div>\n\n\n\n<div class=\"wp-block-column is-vertically-aligned-center is-layout-flow wp-block-column-is-layout-flow\">\n<div id=\"ls-heading ls-titre-div-block_628cebe59ea00\" class=\"ls-titre-div h2-like\" >\n    Mit den F\u00fc\u00dfen im Wasser<\/div>\n\n\n\n<h2 class=\"ls-heading wp-block-heading\"><strong>Idealer Fluss zum Angeln<\/strong><\/h2>\n\n\n\n<p class=\"ls-paragraph\">Dank unserer Lage am Flussufer k\u00f6nnen wir Ihnen auch Kanu- und Kajakvermietungen anbieten. So k\u00f6nnen Sie trainieren, bevor Sie die ber\u00fchmte Strecke durch die Gorges de l&#8217;Ard\u00e8che in Angriff nehmen! Vom Campingplatz aus k\u00f6nnen Sie auch andere Wassersportarten wie Schlauchbootfahren oder Paddeln aus\u00fcben. Angeln ist nat\u00fcrlich auch eine der vielen Freizeitbesch\u00e4ftigungen, die Ihnen zur Verf\u00fcgung stehen. In unmittelbarer N\u00e4he Ihres Urlaubsortes werden Ihnen Aktivit\u00e4ten wie Canyoning oder Via Ferrata entlang des Flusses angeboten.<\/p>\n\n\n\n<p class=\"ls-paragraph\">Die Ard\u00e8che ist ein tief eingeschnittener Fluss, der f\u00fcr die atemberaubenden Landschaften, die er geformt hat, ber\u00fchmt ist. Der Campingplatz Les Coudoulets \u00fcberragt den Fluss auf einer H\u00f6he von 26 Metern. Er bietet Ihnen also alle Vorteile eines Aufenthalts am Wasser, ohne die Unannehmlichkeiten: Sie sind vor der n\u00e4chtlichen Feuchtigkeit und der Gefahr von \u00dcberschwemmungen gesch\u00fctzt! Der Zugang zum Strand ist jedoch direkt von der Anlage aus m\u00f6glich.<\/p>\n<\/div>\n<\/div>\n<\/div>\n<\/div>\n\n\r\n    <\/div>\r\n<\/section>\n\n<section id=\"ls-section-block_62986cc289dd5\" class=\"ls-section  home-first page-four\" >\r\n        <div class=\"container container--wide\">\r\n        \n\n<div class=\"wp-block-columns are-vertically-aligned-center is-layout-flex wp-container-core-columns-is-layout-9d6595d7 wp-block-columns-is-layout-flex\">\n<div class=\"wp-block-column is-vertically-aligned-center temoignages-haut is-layout-flow wp-block-column-is-layout-flow\" style=\"flex-basis:50%\">\n<h2 class=\"ls-heading wp-block-heading\">\u00a0<strong>Wasseraktivit\u00e4ten in der N\u00e4he des Campingplatzes<\/strong><\/h2>\n\n\n\n<p class=\"ls-paragraph\">Der Sand- und Kieselstrand ist ger\u00e4umig und wird teilweise von B\u00e4umen beschattet. Er ist ein idealer Treffpunkt f\u00fcr einen entspannten <strong>Nachmittag mit der Familie<\/strong> oder f\u00fcr ein Picknick.<\/p>\n\n\n\n<p class=\"ls-paragraph\">Der sandige Teil ist <strong>angenehm <\/strong>zum Baden und erleichtert das Zuwasserlassen von Kanus. Da die Ard\u00e8che in diesem Teil ihres Laufs ruhig ist, eignet sie sich auch f\u00fcr das Baden der J\u00fcngsten.<\/p>\n\n\n\n<p class=\"ls-paragraph\">Gehen Sie also ein paar Stufen hinunter und werfen Sie Ihre Angel aus \u2026 Auf Sie warten Bachforellen (das Wahrzeichen der Ard\u00e8che) oder sch\u00f6ne Karpfen, die oft unterhalb des Campingplatzes geangelt werden.<\/p>\n\n\n\n<p class=\"ls-paragraph\">Zwischen dem Wasserpark und dem Fluss wird Ihr <a href=\"\/de\/campingplatz-schwimmbad-pradons\/\">Urlaub auf dem Campingplatz<\/a> mit beheiztem Schwimmbad ganz im Zeichen des Wassers stehen!<\/p>\n<\/div>\n\n\n\n<div class=\"wp-block-column is-vertically-aligned-center has-color-4-background-color has-background is-layout-flow wp-block-column-is-layout-flow\" style=\"flex-basis:50%\">\n<figure class=\"wp-block-gallery has-nested-images columns-2 is-cropped wp-block-gallery-2 is-layout-flex wp-block-gallery-is-layout-flex\">\n<figure class=\"wp-block-image size-full animated fadeInDown slow\"><a href=\"https:\/\/www.coudoulets.com\/wp-content\/uploads\/2022\/07\/activites-sportives-ruoms.jpg\"><img loading=\"lazy\" decoding=\"async\" width=\"900\" height=\"674\" data-id=\"982\" src=\"https:\/\/www.coudoulets.com\/wp-content\/uploads\/2022\/07\/activites-sportives-ruoms.jpg\" alt=\"activit\u00e9s aquatiques bord de rivi\u00e8re Ard\u00e8che\" class=\"wp-image-982\" srcset=\"https:\/\/www.coudoulets.com\/wp-content\/uploads\/2022\/07\/activites-sportives-ruoms.jpg 900w, https:\/\/www.coudoulets.com\/wp-content\/uploads\/2022\/07\/activites-sportives-ruoms-300x225.jpg 300w, https:\/\/www.coudoulets.com\/wp-content\/uploads\/2022\/07\/activites-sportives-ruoms-768x575.jpg 768w\" sizes=\"auto, (max-width: 900px) 100vw, 900px\" \/><\/a><\/figure>\n\n\n\n<figure class=\"wp-block-image size-full animated fadeInRight delay-100ms slow\"><a href=\"https:\/\/www.coudoulets.com\/wp-content\/uploads\/2022\/08\/canoe-kayak-camping-ardeche.jpg\"><img loading=\"lazy\" decoding=\"async\" width=\"900\" height=\"607\" data-id=\"1216\" src=\"https:\/\/www.coudoulets.com\/wp-content\/uploads\/2022\/08\/canoe-kayak-camping-ardeche.jpg\" alt=\"cano\u00eb kayak camping Ard\u00e8che\" class=\"wp-image-1216\" srcset=\"https:\/\/www.coudoulets.com\/wp-content\/uploads\/2022\/08\/canoe-kayak-camping-ardeche.jpg 900w, https:\/\/www.coudoulets.com\/wp-content\/uploads\/2022\/08\/canoe-kayak-camping-ardeche-300x202.jpg 300w, https:\/\/www.coudoulets.com\/wp-content\/uploads\/2022\/08\/canoe-kayak-camping-ardeche-768x518.jpg 768w\" sizes=\"auto, (max-width: 900px) 100vw, 900px\" \/><\/a><\/figure>\n\n\n\n<figure class=\"wp-block-image size-full animated fadeInUp slow delay-200ms\"><a href=\"https:\/\/www.coudoulets.com\/wp-content\/uploads\/2022\/08\/camping-familiale-bord-de-lardeche.jpg\"><img loading=\"lazy\" decoding=\"async\" width=\"900\" height=\"600\" data-id=\"1220\" src=\"https:\/\/www.coudoulets.com\/wp-content\/uploads\/2022\/08\/camping-familiale-bord-de-lardeche.jpg\" alt=\"camping familiale bord de l'Ard\u00e8che\" class=\"wp-image-1220\" srcset=\"https:\/\/www.coudoulets.com\/wp-content\/uploads\/2022\/08\/camping-familiale-bord-de-lardeche.jpg 900w, https:\/\/www.coudoulets.com\/wp-content\/uploads\/2022\/08\/camping-familiale-bord-de-lardeche-300x200.jpg 300w, https:\/\/www.coudoulets.com\/wp-content\/uploads\/2022\/08\/camping-familiale-bord-de-lardeche-768x512.jpg 768w\" sizes=\"auto, (max-width: 900px) 100vw, 900px\" \/><\/a><\/figure>\n<\/figure>\n<\/div>\n<\/div>\n\n\r\n    <\/div>\r\n<\/section>\n\n<section id=\"ls-section-block_628cec679ea01\" class=\"ls-section  home-fourth cta-interne\" >\r\n        <div class=\"container container--wide\">\r\n        \n\n<div class=\"wp-block-columns is-layout-flex wp-container-core-columns-is-layout-9d6595d7 wp-block-columns-is-layout-flex\">\n<div class=\"wp-block-column is-layout-flow wp-block-column-is-layout-flow\">\n<div id=\"ls-heading ls-titre-div-block_63231a1aef763\" class=\"ls-titre-div aligncenter h2-like\" >\n    Entdecken Sie unseren <strong>Restaurant und Wasserbereich<\/strong><\/div>\n\n\n<div id=\"ls-maillage-block_629869b189dd4\" class=\"ls-maillage cta-style-normal\" data-rows=\"3\">\r\n    <div class=\"wp-block-columns\"><div class=\"wp-block-column\"><div class=\"ls-cta\">\n\n<a href=\"https:\/\/www.coudoulets.com\/de\/campingplatz-aktivitaten-pradons\/\" target=\"\" rel=\"noopener\" class=\"ls-cta__link\">\n\n\t<div class=\"ls-cta__image\"><img decoding=\"async\" src=\"https:\/\/www.coudoulets.com\/wp-content\/uploads\/2022\/07\/activites-sportives-camping-ardeche-768x492.jpg\" alt=\"activit\u00e9s sportives camping ard\u00e8che\"><\/div>\n\t<div class=\"ls-cta__title\">\n\t\tAktivit\u00e4ten \t<\/div>\n\n\t\n<\/a><\/div><\/div><div class=\"wp-block-column\"><div class=\"ls-cta\">\n\n<a href=\"https:\/\/www.coudoulets.com\/de\/campingplatz-schwimmbad-pradons\/\" target=\"\" rel=\"noopener\" class=\"ls-cta__link\">\n\n\t<div class=\"ls-cta__image\"><img decoding=\"async\" src=\"https:\/\/www.coudoulets.com\/wp-content\/uploads\/2022\/10\/coudoulets-piscine-768x576.jpg\" alt=\"piscine coudoulets\"><\/div>\n\t<div class=\"ls-cta__title\">\n\t\tWasserraum\t<\/div>\n\n\t\n<\/a><\/div><\/div><div class=\"wp-block-column\"><div class=\"ls-cta\">\n\n<a href=\"https:\/\/www.coudoulets.com\/de\/campingplatz-gaststatte-pradons\/\" target=\"\" rel=\"noopener\" class=\"ls-cta__link\">\n\n\t<div class=\"ls-cta__image\"><img decoding=\"async\" src=\"https:\/\/www.coudoulets.com\/wp-content\/uploads\/2022\/07\/restaurants-camping-ruoms-768x491.jpg\" alt=\"restaurants camping ruoms\"><\/div>\n\t<div class=\"ls-cta__title\">\n\t\tGastst\u00e4tte\t<\/div>\n\n\t\n<\/a><\/div><\/div><\/div><\/div><\/div>\n<\/div>\n\n\r\n    <\/div>\r\n<\/section>","protected":false},"excerpt":{"rendered":"<p>Direkter Zugang zum Fluss vom Campingplatz in Pradons in der Ard\u00e8che aus<\/p>\n","protected":false},"author":1,"featured_media":3837,"parent":0,"menu_order":0,"comment_status":"closed","ping_status":"closed","template":"","meta":{"_acf_changed":false,"footnotes":""},"sujet":[],"class_list":["post-2929","page","type-page","status-publish","has-post-thumbnail","hentry"],"acf":[],"yoast_head":"<!-- This site is optimized with the Yoast SEO plugin v25.3 - https:\/\/yoast.com\/wordpress\/plugins\/seo\/ -->\n<title>Campingplatz am Flussufer Pradons | Campingplatz Angeln Ard\u00e8che<\/title>\n<meta name=\"robots\" content=\"index, follow, max-snippet:-1, max-image-preview:large, max-video-preview:-1\" \/>\n<link rel=\"canonical\" href=\"https:\/\/www.coudoulets.com\/de\/campingplatz-flussufer-pradons\/\" \/>\n<meta property=\"og:locale\" content=\"de_DE\" \/>\n<meta property=\"og:type\" content=\"article\" \/>\n<meta property=\"og:title\" content=\"Campingplatz am Flussufer Pradons | Campingplatz Angeln Ard\u00e8che\" \/>\n<meta property=\"og:description\" content=\"Direkter Zugang zum Fluss vom Campingplatz in Pradons in der Ard\u00e8che aus\" \/>\n<meta property=\"og:url\" content=\"https:\/\/www.coudoulets.com\/de\/campingplatz-flussufer-pradons\/\" \/>\n<meta property=\"og:site_name\" content=\"Les Coudoulets\" \/>\n<meta property=\"article:modified_time\" content=\"2022-10-19T09:57:49+00:00\" \/>\n<meta property=\"og:image\" content=\"https:\/\/www.coudoulets.com\/wp-content\/uploads\/2022\/08\/camping-bord-de-riviere-pradons.jpg\" \/>\n\t<meta property=\"og:image:width\" content=\"1900\" \/>\n\t<meta property=\"og:image:height\" content=\"802\" \/>\n\t<meta property=\"og:image:type\" content=\"image\/jpeg\" \/>\n<meta name=\"twitter:card\" content=\"summary_large_image\" \/>\n<meta name=\"twitter:label1\" content=\"Gesch\u00e4tzte Lesezeit\" \/>\n\t<meta name=\"twitter:data1\" content=\"4\u00a0Minuten\" \/>\n<script type=\"application\/ld+json\" class=\"yoast-schema-graph\">{\"@context\":\"https:\/\/schema.org\",\"@graph\":[{\"@type\":\"WebPage\",\"@id\":\"https:\/\/www.coudoulets.com\/de\/campingplatz-flussufer-pradons\/\",\"url\":\"https:\/\/www.coudoulets.com\/de\/campingplatz-flussufer-pradons\/\",\"name\":\"Campingplatz am Flussufer Pradons | Campingplatz Angeln Ard\u00e8che\",\"isPartOf\":{\"@id\":\"https:\/\/www.coudoulets.com\/#website\"},\"primaryImageOfPage\":{\"@id\":\"https:\/\/www.coudoulets.com\/de\/campingplatz-flussufer-pradons\/#primaryimage\"},\"image\":{\"@id\":\"https:\/\/www.coudoulets.com\/de\/campingplatz-flussufer-pradons\/#primaryimage\"},\"thumbnailUrl\":\"https:\/\/www.coudoulets.com\/wp-content\/uploads\/2022\/10\/camping-bord-de-riviere-pradons.jpg\",\"datePublished\":\"2022-05-24T08:12:24+00:00\",\"dateModified\":\"2022-10-19T09:57:49+00:00\",\"breadcrumb\":{\"@id\":\"https:\/\/www.coudoulets.com\/de\/campingplatz-flussufer-pradons\/#breadcrumb\"},\"inLanguage\":\"de\",\"potentialAction\":[{\"@type\":\"ReadAction\",\"target\":[\"https:\/\/www.coudoulets.com\/de\/campingplatz-flussufer-pradons\/\"]}]},{\"@type\":\"ImageObject\",\"inLanguage\":\"de\",\"@id\":\"https:\/\/www.coudoulets.com\/de\/campingplatz-flussufer-pradons\/#primaryimage\",\"url\":\"https:\/\/www.coudoulets.com\/wp-content\/uploads\/2022\/10\/camping-bord-de-riviere-pradons.jpg\",\"contentUrl\":\"https:\/\/www.coudoulets.com\/wp-content\/uploads\/2022\/10\/camping-bord-de-riviere-pradons.jpg\",\"width\":1900,\"height\":802,\"caption\":\"camping bord de riviere pradons\"},{\"@type\":\"BreadcrumbList\",\"@id\":\"https:\/\/www.coudoulets.com\/de\/campingplatz-flussufer-pradons\/#breadcrumb\",\"itemListElement\":[{\"@type\":\"ListItem\",\"position\":1,\"name\":\"Campingplatz Ard\u00e8che\",\"item\":\"https:\/\/www.coudoulets.com\/de\/\"},{\"@type\":\"ListItem\",\"position\":2,\"name\":\"Campingplatz am Flussufer in Pradons\"}]},{\"@type\":\"WebSite\",\"@id\":\"https:\/\/www.coudoulets.com\/#website\",\"url\":\"https:\/\/www.coudoulets.com\/\",\"name\":\"Les Coudoulets\",\"description\":\"\",\"publisher\":{\"@id\":\"https:\/\/www.coudoulets.com\/#organization\"},\"potentialAction\":[{\"@type\":\"SearchAction\",\"target\":{\"@type\":\"EntryPoint\",\"urlTemplate\":\"https:\/\/www.coudoulets.com\/?s={search_term_string}\"},\"query-input\":{\"@type\":\"PropertyValueSpecification\",\"valueRequired\":true,\"valueName\":\"search_term_string\"}}],\"inLanguage\":\"de\"},{\"@type\":\"Organization\",\"@id\":\"https:\/\/www.coudoulets.com\/#organization\",\"name\":\"Camping Les Coudoulets\",\"url\":\"https:\/\/www.coudoulets.com\/\",\"logo\":{\"@type\":\"ImageObject\",\"inLanguage\":\"de\",\"@id\":\"https:\/\/www.coudoulets.com\/#\/schema\/logo\/image\/\",\"url\":\"https:\/\/www.coudoulets.com\/wp-content\/uploads\/2022\/05\/cropped-favicon-camping-les-coudoulets.png\",\"contentUrl\":\"https:\/\/www.coudoulets.com\/wp-content\/uploads\/2022\/05\/cropped-favicon-camping-les-coudoulets.png\",\"width\":512,\"height\":512,\"caption\":\"Camping Les Coudoulets\"},\"image\":{\"@id\":\"https:\/\/www.coudoulets.com\/#\/schema\/logo\/image\/\"}}]}<\/script>\n<!-- \/ Yoast SEO plugin. -->","yoast_head_json":{"title":"Campingplatz am Flussufer Pradons | Campingplatz Angeln Ard\u00e8che","robots":{"index":"index","follow":"follow","max-snippet":"max-snippet:-1","max-image-preview":"max-image-preview:large","max-video-preview":"max-video-preview:-1"},"canonical":"https:\/\/www.coudoulets.com\/de\/campingplatz-flussufer-pradons\/","og_locale":"de_DE","og_type":"article","og_title":"Campingplatz am Flussufer Pradons | Campingplatz Angeln Ard\u00e8che","og_description":"Direkter Zugang zum Fluss vom Campingplatz in Pradons in der Ard\u00e8che aus","og_url":"https:\/\/www.coudoulets.com\/de\/campingplatz-flussufer-pradons\/","og_site_name":"Les Coudoulets","article_modified_time":"2022-10-19T09:57:49+00:00","og_image":[{"width":1900,"height":802,"url":"https:\/\/www.coudoulets.com\/wp-content\/uploads\/2022\/08\/camping-bord-de-riviere-pradons.jpg","type":"image\/jpeg"}],"twitter_card":"summary_large_image","twitter_misc":{"Gesch\u00e4tzte Lesezeit":"4\u00a0Minuten"},"schema":{"@context":"https:\/\/schema.org","@graph":[{"@type":"WebPage","@id":"https:\/\/www.coudoulets.com\/de\/campingplatz-flussufer-pradons\/","url":"https:\/\/www.coudoulets.com\/de\/campingplatz-flussufer-pradons\/","name":"Campingplatz am Flussufer Pradons | Campingplatz Angeln Ard\u00e8che","isPartOf":{"@id":"https:\/\/www.coudoulets.com\/#website"},"primaryImageOfPage":{"@id":"https:\/\/www.coudoulets.com\/de\/campingplatz-flussufer-pradons\/#primaryimage"},"image":{"@id":"https:\/\/www.coudoulets.com\/de\/campingplatz-flussufer-pradons\/#primaryimage"},"thumbnailUrl":"https:\/\/www.coudoulets.com\/wp-content\/uploads\/2022\/10\/camping-bord-de-riviere-pradons.jpg","datePublished":"2022-05-24T08:12:24+00:00","dateModified":"2022-10-19T09:57:49+00:00","breadcrumb":{"@id":"https:\/\/www.coudoulets.com\/de\/campingplatz-flussufer-pradons\/#breadcrumb"},"inLanguage":"de","potentialAction":[{"@type":"ReadAction","target":["https:\/\/www.coudoulets.com\/de\/campingplatz-flussufer-pradons\/"]}]},{"@type":"ImageObject","inLanguage":"de","@id":"https:\/\/www.coudoulets.com\/de\/campingplatz-flussufer-pradons\/#primaryimage","url":"https:\/\/www.coudoulets.com\/wp-content\/uploads\/2022\/10\/camping-bord-de-riviere-pradons.jpg","contentUrl":"https:\/\/www.coudoulets.com\/wp-content\/uploads\/2022\/10\/camping-bord-de-riviere-pradons.jpg","width":1900,"height":802,"caption":"camping bord de riviere pradons"},{"@type":"BreadcrumbList","@id":"https:\/\/www.coudoulets.com\/de\/campingplatz-flussufer-pradons\/#breadcrumb","itemListElement":[{"@type":"ListItem","position":1,"name":"Campingplatz Ard\u00e8che","item":"https:\/\/www.coudoulets.com\/de\/"},{"@type":"ListItem","position":2,"name":"Campingplatz am Flussufer in Pradons"}]},{"@type":"WebSite","@id":"https:\/\/www.coudoulets.com\/#website","url":"https:\/\/www.coudoulets.com\/","name":"Les Coudoulets","description":"","publisher":{"@id":"https:\/\/www.coudoulets.com\/#organization"},"potentialAction":[{"@type":"SearchAction","target":{"@type":"EntryPoint","urlTemplate":"https:\/\/www.coudoulets.com\/?s={search_term_string}"},"query-input":{"@type":"PropertyValueSpecification","valueRequired":true,"valueName":"search_term_string"}}],"inLanguage":"de"},{"@type":"Organization","@id":"https:\/\/www.coudoulets.com\/#organization","name":"Camping Les Coudoulets","url":"https:\/\/www.coudoulets.com\/","logo":{"@type":"ImageObject","inLanguage":"de","@id":"https:\/\/www.coudoulets.com\/#\/schema\/logo\/image\/","url":"https:\/\/www.coudoulets.com\/wp-content\/uploads\/2022\/05\/cropped-favicon-camping-les-coudoulets.png","contentUrl":"https:\/\/www.coudoulets.com\/wp-content\/uploads\/2022\/05\/cropped-favicon-camping-les-coudoulets.png","width":512,"height":512,"caption":"Camping Les Coudoulets"},"image":{"@id":"https:\/\/www.coudoulets.com\/#\/schema\/logo\/image\/"}}]}},"_links":{"self":[{"href":"https:\/\/www.coudoulets.com\/de\/wp-json\/wp\/v2\/pages\/2929","targetHints":{"allow":["GET"]}}],"collection":[{"href":"https:\/\/www.coudoulets.com\/de\/wp-json\/wp\/v2\/pages"}],"about":[{"href":"https:\/\/www.coudoulets.com\/de\/wp-json\/wp\/v2\/types\/page"}],"author":[{"embeddable":true,"href":"https:\/\/www.coudoulets.com\/de\/wp-json\/wp\/v2\/users\/1"}],"replies":[{"embeddable":true,"href":"https:\/\/www.coudoulets.com\/de\/wp-json\/wp\/v2\/comments?post=2929"}],"version-history":[{"count":9,"href":"https:\/\/www.coudoulets.com\/de\/wp-json\/wp\/v2\/pages\/2929\/revisions"}],"predecessor-version":[{"id":2966,"href":"https:\/\/www.coudoulets.com\/de\/wp-json\/wp\/v2\/pages\/2929\/revisions\/2966"}],"wp:featuredmedia":[{"embeddable":true,"href":"https:\/\/www.coudoulets.com\/de\/wp-json\/wp\/v2\/media\/3837"}],"wp:attachment":[{"href":"https:\/\/www.coudoulets.com\/de\/wp-json\/wp\/v2\/media?parent=2929"}],"wp:term":[{"taxonomy":"sujet","embeddable":true,"href":"https:\/\/www.coudoulets.com\/de\/wp-json\/wp\/v2\/sujet?post=2929"}],"curies":[{"name":"wp","href":"https:\/\/api.w.org\/{rel}","templated":true}]}}