{"id":3095,"date":"2022-05-24T10:22:51","date_gmt":"2022-05-24T08:22:51","guid":{"rendered":"https:\/\/www.coudoulets.com\/foire-aux-questions\/"},"modified":"2022-10-19T15:20:39","modified_gmt":"2022-10-19T13:20:39","slug":"haufig-gestellte-fragen","status":"publish","type":"page","link":"https:\/\/www.coudoulets.com\/de\/haufig-gestellte-fragen\/","title":{"rendered":"FAQ"},"content":{"rendered":"<section id=\"ls-section-block_62f5183578cd2\" class=\"ls-section \" >\r\n        <div class=\"container \">\r\n        \n\n<h1 class=\"ls__heading has-text-align-center wp-block-heading\">H\u00e4ufig gestellte Fragen zum campingplatz<\/h1>\n\n\n\n<h2 class=\"ls__heading has-text-align-center wp-block-heading\">Alle praktischen Infos<\/h2>\n\n\n\n<p class=\"ls-paragraph has-text-align-center has-color-black-color has-text-color\">Hier finden Sie alle praktischen und n\u00fctzlichen Informationen, Antworten auf die Fragen, die Sie uns am h\u00e4ufigsten stellen.<\/p>\n\n\n\n<p class=\"ls-paragraph has-text-align-center has-color-black-color has-text-color\">Wir stehen Ihnen auch weiterhin zur Verf\u00fcgung, z\u00f6gern Sie nicht, uns unter 04 75 93 94 95 oder per E-Mail zu kontaktieren :\u00a0<a href=\"mailto:camping@coudoulets.com\">camping@coudoulets.com<\/a><\/p>\n\n\r\n    <\/div>\r\n<\/section>\n\n<section id=\"ls-section-block_62f518f178cd3\" class=\"ls-section  has-p-t p-t-0\" >\r\n        <div class=\"container container--wide\">\r\n        \n<div id=\"faq\"><div itemscope=\"\" itemtype=\"https:\/\/schema.org\/FAQPage\"><div class=\"faq__box\"><h2 class=\"ls__heading\">Allgemeine Informationen \u00fcber unseren campingplatz in der Ard\u00e8che<\/h2><div class=\"faq__container\"><div class=\"faq__block\" itemscope=\"\" itemprop=\"mainEntity\" itemtype=\"https:\/\/schema.org\/Question\"><details><summary itemprop=\"name\"><p>Wo befindet sich der campingplatz les Coudoulets?<\/p>\n<i class=\"fas fa-angle-down\"><\/i><\/summary><div itemscope=\"\" itemprop=\"acceptedAnswer\" itemtype=\"https:\/\/schema.org\/Answer\"><div itemprop=\"text\"><p>Der Campingplatz Les Coudoulets liegt im S\u00fcden des Departements Ard\u00e8che, im Dorf Pradons am Ufer des Flusses Ard\u00e8che, 10 km von Vallon Pont d&#8217;Arc und 2 km von Ruoms entfernt.<\/p>\n<\/div><\/div><\/details><\/div><div class=\"faq__block\" itemscope=\"\" itemprop=\"mainEntity\" itemtype=\"https:\/\/schema.org\/Question\"><details><summary itemprop=\"name\"><p>Liegt der campingplatz am Fluss?<\/p>\n<i class=\"fas fa-angle-down\"><\/i><\/summary><div itemscope=\"\" itemprop=\"acceptedAnswer\" itemtype=\"https:\/\/schema.org\/Answer\"><div itemprop=\"text\"><p>Ja, der Campingplatz Les Coudoulets liegt am Ufer der Ard\u00e8che und hat einen direkten Zugang zum Fluss \u00fcber eine Treppe oder einen kleinen Weg. Der Campingplatz liegt oberhalb des Flusses. 26 m \u00fcber dem Wasserspiegel ist der Campingplatz nicht \u00fcberschwemmungsgef\u00e4hrdet.<\/p>\n<\/div><\/div><\/details><\/div><div class=\"faq__block\" itemscope=\"\" itemprop=\"mainEntity\" itemtype=\"https:\/\/schema.org\/Question\"><details><summary itemprop=\"name\"><p>Wie weit sind die n\u00e4chstgelegenen Gesch\u00e4fte entfernt?<\/p>\n<i class=\"fas fa-angle-down\"><\/i><\/summary><div itemscope=\"\" itemprop=\"acceptedAnswer\" itemtype=\"https:\/\/schema.org\/Answer\"><div itemprop=\"text\"><p>Auf dem Campingplatz gibt es ein Depot mit Croissants, Brot, Geb\u00e4ck und Zeitungen, die am Vortag bestellt werden m\u00fcssen.<\/p>\n<p>Ein SPAR-Supermarkt befindet sich in 300 m Entfernung.<\/p>\n<p>In Ruoms (3\/4 km): Alle Gesch\u00e4fte und ein Supermarkt Super U.<\/p>\n<\/div><\/div><\/details><\/div><div class=\"faq__block\" itemscope=\"\" itemprop=\"mainEntity\" itemtype=\"https:\/\/schema.org\/Question\"><details><summary itemprop=\"name\"><p>Kann man problemlos mit dem Fahrrad fahren?<\/p>\n<i class=\"fas fa-angle-down\"><\/i><\/summary><div itemscope=\"\" itemprop=\"acceptedAnswer\" itemtype=\"https:\/\/schema.org\/Answer\"><div itemprop=\"text\"><p>Ein gr\u00fcner Weg (die Via Ard\u00e8che f\u00fcr Radfahrer und Fu\u00dfg\u00e4nger) verbindet Pradons mit Ruoms, dann Grospierres und Saint Paul le Jeune auf der einen Seite, Balazuc Vog\u00fce und Saint Sernin auf der anderen Seite, d. h. mehr als 30 km Rad- und Fu\u00dfg\u00e4ngerweg.<br \/>\nDer Start dieses gr\u00fcnen Weges ist 200m vom campingplatz entfernt.<\/p>\n<\/div><\/div><\/details><\/div><div class=\"faq__block\" itemscope=\"\" itemprop=\"mainEntity\" itemtype=\"https:\/\/schema.org\/Question\"><details><summary itemprop=\"name\"><p>Wie kann man buchen?<\/p>\n<i class=\"fas fa-angle-down\"><\/i><\/summary><div itemscope=\"\" itemprop=\"acceptedAnswer\" itemtype=\"https:\/\/schema.org\/Answer\"><div itemprop=\"text\"><p>Sie k\u00f6nnen Ihre Buchung online vornehmen, indem Sie die Daten Ihres Aufenthalts und das Modell der Unterkunft angeben.<\/p>\n<p>Sie k\u00f6nnen uns auch per E-Mail (camping@coudoulets.com) oder telefonisch (04\/75\/93\/94\/95) kontaktieren, um unsere Verf\u00fcgbarkeit zu pr\u00fcfen. Sie erhalten dann einen Vertrag per E-Mail oder Post.<\/p>\n<p>Sobald wir Ihre Unterlagen erhalten haben, wird Ihnen eine endg\u00fcltige Buchungsbest\u00e4tigung zugesandt.<\/p>\n<\/div><\/div><\/details><\/div><div class=\"faq__block\" itemscope=\"\" itemprop=\"mainEntity\" itemtype=\"https:\/\/schema.org\/Question\"><details><summary itemprop=\"name\"><p>Kann man eine Reiser\u00fccktrittsversicherung abschlie\u00dfen?<\/p>\n<i class=\"fas fa-angle-down\"><\/i><\/summary><div itemscope=\"\" itemprop=\"acceptedAnswer\" itemtype=\"https:\/\/schema.org\/Answer\"><div itemprop=\"text\"><p>Die Reiser\u00fccktrittsversicherung ist optional. Sie kann bei der Buchung abgeschlossen werden.<\/p>\n<p>Sie garantiert dem Abonnenten und den f\u00fcr den Aufenthalt angemeldeten Personen die R\u00fcckerstattung im Falle einer Stornierung aufgrund einer schweren Krankheit, eines schweren Unfalls, eines Todesfalls oder einer Entlassung aus wirtschaftlichen Gr\u00fcnden (siehe Allgemeine Bedingungen der Stornierungsversicherung).<\/p>\n<\/div><\/div><\/details><\/div><div class=\"faq__block\" itemscope=\"\" itemprop=\"mainEntity\" itemtype=\"https:\/\/schema.org\/Question\"><details><summary itemprop=\"name\"><p>Wann muss der Restbetrag f\u00fcr den Aufenthalt bezahlt werden?<\/p>\n<i class=\"fas fa-angle-down\"><\/i><\/summary><div itemscope=\"\" itemprop=\"acceptedAnswer\" itemtype=\"https:\/\/schema.org\/Answer\"><div itemprop=\"text\"><p>Der Restbetrag f\u00fcr den Aufenthalt muss 30 Tage vor Ihrer Ankunft bezahlt werden, wenn Sie eine Mietunterkunft buchen, und am Tag Ihrer Ankunft, wenn Sie einen Campingplatz buchen.<\/p>\n<\/div><\/div><\/details><\/div><div class=\"faq__block\" itemscope=\"\" itemprop=\"mainEntity\" itemtype=\"https:\/\/schema.org\/Question\"><details><summary itemprop=\"name\"><p>Welche Zahlungsmittel werden akzeptiert?<\/p>\n<i class=\"fas fa-angle-down\"><\/i><\/summary><div itemscope=\"\" itemprop=\"acceptedAnswer\" itemtype=\"https:\/\/schema.org\/Answer\"><div itemprop=\"text\"><p>Wir akzeptieren Schecks von franz\u00f6sischen Banken, Bankkarten, Bargeld und Ferienschecks f\u00fcr die Bezahlung auf dem Campingplatz und in der Gastst\u00e4tte.<\/p>\n<p>Vor dem Aufenthalt k\u00f6nnen Sie die Anzahlung und den Restbetrag auch per Bank\u00fcberweisung bezahlen.<\/p>\n<\/div><\/div><\/details><\/div><div class=\"faq__block\" itemscope=\"\" itemprop=\"mainEntity\" itemtype=\"https:\/\/schema.org\/Question\"><details><summary itemprop=\"name\"><p>Kann ich bei der Buchung eine Stellplatznummer ausw\u00e4hlen?<\/p>\n<i class=\"fas fa-angle-down\"><\/i><\/summary><div itemscope=\"\" itemprop=\"acceptedAnswer\" itemtype=\"https:\/\/schema.org\/Answer\"><div itemprop=\"text\"><p>Sie k\u00f6nnen uns bei der Buchung Ihre W\u00fcnsche mitteilen, und wir tun unser Bestes, um einen Platz auszuw\u00e4hlen, der Ihren Vorlieben entspricht.<\/p>\n<\/div><\/div><\/details><\/div><div class=\"faq__block\" itemscope=\"\" itemprop=\"mainEntity\" itemtype=\"https:\/\/schema.org\/Question\"><details><summary itemprop=\"name\"><p>Welche Steckdosen und Verl\u00e4ngerungskabel sollten Sie einplanen?<\/p>\n<i class=\"fas fa-angle-down\"><\/i><\/summary><div itemscope=\"\" itemprop=\"acceptedAnswer\" itemtype=\"https:\/\/schema.org\/Answer\"><div itemprop=\"text\"><p>Die Stroms\u00e4ulen fassen mehrere Stellpl\u00e4tze zusammen, daher ist es ratsam, ein Verl\u00e4ngerungskabel von etwa 25 Metern mitzubringen.<\/p>\n<p>Die Steckdosen sind entweder europ\u00e4isch oder franz\u00f6sisch, je nachdem, in welchem Stadtteil der campingplatz liegt.<\/p>\n<p>Alle Steckdosen haben eine Kapazit\u00e4t von 16 Ampere.<\/p>\n<\/div><\/div><\/details><\/div><div class=\"faq__block\" itemscope=\"\" itemprop=\"mainEntity\" itemtype=\"https:\/\/schema.org\/Question\"><details><summary itemprop=\"name\"><p>Sind Badeshorts im Schwimmbad erlaubt?<\/p>\n<i class=\"fas fa-angle-down\"><\/i><\/summary><div itemscope=\"\" itemprop=\"acceptedAnswer\" itemtype=\"https:\/\/schema.org\/Answer\"><div itemprop=\"text\"><p>Nein, nur Badeslips oder Boxershorts sind erlaubt.<\/p>\n<\/div><\/div><\/details><\/div><div class=\"faq__block\" itemscope=\"\" itemprop=\"mainEntity\" itemtype=\"https:\/\/schema.org\/Question\"><details><summary itemprop=\"name\"><p>Sind Grillen und Barbecues erlaubt?<\/p>\n<i class=\"fas fa-angle-down\"><\/i><\/summary><div itemscope=\"\" itemprop=\"acceptedAnswer\" itemtype=\"https:\/\/schema.org\/Answer\"><div itemprop=\"text\"><p>Holz- und Kohlegrills sind auf den Stellpl\u00e4tzen verboten.<\/p>\n<p>Ein Gemeinschaftsgrill steht Ihnen in der N\u00e4he der Rezeption zur Verf\u00fcgung. (Bringen Sie Ihre eigene Holzkohle mit). Gas- und Elektrogrills sind erlaubt.<\/p>\n<\/div><\/div><\/details><\/div><div class=\"faq__block\" itemscope=\"\" itemprop=\"mainEntity\" itemtype=\"https:\/\/schema.org\/Question\"><details><summary itemprop=\"name\"><p>Ist der Pool beheizt?<\/p>\n<i class=\"fas fa-angle-down\"><\/i><\/summary><div itemscope=\"\" itemprop=\"acceptedAnswer\" itemtype=\"https:\/\/schema.org\/Answer\"><div itemprop=\"text\"><p>Der gesamte Wasserbereich ist ab der Er\u00f6ffnung des campingplatzes in Betrieb.<\/p>\n<p>Das Hallenbad ist ab der Er\u00f6ffnung des campingplatzes beheizt (27\u00b0).<\/p>\n<p>Der Wasserbereich im Freien ist ebenfalls beheizt (die Wassertemperatur h\u00e4ngt jedoch auch von der Au\u00dfentemperatur ab &#8230;).<\/p>\n<p>Das Schwimmbad ist von 10:00 bis 20:00 Uhr ge\u00f6ffnet.<\/p>\n<\/div><\/div><\/details><\/div><div class=\"faq__block\" itemscope=\"\" itemprop=\"mainEntity\" itemtype=\"https:\/\/schema.org\/Question\"><details><summary itemprop=\"name\"><p>Sind Besucher zugelassen?<\/p>\n<i class=\"fas fa-angle-down\"><\/i><\/summary><div itemscope=\"\" itemprop=\"acceptedAnswer\" itemtype=\"https:\/\/schema.org\/Answer\"><div itemprop=\"text\"><p>Besucher sind auf dem Campingplatz unter der Verantwortung der Camper, die sie empfangen, zugelassen. Besucher m\u00fcssen eine Geb\u00fchr entrichten (siehe g\u00fcltiger Tarif).<\/p>\n<p>Sie m\u00fcssen sich vor dem Betreten des Gel\u00e4ndes beim Empfangsb\u00fcro melden, ihr Fahrzeug bleibt auf dem Au\u00dfenparkplatz stehen.<\/p>\n<p>Besucher haben keinen Zugang zum Wasserbereich.<\/p>\n<\/div><\/div><\/details><\/div><div class=\"faq__block\" itemscope=\"\" itemprop=\"mainEntity\" itemtype=\"https:\/\/schema.org\/Question\"><details><summary itemprop=\"name\"><p>Wie gro\u00df ist die Aufnahmekapazit\u00e4t der Unterk\u00fcnfte?<\/p>\n<i class=\"fas fa-angle-down\"><\/i><\/summary><div itemscope=\"\" itemprop=\"acceptedAnswer\" itemtype=\"https:\/\/schema.org\/Answer\"><div itemprop=\"text\"><p>Die Mobilheime bieten Platz f\u00fcr eine bis maximal 5 Personen (Kinder und Baby inbegriffen).<\/p>\n<p>Die Campingpl\u00e4tze bieten Platz f\u00fcr eine bis sechs Personen (einschlie\u00dflich Kinder und Baby).<\/p>\n<p>In den kanadischen Zelten k\u00f6nnen je nach Zelttyp 2 bis 3 Personen untergebracht werden.<\/p>\n<p>F\u00fcr alle Unterk\u00fcnfte und Stellpl\u00e4tze gilt, dass nur ein Fahrzeug auf dem campingplatz zugelassen ist.<\/p>\n<\/div><\/div><\/details><\/div><div class=\"faq__block\" itemscope=\"\" itemprop=\"mainEntity\" itemtype=\"https:\/\/schema.org\/Question\"><details><summary itemprop=\"name\"><p>Sind Sie von VACAF zugelassen?<\/p>\n<i class=\"fas fa-angle-down\"><\/i><\/summary><div itemscope=\"\" itemprop=\"acceptedAnswer\" itemtype=\"https:\/\/schema.org\/Answer\"><div itemprop=\"text\"><p>Nein, wir sind nicht VACAF-zertifiziert.<\/p>\n<\/div><\/div><\/details><\/div><\/div><\/div><\/div><\/div>\n\r\n    <\/div>\r\n<\/section>","protected":false},"excerpt":{"rendered":"","protected":false},"author":1,"featured_media":0,"parent":0,"menu_order":0,"comment_status":"closed","ping_status":"closed","template":"","meta":{"_acf_changed":false,"footnotes":""},"sujet":[],"class_list":["post-3095","page","type-page","status-publish","hentry"],"acf":[],"yoast_head":"<!-- This site is optimized with the Yoast SEO plugin v25.3 - https:\/\/yoast.com\/wordpress\/plugins\/seo\/ -->\n<title>H\u00e4ufig gestellte Fragen Pradons | FAQ Campingplatz<\/title>\n<meta name=\"robots\" content=\"index, follow, max-snippet:-1, max-image-preview:large, max-video-preview:-1\" \/>\n<link rel=\"canonical\" href=\"https:\/\/www.coudoulets.com\/de\/haufig-gestellte-fragen\/\" \/>\n<meta property=\"og:locale\" content=\"de_DE\" \/>\n<meta property=\"og:type\" content=\"article\" \/>\n<meta property=\"og:title\" content=\"H\u00e4ufig gestellte Fragen Pradons | FAQ Campingplatz\" \/>\n<meta property=\"og:url\" content=\"https:\/\/www.coudoulets.com\/de\/haufig-gestellte-fragen\/\" \/>\n<meta property=\"og:site_name\" content=\"Les Coudoulets\" \/>\n<meta property=\"article:modified_time\" content=\"2022-10-19T13:20:39+00:00\" \/>\n<meta name=\"twitter:card\" content=\"summary_large_image\" \/>\n<meta name=\"twitter:label1\" content=\"Gesch\u00e4tzte Lesezeit\" \/>\n\t<meta name=\"twitter:data1\" content=\"1\u00a0Minute\" \/>\n<script type=\"application\/ld+json\" class=\"yoast-schema-graph\">{\"@context\":\"https:\/\/schema.org\",\"@graph\":[{\"@type\":\"WebPage\",\"@id\":\"https:\/\/www.coudoulets.com\/de\/haufig-gestellte-fragen\/\",\"url\":\"https:\/\/www.coudoulets.com\/de\/haufig-gestellte-fragen\/\",\"name\":\"H\u00e4ufig gestellte Fragen Pradons | FAQ Campingplatz\",\"isPartOf\":{\"@id\":\"https:\/\/www.coudoulets.com\/#website\"},\"datePublished\":\"2022-05-24T08:22:51+00:00\",\"dateModified\":\"2022-10-19T13:20:39+00:00\",\"breadcrumb\":{\"@id\":\"https:\/\/www.coudoulets.com\/de\/haufig-gestellte-fragen\/#breadcrumb\"},\"inLanguage\":\"de\",\"potentialAction\":[{\"@type\":\"ReadAction\",\"target\":[\"https:\/\/www.coudoulets.com\/de\/haufig-gestellte-fragen\/\"]}]},{\"@type\":\"BreadcrumbList\",\"@id\":\"https:\/\/www.coudoulets.com\/de\/haufig-gestellte-fragen\/#breadcrumb\",\"itemListElement\":[{\"@type\":\"ListItem\",\"position\":1,\"name\":\"Campingplatz Ard\u00e8che\",\"item\":\"https:\/\/www.coudoulets.com\/de\/\"},{\"@type\":\"ListItem\",\"position\":2,\"name\":\"FAQ\"}]},{\"@type\":\"WebSite\",\"@id\":\"https:\/\/www.coudoulets.com\/#website\",\"url\":\"https:\/\/www.coudoulets.com\/\",\"name\":\"Les Coudoulets\",\"description\":\"\",\"publisher\":{\"@id\":\"https:\/\/www.coudoulets.com\/#organization\"},\"potentialAction\":[{\"@type\":\"SearchAction\",\"target\":{\"@type\":\"EntryPoint\",\"urlTemplate\":\"https:\/\/www.coudoulets.com\/?s={search_term_string}\"},\"query-input\":{\"@type\":\"PropertyValueSpecification\",\"valueRequired\":true,\"valueName\":\"search_term_string\"}}],\"inLanguage\":\"de\"},{\"@type\":\"Organization\",\"@id\":\"https:\/\/www.coudoulets.com\/#organization\",\"name\":\"Camping Les Coudoulets\",\"url\":\"https:\/\/www.coudoulets.com\/\",\"logo\":{\"@type\":\"ImageObject\",\"inLanguage\":\"de\",\"@id\":\"https:\/\/www.coudoulets.com\/#\/schema\/logo\/image\/\",\"url\":\"https:\/\/www.coudoulets.com\/wp-content\/uploads\/2022\/05\/cropped-favicon-camping-les-coudoulets.png\",\"contentUrl\":\"https:\/\/www.coudoulets.com\/wp-content\/uploads\/2022\/05\/cropped-favicon-camping-les-coudoulets.png\",\"width\":512,\"height\":512,\"caption\":\"Camping Les Coudoulets\"},\"image\":{\"@id\":\"https:\/\/www.coudoulets.com\/#\/schema\/logo\/image\/\"}}]}<\/script>\n<!-- \/ Yoast SEO plugin. -->","yoast_head_json":{"title":"H\u00e4ufig gestellte Fragen Pradons | FAQ Campingplatz","robots":{"index":"index","follow":"follow","max-snippet":"max-snippet:-1","max-image-preview":"max-image-preview:large","max-video-preview":"max-video-preview:-1"},"canonical":"https:\/\/www.coudoulets.com\/de\/haufig-gestellte-fragen\/","og_locale":"de_DE","og_type":"article","og_title":"H\u00e4ufig gestellte Fragen Pradons | FAQ Campingplatz","og_url":"https:\/\/www.coudoulets.com\/de\/haufig-gestellte-fragen\/","og_site_name":"Les Coudoulets","article_modified_time":"2022-10-19T13:20:39+00:00","twitter_card":"summary_large_image","twitter_misc":{"Gesch\u00e4tzte Lesezeit":"1\u00a0Minute"},"schema":{"@context":"https:\/\/schema.org","@graph":[{"@type":"WebPage","@id":"https:\/\/www.coudoulets.com\/de\/haufig-gestellte-fragen\/","url":"https:\/\/www.coudoulets.com\/de\/haufig-gestellte-fragen\/","name":"H\u00e4ufig gestellte Fragen Pradons | FAQ Campingplatz","isPartOf":{"@id":"https:\/\/www.coudoulets.com\/#website"},"datePublished":"2022-05-24T08:22:51+00:00","dateModified":"2022-10-19T13:20:39+00:00","breadcrumb":{"@id":"https:\/\/www.coudoulets.com\/de\/haufig-gestellte-fragen\/#breadcrumb"},"inLanguage":"de","potentialAction":[{"@type":"ReadAction","target":["https:\/\/www.coudoulets.com\/de\/haufig-gestellte-fragen\/"]}]},{"@type":"BreadcrumbList","@id":"https:\/\/www.coudoulets.com\/de\/haufig-gestellte-fragen\/#breadcrumb","itemListElement":[{"@type":"ListItem","position":1,"name":"Campingplatz Ard\u00e8che","item":"https:\/\/www.coudoulets.com\/de\/"},{"@type":"ListItem","position":2,"name":"FAQ"}]},{"@type":"WebSite","@id":"https:\/\/www.coudoulets.com\/#website","url":"https:\/\/www.coudoulets.com\/","name":"Les Coudoulets","description":"","publisher":{"@id":"https:\/\/www.coudoulets.com\/#organization"},"potentialAction":[{"@type":"SearchAction","target":{"@type":"EntryPoint","urlTemplate":"https:\/\/www.coudoulets.com\/?s={search_term_string}"},"query-input":{"@type":"PropertyValueSpecification","valueRequired":true,"valueName":"search_term_string"}}],"inLanguage":"de"},{"@type":"Organization","@id":"https:\/\/www.coudoulets.com\/#organization","name":"Camping Les Coudoulets","url":"https:\/\/www.coudoulets.com\/","logo":{"@type":"ImageObject","inLanguage":"de","@id":"https:\/\/www.coudoulets.com\/#\/schema\/logo\/image\/","url":"https:\/\/www.coudoulets.com\/wp-content\/uploads\/2022\/05\/cropped-favicon-camping-les-coudoulets.png","contentUrl":"https:\/\/www.coudoulets.com\/wp-content\/uploads\/2022\/05\/cropped-favicon-camping-les-coudoulets.png","width":512,"height":512,"caption":"Camping Les Coudoulets"},"image":{"@id":"https:\/\/www.coudoulets.com\/#\/schema\/logo\/image\/"}}]}},"_links":{"self":[{"href":"https:\/\/www.coudoulets.com\/de\/wp-json\/wp\/v2\/pages\/3095","targetHints":{"allow":["GET"]}}],"collection":[{"href":"https:\/\/www.coudoulets.com\/de\/wp-json\/wp\/v2\/pages"}],"about":[{"href":"https:\/\/www.coudoulets.com\/de\/wp-json\/wp\/v2\/types\/page"}],"author":[{"embeddable":true,"href":"https:\/\/www.coudoulets.com\/de\/wp-json\/wp\/v2\/users\/1"}],"replies":[{"embeddable":true,"href":"https:\/\/www.coudoulets.com\/de\/wp-json\/wp\/v2\/comments?post=3095"}],"version-history":[{"count":1,"href":"https:\/\/www.coudoulets.com\/de\/wp-json\/wp\/v2\/pages\/3095\/revisions"}],"predecessor-version":[{"id":3099,"href":"https:\/\/www.coudoulets.com\/de\/wp-json\/wp\/v2\/pages\/3095\/revisions\/3099"}],"wp:attachment":[{"href":"https:\/\/www.coudoulets.com\/de\/wp-json\/wp\/v2\/media?parent=3095"}],"wp:term":[{"taxonomy":"sujet","embeddable":true,"href":"https:\/\/www.coudoulets.com\/de\/wp-json\/wp\/v2\/sujet?post=3095"}],"curies":[{"name":"wp","href":"https:\/\/api.w.org\/{rel}","templated":true}]}}