{"id":3219,"date":"2022-05-24T10:09:45","date_gmt":"2022-05-24T08:09:45","guid":{"rendered":"https:\/\/www.coudoulets.com\/camping-ecologie-pradons\/"},"modified":"2023-06-22T14:11:21","modified_gmt":"2023-06-22T12:11:21","slug":"campingplatz-okologie-pradons","status":"publish","type":"page","link":"https:\/\/www.coudoulets.com\/de\/campingplatz-okologie-pradons\/","title":{"rendered":"Qualit\u00e9 et environnement"},"content":{"rendered":"\n<h1 class=\"ls__heading wp-block-heading has-text-align-center\">Campingplatz mit den G\u00fctesiegeln &#8222;Camping Qualit\u00e9&#8220; in der Ard\u00e8che<\/h1>\n\n\n<section id=\"ls-section-block_f03e2e0ada5031849b036586225c8f8f\" class=\"ls-section  home-first page-one\" >\r\n        <div class=\"container container--wide\">\r\n        \n\n<div class=\"wp-block-columns are-vertically-aligned-center is-layout-flex wp-container-core-columns-is-layout-9d6595d7 wp-block-columns-is-layout-flex\">\n<div class=\"wp-block-column is-vertically-aligned-center temoignages-haut animated fadeInLeft slow is-layout-flow wp-block-column-is-layout-flow\" style=\"flex-basis:50%\"><div class=\"wp-block-image\">\n<figure class=\"aligncenter size-full\"><img loading=\"lazy\" decoding=\"async\" width=\"512\" height=\"512\" src=\"https:\/\/www.coudoulets.com\/wp-content\/uploads\/2022\/05\/sea.png\" alt=\"Illustration rivi\u00e8re Ard\u00e8che Camping les Coudoulets\" class=\"wp-image-446\" srcset=\"https:\/\/www.coudoulets.com\/wp-content\/uploads\/2022\/05\/sea.png 512w, https:\/\/www.coudoulets.com\/wp-content\/uploads\/2022\/05\/sea-300x300.png 300w, https:\/\/www.coudoulets.com\/wp-content\/uploads\/2022\/05\/sea-150x150.png 150w\" sizes=\"auto, (max-width: 512px) 100vw, 512px\" \/><\/figure>\n<\/div>\n\n\n<h2 class=\"ls__heading wp-block-heading\"><strong>5 prim\u00e4re Qualit\u00e4tskriterien<\/strong><\/h2>\n\n\n\n<p class=\"ls-paragraph\">Der <a href=\"\/de\/\">campingplatz les Coudoulets<\/a> ist seit 2008 mit den G\u00fctesiegeln &#8222;Camping Qualit\u00e9&#8220; (Qualit\u00e4tscamping) ausgezeichnet.<\/p>\n\n\n\n<p class=\"ls-paragraph\">Als Mitglied der Charta &#8222;Camping Qualit\u00e9&#8220; ausgezeichnet, sind wir um die Qualit\u00e4t Ihres Aufenthalts und Ihrer Umwelt bem\u00fcht.<\/p>\n\n\n\n<p class=\"ls-paragraph\">Qualit\u00e4t dr\u00fcckt sich in 5 Kriterien aus:<\/p>\n\n\n\n<ul class=\"ls-list wp-block-list\"><li>Ein <strong>herzlicher Empfang<\/strong> soll dazu beitragen, Ihnen einen angenehmen und geselligen Aufenthalt zu erm\u00f6glichen.<\/li><li><strong>Tadellose Sauberkeit<\/strong> an jedem Ort des campingplatzes.<\/li><li>Genaue und wahrheitsgetreue Informationen. Wir verpflichten uns, Ihnen vollst\u00e4ndige und detaillierte Informationen \u00fcber unsere Einrichtung, Dienstleistungen, Aktivit\u00e4ten und Preise zur Verf\u00fcgung zu stellen.<\/li><li>Wir bem\u00fchen uns, Ihnen einen gepflegten privaten Stellplatz zu bieten und die gr\u00f6\u00dftm\u00f6gliche Ruhe auf dem Grundst\u00fcck zu garantieren.<\/li><li>Wir setzen uns f\u00fcr eine <strong>aufgewertete <\/strong>und <strong>respektierte <\/strong>Umwelt ein.<\/li><\/ul>\n\n\n\n<p class=\"ls-paragraph\">Landschaftsgestaltung und <strong>Energieeinsparung <\/strong>sind eine unserer Priorit\u00e4ten.<br>Wir begr\u00fc\u00dfen Sie in der s\u00fcdlichen Ard\u00e8che in einem privilegierten Raum, so dass wir der Umwelt einen wichtigen Platz einr\u00e4umen.<\/p>\n\n\n\n<p class=\"ls-paragraph\">Jedes Jahr versuchen wir, auch mit Ihnen besser zu werden, die Natur wird es uns danken!<\/p>\n<\/div>\n\n\n\n<div class=\"wp-block-column is-vertically-aligned-center has-color-4-background-color has-background is-layout-flow wp-block-column-is-layout-flow\" style=\"flex-basis:50%\">\n<figure class=\"wp-block-gallery has-nested-images columns-2 is-cropped wp-block-gallery-1 is-layout-flex wp-block-gallery-is-layout-flex\">\n<figure class=\"wp-block-image size-full animated fadeInDown slow\"><a href=\"https:\/\/www.coudoulets.com\/wp-content\/uploads\/2022\/08\/camping-ecologique-ruoms.jpg\"><img loading=\"lazy\" decoding=\"async\" width=\"900\" height=\"575\" data-id=\"1059\" src=\"https:\/\/www.coudoulets.com\/wp-content\/uploads\/2022\/08\/camping-ecologique-ruoms.jpg\" alt=\"camping \u00e9cologique ruoms\" class=\"wp-image-1059\" srcset=\"https:\/\/www.coudoulets.com\/wp-content\/uploads\/2022\/08\/camping-ecologique-ruoms.jpg 900w, https:\/\/www.coudoulets.com\/wp-content\/uploads\/2022\/08\/camping-ecologique-ruoms-300x192.jpg 300w, https:\/\/www.coudoulets.com\/wp-content\/uploads\/2022\/08\/camping-ecologique-ruoms-768x491.jpg 768w\" sizes=\"auto, (max-width: 900px) 100vw, 900px\" \/><\/a><\/figure>\n\n\n\n<figure class=\"wp-block-image size-full animated fadeInRight slow delay-100ms\"><a href=\"https:\/\/www.coudoulets.com\/wp-content\/uploads\/2022\/08\/camping-ecologique-pradons.jpg\"><img loading=\"lazy\" decoding=\"async\" width=\"900\" height=\"575\" data-id=\"1071\" src=\"https:\/\/www.coudoulets.com\/wp-content\/uploads\/2022\/08\/camping-ecologique-pradons.jpg\" alt=\"camping \u00e9cologique pradons\" class=\"wp-image-1071\" srcset=\"https:\/\/www.coudoulets.com\/wp-content\/uploads\/2022\/08\/camping-ecologique-pradons.jpg 900w, https:\/\/www.coudoulets.com\/wp-content\/uploads\/2022\/08\/camping-ecologique-pradons-300x192.jpg 300w, https:\/\/www.coudoulets.com\/wp-content\/uploads\/2022\/08\/camping-ecologique-pradons-768x491.jpg 768w\" sizes=\"auto, (max-width: 900px) 100vw, 900px\" \/><\/a><\/figure>\n\n\n\n<figure class=\"wp-block-image size-full animated fadeInUp slow delay-200ms\"><a href=\"https:\/\/www.coudoulets.com\/wp-content\/uploads\/2022\/08\/camping-ecologique-vallon-pont-darc.jpg\"><img loading=\"lazy\" decoding=\"async\" width=\"900\" height=\"574\" data-id=\"1063\" src=\"https:\/\/www.coudoulets.com\/wp-content\/uploads\/2022\/08\/camping-ecologique-vallon-pont-darc.jpg\" alt=\"camping \u00e9cologique vallon pont d'arc\" class=\"wp-image-1063\" srcset=\"https:\/\/www.coudoulets.com\/wp-content\/uploads\/2022\/08\/camping-ecologique-vallon-pont-darc.jpg 900w, https:\/\/www.coudoulets.com\/wp-content\/uploads\/2022\/08\/camping-ecologique-vallon-pont-darc-300x191.jpg 300w, https:\/\/www.coudoulets.com\/wp-content\/uploads\/2022\/08\/camping-ecologique-vallon-pont-darc-768x490.jpg 768w\" sizes=\"auto, (max-width: 900px) 100vw, 900px\" \/><\/a><\/figure>\n<\/figure>\n<\/div>\n<\/div>\n\n\r\n    <\/div>\r\n<\/section>\n\n<section id=\"ls-section-block_41eb736773133dcc4b1f06475dc3941f\" class=\"ls-section  home-third fade-background page-two has-background-image\" >\r\n    <div class=\"ls-section__background-image opacity-100\"><img decoding=\"async\" src=\"https:\/\/www.coudoulets.com\/wp-content\/uploads\/2022\/08\/camping-ecologique-ardeche.jpg\" alt=\"camping \u00e9cologique ard\u00e8che\"><\/div>    <div class=\"container container--wide\">\r\n        \n\n<div class=\"wp-block-columns is-layout-flex wp-container-core-columns-is-layout-9d6595d7 wp-block-columns-is-layout-flex\">\n<div class=\"wp-block-column is-layout-flow wp-block-column-is-layout-flow\" style=\"flex-basis:40%\"><\/div>\n\n\n\n<div class=\"wp-block-column is-vertically-aligned-center animated fadeInRight slow is-layout-flow wp-block-column-is-layout-flow\" style=\"flex-basis:60%\">\n<div class=\"wp-block-columns are-vertically-aligned-center is-layout-flex wp-container-core-columns-is-layout-9d6595d7 wp-block-columns-is-layout-flex\">\n<div class=\"wp-block-column is-vertically-aligned-center is-layout-flow wp-block-column-is-layout-flow\" style=\"flex-basis:150px\"><\/div>\n\n\n\n<div class=\"wp-block-column is-vertically-aligned-center is-layout-flow wp-block-column-is-layout-flow\">\n<h2 class=\"ls__heading wp-block-heading\"><strong>Die Auszeichnung &#8222;Cl\u00e9 Verte&#8220;: unsere \u00f6kologischen Ma\u00dfnahmen<\/strong><\/h2>\n\n\n\n<p class=\"ls-paragraph\">Der campingplatz les Coudoulets tr\u00e4gt seit 2006 das Label &#8222;Cl\u00e9 Verte&#8220; (Gr\u00fcner Schl\u00fcssel). Hier sind einige Beispiele f\u00fcr unseren <strong>Umweltansatz <\/strong>:<\/p>\n\n\n\n<ul class=\"ls-list ls-list-undefined has-color-white-color has-text-color wp-block-list\">\n<li>Das Wasser in den Sanit\u00e4ranlagen wird mit<strong> Solarenergie erw\u00e4rmt<\/strong>.<\/li>\n\n\n\n<li>Das Wasser im Pool wird von einer <strong>W\u00e4rmepumpe erw\u00e4rmt<\/strong>.<\/li>\n\n\n\n<li>Wir bewegen uns mit Elektroautos \u00fcber den campingplatz.<\/li>\n\n\n\n<li>Wir pflanzen jedes Jahr viele einheimische <strong>B\u00e4ume <\/strong>und <strong>Str\u00e4ucher<\/strong>.<\/li>\n\n\n\n<li>Die M\u00fclltrennung (Papier, Glas, Verpackungen, Batterien, Alt\u00f6l) wird organisiert.Les sanitaires disposent de <strong>robinets thermostatiques<\/strong>.<\/li>\n\n\n\n<li>Wir fordern Sie mit Hinweisschildern auf, Wasser- und Stromverschwendung zu vermeiden.<\/li>\n\n\n\n<li>Ein <strong>unterirdischer <\/strong>Tank sammelt das Regenwasser von den D\u00e4chern der Bar und der Rezeption, um damit die Anpflanzungen zu bew\u00e4ssern.<\/li>\n<\/ul>\n\n\n\n<p class=\"ls-paragraph\">Wir verwenden nach dem Beschneiden und Aus\u00e4sten einen H\u00e4cksler f\u00fcr \u00c4ste. Das H\u00e4ckselgut dient uns dann zum Mulchen der Anpflanzungen und als Kompost.<\/p>\n<\/div>\n<\/div>\n<\/div>\n<\/div>\n\n\r\n    <\/div>\r\n<\/section>\n\n<section id=\"ls-section-block_461de3f34174d5b88707cca94c12d416\" class=\"ls-section  home-fourth cta-interne\" >\r\n        <div class=\"container container--wide\">\r\n        \n\n<div class=\"wp-block-columns is-layout-flex wp-container-core-columns-is-layout-9d6595d7 wp-block-columns-is-layout-flex\">\n<div class=\"wp-block-column is-layout-flow wp-block-column-is-layout-flow\">\n<div id=\"ls-heading ls-titre-div-block_a047a1ca18561d876f9291d511c17d1e\" class=\"ls-titre-div aligncenter h2-like\" >\n    Die <strong>Dienste<\/strong>, die <strong>Gastst\u00e4tte<\/strong> und die <strong>Aktivit\u00e4ten<\/strong><\/div>\n\n\n<div id=\"ls-maillage-block_0f387cab55086476efcbda0d79a1ed6b\" class=\"ls-maillage cta-style-normal\" data-rows=\"3\">\r\n    <div class=\"wp-block-columns\"><div class=\"wp-block-column\"><div class=\"ls-cta\">\n\n<a href=\"https:\/\/www.coudoulets.com\/de\/campingplatz-aktivitaten-pradons\/\" target=\"\" rel=\"noopener\" class=\"ls-cta__link\">\n\n\t<div class=\"ls-cta__image\"><img decoding=\"async\" src=\"https:\/\/www.coudoulets.com\/wp-content\/uploads\/2022\/07\/activites-sportives-camping-ardeche-768x492.jpg\" alt=\"activit\u00e9s sportives camping ard\u00e8che\"><\/div>\n\t<div class=\"ls-cta__title\">\n\t\tAktivit\u00e4ten \t<\/div>\n\n\t\n<\/a><\/div><\/div><div class=\"wp-block-column\"><div class=\"ls-cta\">\n\n<a href=\"https:\/\/www.coudoulets.com\/de\/campingplatz-schwimmbad-pradons\/\" target=\"\" rel=\"noopener\" class=\"ls-cta__link\">\n\n\t<div class=\"ls-cta__image\"><img decoding=\"async\" src=\"https:\/\/www.coudoulets.com\/wp-content\/uploads\/2022\/10\/coudoulets-piscine-768x576.jpg\" alt=\"piscine coudoulets\"><\/div>\n\t<div class=\"ls-cta__title\">\n\t\tWasserraum\t<\/div>\n\n\t\n<\/a><\/div><\/div><div class=\"wp-block-column\"><div class=\"ls-cta\">\n\n<a href=\"https:\/\/www.coudoulets.com\/de\/campingplatz-gaststatte-pradons\/\" target=\"\" rel=\"noopener\" class=\"ls-cta__link\">\n\n\t<div class=\"ls-cta__image\"><img decoding=\"async\" src=\"https:\/\/www.coudoulets.com\/wp-content\/uploads\/2022\/07\/restaurants-camping-ruoms-768x491.jpg\" alt=\"restaurants camping ruoms\"><\/div>\n\t<div class=\"ls-cta__title\">\n\t\tGastst\u00e4tte\t<\/div>\n\n\t\n<\/a><\/div><\/div><\/div><\/div><\/div>\n<\/div>\n\n\r\n    <\/div>\r\n<\/section>","protected":false},"excerpt":{"rendered":"<p>Campingplatz mit den G\u00fctesiegeln &#8222;Camping Qualit\u00e9&#8220; in der Ard\u00e8che<\/p>\n","protected":false},"author":1,"featured_media":1113,"parent":0,"menu_order":0,"comment_status":"closed","ping_status":"closed","template":"","meta":{"_acf_changed":false,"footnotes":""},"sujet":[],"class_list":["post-3219","page","type-page","status-publish","has-post-thumbnail","hentry"],"acf":[],"yoast_head":"<!-- This site is optimized with the Yoast SEO plugin v25.3 - https:\/\/yoast.com\/wordpress\/plugins\/seo\/ -->\n<title>Campingpl\u00e4tze mit dem Gr\u00fcnen Schl\u00fcssel Pradons | \u00d6kologischer Campingplatz Ard\u00e8che<\/title>\n<meta name=\"robots\" content=\"index, follow, max-snippet:-1, max-image-preview:large, max-video-preview:-1\" \/>\n<link rel=\"canonical\" href=\"https:\/\/www.coudoulets.com\/de\/campingplatz-okologie-pradons\/\" \/>\n<meta property=\"og:locale\" content=\"de_DE\" \/>\n<meta property=\"og:type\" content=\"article\" \/>\n<meta property=\"og:title\" content=\"Campingpl\u00e4tze mit dem Gr\u00fcnen Schl\u00fcssel Pradons | \u00d6kologischer Campingplatz Ard\u00e8che\" \/>\n<meta property=\"og:description\" content=\"Campingplatz mit den G\u00fctesiegeln &#8222;Camping Qualit\u00e9&#8220; in der Ard\u00e8che\" \/>\n<meta property=\"og:url\" content=\"https:\/\/www.coudoulets.com\/de\/campingplatz-okologie-pradons\/\" \/>\n<meta property=\"og:site_name\" content=\"Les Coudoulets\" \/>\n<meta property=\"article:modified_time\" content=\"2023-06-22T12:11:21+00:00\" \/>\n<meta property=\"og:image\" content=\"https:\/\/www.coudoulets.com\/wp-content\/uploads\/2022\/08\/camping-ecolo-ardeche.jpg\" \/>\n\t<meta property=\"og:image:width\" content=\"1900\" \/>\n\t<meta property=\"og:image:height\" content=\"800\" \/>\n\t<meta property=\"og:image:type\" content=\"image\/jpeg\" \/>\n<meta name=\"twitter:card\" content=\"summary_large_image\" \/>\n<meta name=\"twitter:label1\" content=\"Gesch\u00e4tzte Lesezeit\" \/>\n\t<meta name=\"twitter:data1\" content=\"3\u00a0Minuten\" \/>\n<script type=\"application\/ld+json\" class=\"yoast-schema-graph\">{\"@context\":\"https:\/\/schema.org\",\"@graph\":[{\"@type\":\"WebPage\",\"@id\":\"https:\/\/www.coudoulets.com\/de\/campingplatz-okologie-pradons\/\",\"url\":\"https:\/\/www.coudoulets.com\/de\/campingplatz-okologie-pradons\/\",\"name\":\"Campingpl\u00e4tze mit dem Gr\u00fcnen Schl\u00fcssel Pradons | \u00d6kologischer Campingplatz Ard\u00e8che\",\"isPartOf\":{\"@id\":\"https:\/\/www.coudoulets.com\/#website\"},\"primaryImageOfPage\":{\"@id\":\"https:\/\/www.coudoulets.com\/de\/campingplatz-okologie-pradons\/#primaryimage\"},\"image\":{\"@id\":\"https:\/\/www.coudoulets.com\/de\/campingplatz-okologie-pradons\/#primaryimage\"},\"thumbnailUrl\":\"https:\/\/www.coudoulets.com\/wp-content\/uploads\/2022\/08\/camping-ecolo-ardeche.jpg\",\"datePublished\":\"2022-05-24T08:09:45+00:00\",\"dateModified\":\"2023-06-22T12:11:21+00:00\",\"breadcrumb\":{\"@id\":\"https:\/\/www.coudoulets.com\/de\/campingplatz-okologie-pradons\/#breadcrumb\"},\"inLanguage\":\"de\",\"potentialAction\":[{\"@type\":\"ReadAction\",\"target\":[\"https:\/\/www.coudoulets.com\/de\/campingplatz-okologie-pradons\/\"]}]},{\"@type\":\"ImageObject\",\"inLanguage\":\"de\",\"@id\":\"https:\/\/www.coudoulets.com\/de\/campingplatz-okologie-pradons\/#primaryimage\",\"url\":\"https:\/\/www.coudoulets.com\/wp-content\/uploads\/2022\/08\/camping-ecolo-ardeche.jpg\",\"contentUrl\":\"https:\/\/www.coudoulets.com\/wp-content\/uploads\/2022\/08\/camping-ecolo-ardeche.jpg\",\"width\":1900,\"height\":800,\"caption\":\"camping \u00e9colo ard\u00e8che\"},{\"@type\":\"BreadcrumbList\",\"@id\":\"https:\/\/www.coudoulets.com\/de\/campingplatz-okologie-pradons\/#breadcrumb\",\"itemListElement\":[{\"@type\":\"ListItem\",\"position\":1,\"name\":\"Campingplatz Ard\u00e8che\",\"item\":\"https:\/\/www.coudoulets.com\/de\/\"},{\"@type\":\"ListItem\",\"position\":2,\"name\":\"\u00d6kologischer campingplatz in der Ard\u00e8che\"}]},{\"@type\":\"WebSite\",\"@id\":\"https:\/\/www.coudoulets.com\/#website\",\"url\":\"https:\/\/www.coudoulets.com\/\",\"name\":\"Les Coudoulets\",\"description\":\"\",\"publisher\":{\"@id\":\"https:\/\/www.coudoulets.com\/#organization\"},\"potentialAction\":[{\"@type\":\"SearchAction\",\"target\":{\"@type\":\"EntryPoint\",\"urlTemplate\":\"https:\/\/www.coudoulets.com\/?s={search_term_string}\"},\"query-input\":{\"@type\":\"PropertyValueSpecification\",\"valueRequired\":true,\"valueName\":\"search_term_string\"}}],\"inLanguage\":\"de\"},{\"@type\":\"Organization\",\"@id\":\"https:\/\/www.coudoulets.com\/#organization\",\"name\":\"Camping Les Coudoulets\",\"url\":\"https:\/\/www.coudoulets.com\/\",\"logo\":{\"@type\":\"ImageObject\",\"inLanguage\":\"de\",\"@id\":\"https:\/\/www.coudoulets.com\/#\/schema\/logo\/image\/\",\"url\":\"https:\/\/www.coudoulets.com\/wp-content\/uploads\/2022\/05\/cropped-favicon-camping-les-coudoulets.png\",\"contentUrl\":\"https:\/\/www.coudoulets.com\/wp-content\/uploads\/2022\/05\/cropped-favicon-camping-les-coudoulets.png\",\"width\":512,\"height\":512,\"caption\":\"Camping Les Coudoulets\"},\"image\":{\"@id\":\"https:\/\/www.coudoulets.com\/#\/schema\/logo\/image\/\"}}]}<\/script>\n<!-- \/ Yoast SEO plugin. -->","yoast_head_json":{"title":"Campingpl\u00e4tze mit dem Gr\u00fcnen Schl\u00fcssel Pradons | \u00d6kologischer Campingplatz Ard\u00e8che","robots":{"index":"index","follow":"follow","max-snippet":"max-snippet:-1","max-image-preview":"max-image-preview:large","max-video-preview":"max-video-preview:-1"},"canonical":"https:\/\/www.coudoulets.com\/de\/campingplatz-okologie-pradons\/","og_locale":"de_DE","og_type":"article","og_title":"Campingpl\u00e4tze mit dem Gr\u00fcnen Schl\u00fcssel Pradons | \u00d6kologischer Campingplatz Ard\u00e8che","og_description":"Campingplatz mit den G\u00fctesiegeln &#8222;Camping Qualit\u00e9&#8220; in der Ard\u00e8che","og_url":"https:\/\/www.coudoulets.com\/de\/campingplatz-okologie-pradons\/","og_site_name":"Les Coudoulets","article_modified_time":"2023-06-22T12:11:21+00:00","og_image":[{"width":1900,"height":800,"url":"https:\/\/www.coudoulets.com\/wp-content\/uploads\/2022\/08\/camping-ecolo-ardeche.jpg","type":"image\/jpeg"}],"twitter_card":"summary_large_image","twitter_misc":{"Gesch\u00e4tzte Lesezeit":"3\u00a0Minuten"},"schema":{"@context":"https:\/\/schema.org","@graph":[{"@type":"WebPage","@id":"https:\/\/www.coudoulets.com\/de\/campingplatz-okologie-pradons\/","url":"https:\/\/www.coudoulets.com\/de\/campingplatz-okologie-pradons\/","name":"Campingpl\u00e4tze mit dem Gr\u00fcnen Schl\u00fcssel Pradons | \u00d6kologischer Campingplatz Ard\u00e8che","isPartOf":{"@id":"https:\/\/www.coudoulets.com\/#website"},"primaryImageOfPage":{"@id":"https:\/\/www.coudoulets.com\/de\/campingplatz-okologie-pradons\/#primaryimage"},"image":{"@id":"https:\/\/www.coudoulets.com\/de\/campingplatz-okologie-pradons\/#primaryimage"},"thumbnailUrl":"https:\/\/www.coudoulets.com\/wp-content\/uploads\/2022\/08\/camping-ecolo-ardeche.jpg","datePublished":"2022-05-24T08:09:45+00:00","dateModified":"2023-06-22T12:11:21+00:00","breadcrumb":{"@id":"https:\/\/www.coudoulets.com\/de\/campingplatz-okologie-pradons\/#breadcrumb"},"inLanguage":"de","potentialAction":[{"@type":"ReadAction","target":["https:\/\/www.coudoulets.com\/de\/campingplatz-okologie-pradons\/"]}]},{"@type":"ImageObject","inLanguage":"de","@id":"https:\/\/www.coudoulets.com\/de\/campingplatz-okologie-pradons\/#primaryimage","url":"https:\/\/www.coudoulets.com\/wp-content\/uploads\/2022\/08\/camping-ecolo-ardeche.jpg","contentUrl":"https:\/\/www.coudoulets.com\/wp-content\/uploads\/2022\/08\/camping-ecolo-ardeche.jpg","width":1900,"height":800,"caption":"camping \u00e9colo ard\u00e8che"},{"@type":"BreadcrumbList","@id":"https:\/\/www.coudoulets.com\/de\/campingplatz-okologie-pradons\/#breadcrumb","itemListElement":[{"@type":"ListItem","position":1,"name":"Campingplatz Ard\u00e8che","item":"https:\/\/www.coudoulets.com\/de\/"},{"@type":"ListItem","position":2,"name":"\u00d6kologischer campingplatz in der Ard\u00e8che"}]},{"@type":"WebSite","@id":"https:\/\/www.coudoulets.com\/#website","url":"https:\/\/www.coudoulets.com\/","name":"Les Coudoulets","description":"","publisher":{"@id":"https:\/\/www.coudoulets.com\/#organization"},"potentialAction":[{"@type":"SearchAction","target":{"@type":"EntryPoint","urlTemplate":"https:\/\/www.coudoulets.com\/?s={search_term_string}"},"query-input":{"@type":"PropertyValueSpecification","valueRequired":true,"valueName":"search_term_string"}}],"inLanguage":"de"},{"@type":"Organization","@id":"https:\/\/www.coudoulets.com\/#organization","name":"Camping Les Coudoulets","url":"https:\/\/www.coudoulets.com\/","logo":{"@type":"ImageObject","inLanguage":"de","@id":"https:\/\/www.coudoulets.com\/#\/schema\/logo\/image\/","url":"https:\/\/www.coudoulets.com\/wp-content\/uploads\/2022\/05\/cropped-favicon-camping-les-coudoulets.png","contentUrl":"https:\/\/www.coudoulets.com\/wp-content\/uploads\/2022\/05\/cropped-favicon-camping-les-coudoulets.png","width":512,"height":512,"caption":"Camping Les Coudoulets"},"image":{"@id":"https:\/\/www.coudoulets.com\/#\/schema\/logo\/image\/"}}]}},"_links":{"self":[{"href":"https:\/\/www.coudoulets.com\/de\/wp-json\/wp\/v2\/pages\/3219","targetHints":{"allow":["GET"]}}],"collection":[{"href":"https:\/\/www.coudoulets.com\/de\/wp-json\/wp\/v2\/pages"}],"about":[{"href":"https:\/\/www.coudoulets.com\/de\/wp-json\/wp\/v2\/types\/page"}],"author":[{"embeddable":true,"href":"https:\/\/www.coudoulets.com\/de\/wp-json\/wp\/v2\/users\/1"}],"replies":[{"embeddable":true,"href":"https:\/\/www.coudoulets.com\/de\/wp-json\/wp\/v2\/comments?post=3219"}],"version-history":[{"count":6,"href":"https:\/\/www.coudoulets.com\/de\/wp-json\/wp\/v2\/pages\/3219\/revisions"}],"predecessor-version":[{"id":5308,"href":"https:\/\/www.coudoulets.com\/de\/wp-json\/wp\/v2\/pages\/3219\/revisions\/5308"}],"wp:featuredmedia":[{"embeddable":true,"href":"https:\/\/www.coudoulets.com\/de\/wp-json\/wp\/v2\/media\/1113"}],"wp:attachment":[{"href":"https:\/\/www.coudoulets.com\/de\/wp-json\/wp\/v2\/media?parent=3219"}],"wp:term":[{"taxonomy":"sujet","embeddable":true,"href":"https:\/\/www.coudoulets.com\/de\/wp-json\/wp\/v2\/sujet?post=3219"}],"curies":[{"name":"wp","href":"https:\/\/api.w.org\/{rel}","templated":true}]}}