{"id":3264,"date":"2022-05-24T10:10:12","date_gmt":"2022-05-24T08:10:12","guid":{"rendered":"https:\/\/www.coudoulets.com\/camping-cycliste-pradons\/"},"modified":"2022-10-27T10:49:31","modified_gmt":"2022-10-27T08:49:31","slug":"campingplatz-radfahrer-pradons","status":"publish","type":"page","link":"https:\/\/www.coudoulets.com\/de\/campingplatz-radfahrer-pradons\/","title":{"rendered":"V\u00e9lo"},"content":{"rendered":"\n<h1 class=\"ls__heading has-text-align-center wp-block-heading\">Idealer campingplatz f\u00fcr Radfahrer in Pradons in der Ard\u00e8che<\/h1>\n\n\n<section id=\"ls-section-block_a21ec6a215d80e70a44da21ef2f69b2f\" class=\"ls-section  home-first page-one\" >\r\n        <div class=\"container container--wide\">\r\n        \n\n<div class=\"wp-block-columns are-vertically-aligned-center is-layout-flex wp-container-core-columns-is-layout-9d6595d7 wp-block-columns-is-layout-flex\">\n<div class=\"wp-block-column is-vertically-aligned-center temoignages-haut animated fadeInLeft slow is-layout-flow wp-block-column-is-layout-flow\" style=\"flex-basis:50%\"><div class=\"wp-block-image\">\n<figure class=\"aligncenter size-full\"><img loading=\"lazy\" decoding=\"async\" width=\"512\" height=\"512\" src=\"https:\/\/www.coudoulets.com\/wp-content\/uploads\/2022\/05\/sea.png\" alt=\"Illustration rivi\u00e8re Ard\u00e8che Camping les Coudoulets\" class=\"wp-image-446\" srcset=\"https:\/\/www.coudoulets.com\/wp-content\/uploads\/2022\/05\/sea.png 512w, https:\/\/www.coudoulets.com\/wp-content\/uploads\/2022\/05\/sea-300x300.png 300w, https:\/\/www.coudoulets.com\/wp-content\/uploads\/2022\/05\/sea-150x150.png 150w\" sizes=\"auto, (max-width: 512px) 100vw, 512px\" \/><\/figure>\n<\/div>\n\n\n<h2 class=\"ls-heading wp-block-heading\"><strong>Campingplatz mit dem Label &#8222;Accueil v\u00e9lo&#8220; in Pradons<\/strong><\/h2>\n\n\n\n<p class=\"ls-paragraph\">Der <a href=\"\/de\/\">Campingplatz in Pradons<\/a> tr\u00e4gt das G\u00fctesiegel &#8222;Accueil v\u00e9lo&#8220; und liegt nur 200 m von der Via Ard\u00e8che entfernt. Eine 22 km lange Voie Verte (Via Ard\u00e8che) von <strong>Grospierre <\/strong>nach <strong>Vog\u00fce<\/strong> mit Abzweigungen nach Saint Sernin und Saint Paul le Jeune.<\/p>\n\n\n\n<p class=\"ls-paragraph\">Auf dem campingplatz: Zur Selbstbedienung steht Ihnen eine &#8222;Fahrrad-Reparaturwerkstatt&#8220; zur Verf\u00fcgung.<\/p>\n\n\n\n<p class=\"ls-paragraph\">Sie k\u00f6nnen auch Fahrr\u00e4der mieten, dank unseres Dienstleisters, der die Fahrr\u00e4der am gew\u00fcnschten Tag vor Ort bringt.<\/p>\n\n\n\n<p class=\"ls-paragraph\">Der Campingplatz Les Coudoulets verf\u00fcgt \u00fcber einen Pumptrack: eine Strecke f\u00fcr Fahrr\u00e4der (aber auch Inlineskates, Skates, Roller \u2026 ) mit einer Folge von Buckeln und Kurven.<\/p>\n<\/div>\n\n\n\n<div class=\"wp-block-column is-vertically-aligned-center has-color-4-background-color has-background is-layout-flow wp-block-column-is-layout-flow\" style=\"flex-basis:50%\">\n<figure class=\"wp-block-gallery has-nested-images columns-2 is-cropped wp-block-gallery-1 is-layout-flex wp-block-gallery-is-layout-flex\">\n<figure class=\"wp-block-image size-full animated fadeInRight slow delay-100ms\"><a href=\"https:\/\/www.coudoulets.com\/wp-content\/uploads\/2022\/08\/reparation-velo-camping-ardeche.jpg\"><img loading=\"lazy\" decoding=\"async\" width=\"900\" height=\"576\" data-id=\"1162\" src=\"https:\/\/www.coudoulets.com\/wp-content\/uploads\/2022\/08\/reparation-velo-camping-ardeche.jpg\" alt=\"r\u00e9paration v\u00e9lo camping ard\u00e8che\" class=\"wp-image-1162\" srcset=\"https:\/\/www.coudoulets.com\/wp-content\/uploads\/2022\/08\/reparation-velo-camping-ardeche.jpg 900w, https:\/\/www.coudoulets.com\/wp-content\/uploads\/2022\/08\/reparation-velo-camping-ardeche-300x192.jpg 300w, https:\/\/www.coudoulets.com\/wp-content\/uploads\/2022\/08\/reparation-velo-camping-ardeche-768x492.jpg 768w\" sizes=\"auto, (max-width: 900px) 100vw, 900px\" \/><\/a><\/figure>\n\n\n\n<figure class=\"wp-block-image size-full animated fadeInDown slow\"><a href=\"https:\/\/www.coudoulets.com\/wp-content\/uploads\/2022\/07\/activites-camping-ruoms.jpg\"><img loading=\"lazy\" decoding=\"async\" width=\"900\" height=\"575\" data-id=\"969\" src=\"https:\/\/www.coudoulets.com\/wp-content\/uploads\/2022\/07\/activites-camping-ruoms.jpg\" alt=\"activit\u00e9s camping ruoms\" class=\"wp-image-969\" srcset=\"https:\/\/www.coudoulets.com\/wp-content\/uploads\/2022\/07\/activites-camping-ruoms.jpg 900w, https:\/\/www.coudoulets.com\/wp-content\/uploads\/2022\/07\/activites-camping-ruoms-300x192.jpg 300w, https:\/\/www.coudoulets.com\/wp-content\/uploads\/2022\/07\/activites-camping-ruoms-768x491.jpg 768w\" sizes=\"auto, (max-width: 900px) 100vw, 900px\" \/><\/a><\/figure>\n<\/figure>\n\n\n\n<iframe loading=\"lazy\" width=\"560\" height=\"315\" src=\"https:\/\/www.youtube.com\/embed\/498698AuyV0\" title=\"YouTube video player\" frameborder=\"0\" allow=\"accelerometer; autoplay; clipboard-write; encrypted-media; gyroscope; picture-in-picture\" allowfullscreen=\"\"><\/iframe>\n<\/div>\n<\/div>\n\n\r\n    <\/div>\r\n<\/section>\n\n<section id=\"ls-section-block_62d3cf7b86e351672282d51bee59982a\" class=\"ls-section  home-third fade-background page-two has-background-image\" >\r\n    <div class=\"ls-section__background-image opacity-100\"><img decoding=\"async\" src=\"https:\/\/www.coudoulets.com\/wp-content\/uploads\/2022\/10\/velo-sur-ardeche.jpg\" alt=\"velo sur ardeche\"><\/div>    <div class=\"container container--wide\">\r\n        \n\n<div class=\"wp-block-columns is-layout-flex wp-container-core-columns-is-layout-9d6595d7 wp-block-columns-is-layout-flex\">\n<div class=\"wp-block-column is-layout-flow wp-block-column-is-layout-flow\" style=\"flex-basis:40%\"><\/div>\n\n\n\n<div class=\"wp-block-column is-vertically-aligned-center animated fadeInRight slow is-layout-flow wp-block-column-is-layout-flow\" style=\"flex-basis:60%\">\n<div class=\"wp-block-columns are-vertically-aligned-center is-layout-flex wp-container-core-columns-is-layout-9d6595d7 wp-block-columns-is-layout-flex\">\n<div class=\"wp-block-column is-vertically-aligned-center is-layout-flow wp-block-column-is-layout-flow\" style=\"flex-basis:150px\"><\/div>\n\n\n\n<div class=\"wp-block-column is-vertically-aligned-center is-layout-flow wp-block-column-is-layout-flow\">\n<h2 class=\"ls-heading wp-block-heading\"><strong>Die sch\u00f6nsten Radtouren vom campingplatz in Pradons aus<\/strong><\/h2>\n\n\n\n<p class=\"ls-paragraph\">In der N\u00e4he des campingplatzes finden Sie auch zahlreiche Mountainbike- und Rennradstrecken.<\/p>\n\n\n\n<p class=\"ls-paragraph\">F\u00fcr reisende Radfahrer : Sie k\u00f6nnen die Dienste der Seiten : <a href=\"https:\/\/www.cocolis.fr\">www.cocolis.fr<\/a> und <a href=\"https:\/\/www.colis-voiturage.fr\" target=\"_blank\" rel=\"noreferrer noopener\">www.colis-voiturage.fr<\/a><\/p>\n\n\n\n<p class=\"ls-paragraph\">Die Ard\u00e8che ein Gebiet f\u00fcr Radfahrer<strong> <\/strong>: <a href=\"https:\/\/www.ardeche-guide.com\/experiences-emerveillantes\/l-ardeche-velo\" target=\"_blank\" rel=\"noreferrer noopener\">https:\/\/www.ardeche-guide.com\/experiences-emerveillantes\/l-ardeche-velo<\/a><\/p>\n\n\n\n<p class=\"ls-paragraph\">Beispiele f\u00fcr Mountainbike-Strecken :<br>&#8211; <a href=\"https:\/\/www.openrunner.com\/route-details\/9027725\" target=\"_blank\" rel=\"noreferrer noopener\">Balazuc Chauzon<\/a><br>&#8211; <a href=\"https:\/\/www.openrunner.com\/route-details\/9059715\" target=\"_blank\" rel=\"noreferrer noopener\">Autour de Saint Alban Auriolles<\/a> <\/p>\n\n\n\n<p class=\"ls-paragraph\">Beispiele f\u00fcr Strecken von Rennr\u00e4dern :<br>&#8211; <a href=\"https:\/\/www.openrunner.com\/route-details\/1529882\" target=\"_blank\" rel=\"noreferrer noopener\">Das Tal der Ibie<\/a><br>&#8211; <a href=\"https:\/\/www.openrunner.com\/route-details\/9263414\" target=\"_blank\" rel=\"noreferrer noopener\">Die Schluchtschleife Ard\u00e8che<\/a><\/p>\n<\/div>\n<\/div>\n<\/div>\n<\/div>\n\n\r\n    <\/div>\r\n<\/section>\n\n<section id=\"ls-section-block_575c8d6e09dafc46a64714dc354bc504\" class=\"ls-section  home-first page-four\" >\r\n        <div class=\"container container--wide\">\r\n        \n\n<div class=\"wp-block-columns are-vertically-aligned-center is-layout-flex wp-container-core-columns-is-layout-9d6595d7 wp-block-columns-is-layout-flex\">\n<div class=\"wp-block-column is-vertically-aligned-center temoignages-haut is-layout-flow wp-block-column-is-layout-flow\" style=\"flex-basis:50%\">\n<h2 class=\"ls-heading wp-block-heading\">&nbsp;<strong>Radfahrer, entdecken Sie unsere besten Unterk\u00fcnfte in Pradons<\/strong><\/h2>\n\n\n\n<p class=\"ls-paragraph\">Der Campingplatz Les Coudoulets empf\u00e4ngt die Radfahrer!<\/p>\n\n\n\n<p class=\"ls-paragraph\">Unser Campingplatz in Pradons in der Ard\u00e8che bietet ideale Mietunterk\u00fcnfte f\u00fcr Radfahrer, die w\u00e4hrend ihres Urlaubs die <strong>Touren in der Ard\u00e8che<\/strong> erkunden m\u00f6chten.<\/p>\n\n\n\n<p class=\"ls-paragraph\">Wenn Sie gerne Fahrrad fahren, ist dies der ideale Ort f\u00fcr Sie. Sie k\u00f6nnen einen 4-Sterne Campingplatz in Pradons mit allen Annehmlichkeiten, die Sie brauchen, genie\u00dfen. Dazu geh\u00f6ren ein beheizter <strong>Swimmingpool<\/strong>, eine <strong>Gastst\u00e4tte <\/strong>und Bar auf dem Gel\u00e4nde sowie ein <strong>Spielplatz<\/strong>. Sie haben au\u00dferdem Zugang zu allen unseren Campingpl\u00e4tzen\u2026<\/p>\n<\/div>\n\n\n\n<div class=\"wp-block-column is-vertically-aligned-center has-color-4-background-color has-background is-layout-flow wp-block-column-is-layout-flow\" style=\"flex-basis:50%\">\n<figure class=\"wp-block-gallery has-nested-images columns-2 is-cropped wp-block-gallery-2 is-layout-flex wp-block-gallery-is-layout-flex\">\n<figure class=\"wp-block-image size-large animated fadeInDown slow\"><a href=\"https:\/\/www.coudoulets.com\/wp-content\/uploads\/2022\/06\/jacuzzi-ardeche-camping-les-coudoulets.jpg\"><img loading=\"lazy\" decoding=\"async\" width=\"900\" height=\"600\" data-id=\"593\" src=\"https:\/\/www.coudoulets.com\/wp-content\/uploads\/2022\/06\/jacuzzi-ardeche-camping-les-coudoulets.jpg\" alt=\"Jacuzzi Ard\u00e8che Camping les Coudoulets\" class=\"wp-image-593\" srcset=\"https:\/\/www.coudoulets.com\/wp-content\/uploads\/2022\/06\/jacuzzi-ardeche-camping-les-coudoulets.jpg 900w, https:\/\/www.coudoulets.com\/wp-content\/uploads\/2022\/06\/jacuzzi-ardeche-camping-les-coudoulets-300x200.jpg 300w, https:\/\/www.coudoulets.com\/wp-content\/uploads\/2022\/06\/jacuzzi-ardeche-camping-les-coudoulets-768x512.jpg 768w\" sizes=\"auto, (max-width: 900px) 100vw, 900px\" \/><\/a><\/figure>\n\n\n\n<figure class=\"wp-block-image size-full animated fadeInRight delay-100ms slow\"><a href=\"https:\/\/www.coudoulets.com\/wp-content\/uploads\/2022\/07\/restaurants-camping-ruoms.jpg\"><img loading=\"lazy\" decoding=\"async\" width=\"900\" height=\"575\" data-id=\"880\" src=\"https:\/\/www.coudoulets.com\/wp-content\/uploads\/2022\/07\/restaurants-camping-ruoms.jpg\" alt=\"restaurants camping ruoms\" class=\"wp-image-880\" srcset=\"https:\/\/www.coudoulets.com\/wp-content\/uploads\/2022\/07\/restaurants-camping-ruoms.jpg 900w, https:\/\/www.coudoulets.com\/wp-content\/uploads\/2022\/07\/restaurants-camping-ruoms-300x192.jpg 300w, https:\/\/www.coudoulets.com\/wp-content\/uploads\/2022\/07\/restaurants-camping-ruoms-768x491.jpg 768w\" sizes=\"auto, (max-width: 900px) 100vw, 900px\" \/><\/a><\/figure>\n\n\n\n<figure class=\"wp-block-image size-full animated fadeInUp slow delay-200ms\"><a href=\"https:\/\/www.coudoulets.com\/wp-content\/uploads\/2022\/08\/accueil-velo-camping-ardeche.jpg\"><img loading=\"lazy\" decoding=\"async\" width=\"900\" height=\"600\" data-id=\"1177\" src=\"https:\/\/www.coudoulets.com\/wp-content\/uploads\/2022\/08\/accueil-velo-camping-ardeche.jpg\" alt=\"accueil v\u00e9lo camping ard\u00e8che\" class=\"wp-image-1177\" srcset=\"https:\/\/www.coudoulets.com\/wp-content\/uploads\/2022\/08\/accueil-velo-camping-ardeche.jpg 900w, https:\/\/www.coudoulets.com\/wp-content\/uploads\/2022\/08\/accueil-velo-camping-ardeche-300x200.jpg 300w, https:\/\/www.coudoulets.com\/wp-content\/uploads\/2022\/08\/accueil-velo-camping-ardeche-768x512.jpg 768w\" sizes=\"auto, (max-width: 900px) 100vw, 900px\" \/><\/a><\/figure>\n<\/figure>\n<\/div>\n<\/div>\n\n\r\n    <\/div>\r\n<\/section>\n\n<section id=\"ls-section-block_7c15069f37372431cccfcad0bfe5c42c\" class=\"ls-section  home-fourth cta-interne\" >\r\n        <div class=\"container container--wide\">\r\n        \n\n<div class=\"wp-block-columns is-layout-flex wp-container-core-columns-is-layout-9d6595d7 wp-block-columns-is-layout-flex\">\n<div class=\"wp-block-column is-layout-flow wp-block-column-is-layout-flow\">\n<div id=\"ls-heading ls-titre-div-block_7241fa4a77446da94679123cb0ceba25\" class=\"ls-titre-div aligncenter h2-like\" >\n    Die <strong>Aktivit\u00e4ten<\/strong> rund um den campingplatz<\/div>\n\n\n<div id=\"ls-maillage-block_c240a3105b36cc6cdfc5908f68b9ed7e\" class=\"ls-maillage cta-style-normal\" data-rows=\"3\">\r\n    <div class=\"wp-block-columns\"><div class=\"wp-block-column\"><div class=\"ls-cta\">\n\n<a href=\"https:\/\/www.coudoulets.com\/de\/campingplatz-aktivitaten-pradons\/\" target=\"\" rel=\"noopener\" class=\"ls-cta__link\">\n\n\t<div class=\"ls-cta__image\"><img decoding=\"async\" src=\"https:\/\/www.coudoulets.com\/wp-content\/uploads\/2022\/07\/activites-sportives-camping-ardeche-768x492.jpg\" alt=\"activit\u00e9s sportives camping ard\u00e8che\"><\/div>\n\t<div class=\"ls-cta__title\">\n\t\tAktivit\u00e4ten \t<\/div>\n\n\t\n<\/a><\/div><\/div><div class=\"wp-block-column\"><div class=\"ls-cta\">\n\n<a href=\"https:\/\/www.coudoulets.com\/de\/campingplatz-flussufer-pradons\/\" target=\"\" rel=\"noopener\" class=\"ls-cta__link\">\n\n\t<div class=\"ls-cta__image\"><img decoding=\"async\" src=\"https:\/\/www.coudoulets.com\/wp-content\/uploads\/2022\/08\/camping-bord-de-lardeche-768x512.jpg\" alt=\"camping bord de l'Ard\u00e8che\"><\/div>\n\t<div class=\"ls-cta__title\">\n\t\tFlussufer\t<\/div>\n\n\t\n<\/a><\/div><\/div><div class=\"wp-block-column\"><div class=\"ls-cta\">\n\n<a href=\"https:\/\/www.coudoulets.com\/de\/campingplatz-schwimmbad-pradons\/\" target=\"\" rel=\"noopener\" class=\"ls-cta__link\">\n\n\t<div class=\"ls-cta__image\"><img decoding=\"async\" src=\"https:\/\/www.coudoulets.com\/wp-content\/uploads\/2022\/10\/coudoulets-piscine-768x576.jpg\" alt=\"piscine coudoulets\"><\/div>\n\t<div class=\"ls-cta__title\">\n\t\tWasserraum\t<\/div>\n\n\t\n<\/a><\/div><\/div><\/div><\/div><\/div>\n<\/div>\n\n\r\n    <\/div>\r\n<\/section>","protected":false},"excerpt":{"rendered":"<p>Idealer campingplatz f\u00fcr Radfahrer in Pradons in der Ard\u00e8che<\/p>\n","protected":false},"author":1,"featured_media":3884,"parent":0,"menu_order":0,"comment_status":"closed","ping_status":"closed","template":"","meta":{"_acf_changed":false,"footnotes":""},"sujet":[],"class_list":["post-3264","page","type-page","status-publish","has-post-thumbnail","hentry"],"acf":[],"yoast_head":"<!-- This site is optimized with the Yoast SEO plugin v25.3 - https:\/\/yoast.com\/wordpress\/plugins\/seo\/ -->\n<title>Campingplatz Fahrrad Pradons | Startseite Radfahrer Ard\u00e8che<\/title>\n<meta name=\"robots\" content=\"index, follow, max-snippet:-1, max-image-preview:large, max-video-preview:-1\" \/>\n<link rel=\"canonical\" href=\"https:\/\/www.coudoulets.com\/de\/campingplatz-radfahrer-pradons\/\" \/>\n<meta property=\"og:locale\" content=\"de_DE\" \/>\n<meta property=\"og:type\" content=\"article\" \/>\n<meta property=\"og:title\" content=\"Campingplatz Fahrrad Pradons | Startseite Radfahrer Ard\u00e8che\" \/>\n<meta property=\"og:description\" content=\"Idealer campingplatz f\u00fcr Radfahrer in Pradons in der Ard\u00e8che\" \/>\n<meta property=\"og:url\" content=\"https:\/\/www.coudoulets.com\/de\/campingplatz-radfahrer-pradons\/\" \/>\n<meta property=\"og:site_name\" content=\"Les Coudoulets\" \/>\n<meta property=\"article:modified_time\" content=\"2022-10-27T08:49:31+00:00\" \/>\n<meta property=\"og:image\" content=\"https:\/\/www.coudoulets.com\/wp-content\/uploads\/2022\/08\/voie-verte-ardeche.jpg\" \/>\n\t<meta property=\"og:image:width\" content=\"1900\" \/>\n\t<meta property=\"og:image:height\" content=\"800\" \/>\n\t<meta property=\"og:image:type\" content=\"image\/jpeg\" \/>\n<meta name=\"twitter:card\" content=\"summary_large_image\" \/>\n<meta name=\"twitter:label1\" content=\"Gesch\u00e4tzte Lesezeit\" \/>\n\t<meta name=\"twitter:data1\" content=\"3\u00a0Minuten\" \/>\n<script type=\"application\/ld+json\" class=\"yoast-schema-graph\">{\"@context\":\"https:\/\/schema.org\",\"@graph\":[{\"@type\":\"WebPage\",\"@id\":\"https:\/\/www.coudoulets.com\/de\/campingplatz-radfahrer-pradons\/\",\"url\":\"https:\/\/www.coudoulets.com\/de\/campingplatz-radfahrer-pradons\/\",\"name\":\"Campingplatz Fahrrad Pradons | Startseite Radfahrer Ard\u00e8che\",\"isPartOf\":{\"@id\":\"https:\/\/www.coudoulets.com\/#website\"},\"primaryImageOfPage\":{\"@id\":\"https:\/\/www.coudoulets.com\/de\/campingplatz-radfahrer-pradons\/#primaryimage\"},\"image\":{\"@id\":\"https:\/\/www.coudoulets.com\/de\/campingplatz-radfahrer-pradons\/#primaryimage\"},\"thumbnailUrl\":\"https:\/\/www.coudoulets.com\/wp-content\/uploads\/2022\/10\/voie-verte-ardeche.jpg\",\"datePublished\":\"2022-05-24T08:10:12+00:00\",\"dateModified\":\"2022-10-27T08:49:31+00:00\",\"breadcrumb\":{\"@id\":\"https:\/\/www.coudoulets.com\/de\/campingplatz-radfahrer-pradons\/#breadcrumb\"},\"inLanguage\":\"de\",\"potentialAction\":[{\"@type\":\"ReadAction\",\"target\":[\"https:\/\/www.coudoulets.com\/de\/campingplatz-radfahrer-pradons\/\"]}]},{\"@type\":\"ImageObject\",\"inLanguage\":\"de\",\"@id\":\"https:\/\/www.coudoulets.com\/de\/campingplatz-radfahrer-pradons\/#primaryimage\",\"url\":\"https:\/\/www.coudoulets.com\/wp-content\/uploads\/2022\/10\/voie-verte-ardeche.jpg\",\"contentUrl\":\"https:\/\/www.coudoulets.com\/wp-content\/uploads\/2022\/10\/voie-verte-ardeche.jpg\",\"width\":1900,\"height\":800,\"caption\":\"voie verte ardeche\"},{\"@type\":\"BreadcrumbList\",\"@id\":\"https:\/\/www.coudoulets.com\/de\/campingplatz-radfahrer-pradons\/#breadcrumb\",\"itemListElement\":[{\"@type\":\"ListItem\",\"position\":1,\"name\":\"Campingplatz Ard\u00e8che\",\"item\":\"https:\/\/www.coudoulets.com\/de\/\"},{\"@type\":\"ListItem\",\"position\":2,\"name\":\"Startseite Radfahrer Ard\u00e8che\"}]},{\"@type\":\"WebSite\",\"@id\":\"https:\/\/www.coudoulets.com\/#website\",\"url\":\"https:\/\/www.coudoulets.com\/\",\"name\":\"Les Coudoulets\",\"description\":\"\",\"publisher\":{\"@id\":\"https:\/\/www.coudoulets.com\/#organization\"},\"potentialAction\":[{\"@type\":\"SearchAction\",\"target\":{\"@type\":\"EntryPoint\",\"urlTemplate\":\"https:\/\/www.coudoulets.com\/?s={search_term_string}\"},\"query-input\":{\"@type\":\"PropertyValueSpecification\",\"valueRequired\":true,\"valueName\":\"search_term_string\"}}],\"inLanguage\":\"de\"},{\"@type\":\"Organization\",\"@id\":\"https:\/\/www.coudoulets.com\/#organization\",\"name\":\"Camping Les Coudoulets\",\"url\":\"https:\/\/www.coudoulets.com\/\",\"logo\":{\"@type\":\"ImageObject\",\"inLanguage\":\"de\",\"@id\":\"https:\/\/www.coudoulets.com\/#\/schema\/logo\/image\/\",\"url\":\"https:\/\/www.coudoulets.com\/wp-content\/uploads\/2022\/05\/cropped-favicon-camping-les-coudoulets.png\",\"contentUrl\":\"https:\/\/www.coudoulets.com\/wp-content\/uploads\/2022\/05\/cropped-favicon-camping-les-coudoulets.png\",\"width\":512,\"height\":512,\"caption\":\"Camping Les Coudoulets\"},\"image\":{\"@id\":\"https:\/\/www.coudoulets.com\/#\/schema\/logo\/image\/\"}}]}<\/script>\n<!-- \/ Yoast SEO plugin. -->","yoast_head_json":{"title":"Campingplatz Fahrrad Pradons | Startseite Radfahrer Ard\u00e8che","robots":{"index":"index","follow":"follow","max-snippet":"max-snippet:-1","max-image-preview":"max-image-preview:large","max-video-preview":"max-video-preview:-1"},"canonical":"https:\/\/www.coudoulets.com\/de\/campingplatz-radfahrer-pradons\/","og_locale":"de_DE","og_type":"article","og_title":"Campingplatz Fahrrad Pradons | Startseite Radfahrer Ard\u00e8che","og_description":"Idealer campingplatz f\u00fcr Radfahrer in Pradons in der Ard\u00e8che","og_url":"https:\/\/www.coudoulets.com\/de\/campingplatz-radfahrer-pradons\/","og_site_name":"Les Coudoulets","article_modified_time":"2022-10-27T08:49:31+00:00","og_image":[{"width":1900,"height":800,"url":"https:\/\/www.coudoulets.com\/wp-content\/uploads\/2022\/08\/voie-verte-ardeche.jpg","type":"image\/jpeg"}],"twitter_card":"summary_large_image","twitter_misc":{"Gesch\u00e4tzte Lesezeit":"3\u00a0Minuten"},"schema":{"@context":"https:\/\/schema.org","@graph":[{"@type":"WebPage","@id":"https:\/\/www.coudoulets.com\/de\/campingplatz-radfahrer-pradons\/","url":"https:\/\/www.coudoulets.com\/de\/campingplatz-radfahrer-pradons\/","name":"Campingplatz Fahrrad Pradons | Startseite Radfahrer Ard\u00e8che","isPartOf":{"@id":"https:\/\/www.coudoulets.com\/#website"},"primaryImageOfPage":{"@id":"https:\/\/www.coudoulets.com\/de\/campingplatz-radfahrer-pradons\/#primaryimage"},"image":{"@id":"https:\/\/www.coudoulets.com\/de\/campingplatz-radfahrer-pradons\/#primaryimage"},"thumbnailUrl":"https:\/\/www.coudoulets.com\/wp-content\/uploads\/2022\/10\/voie-verte-ardeche.jpg","datePublished":"2022-05-24T08:10:12+00:00","dateModified":"2022-10-27T08:49:31+00:00","breadcrumb":{"@id":"https:\/\/www.coudoulets.com\/de\/campingplatz-radfahrer-pradons\/#breadcrumb"},"inLanguage":"de","potentialAction":[{"@type":"ReadAction","target":["https:\/\/www.coudoulets.com\/de\/campingplatz-radfahrer-pradons\/"]}]},{"@type":"ImageObject","inLanguage":"de","@id":"https:\/\/www.coudoulets.com\/de\/campingplatz-radfahrer-pradons\/#primaryimage","url":"https:\/\/www.coudoulets.com\/wp-content\/uploads\/2022\/10\/voie-verte-ardeche.jpg","contentUrl":"https:\/\/www.coudoulets.com\/wp-content\/uploads\/2022\/10\/voie-verte-ardeche.jpg","width":1900,"height":800,"caption":"voie verte ardeche"},{"@type":"BreadcrumbList","@id":"https:\/\/www.coudoulets.com\/de\/campingplatz-radfahrer-pradons\/#breadcrumb","itemListElement":[{"@type":"ListItem","position":1,"name":"Campingplatz Ard\u00e8che","item":"https:\/\/www.coudoulets.com\/de\/"},{"@type":"ListItem","position":2,"name":"Startseite Radfahrer Ard\u00e8che"}]},{"@type":"WebSite","@id":"https:\/\/www.coudoulets.com\/#website","url":"https:\/\/www.coudoulets.com\/","name":"Les Coudoulets","description":"","publisher":{"@id":"https:\/\/www.coudoulets.com\/#organization"},"potentialAction":[{"@type":"SearchAction","target":{"@type":"EntryPoint","urlTemplate":"https:\/\/www.coudoulets.com\/?s={search_term_string}"},"query-input":{"@type":"PropertyValueSpecification","valueRequired":true,"valueName":"search_term_string"}}],"inLanguage":"de"},{"@type":"Organization","@id":"https:\/\/www.coudoulets.com\/#organization","name":"Camping Les Coudoulets","url":"https:\/\/www.coudoulets.com\/","logo":{"@type":"ImageObject","inLanguage":"de","@id":"https:\/\/www.coudoulets.com\/#\/schema\/logo\/image\/","url":"https:\/\/www.coudoulets.com\/wp-content\/uploads\/2022\/05\/cropped-favicon-camping-les-coudoulets.png","contentUrl":"https:\/\/www.coudoulets.com\/wp-content\/uploads\/2022\/05\/cropped-favicon-camping-les-coudoulets.png","width":512,"height":512,"caption":"Camping Les Coudoulets"},"image":{"@id":"https:\/\/www.coudoulets.com\/#\/schema\/logo\/image\/"}}]}},"_links":{"self":[{"href":"https:\/\/www.coudoulets.com\/de\/wp-json\/wp\/v2\/pages\/3264","targetHints":{"allow":["GET"]}}],"collection":[{"href":"https:\/\/www.coudoulets.com\/de\/wp-json\/wp\/v2\/pages"}],"about":[{"href":"https:\/\/www.coudoulets.com\/de\/wp-json\/wp\/v2\/types\/page"}],"author":[{"embeddable":true,"href":"https:\/\/www.coudoulets.com\/de\/wp-json\/wp\/v2\/users\/1"}],"replies":[{"embeddable":true,"href":"https:\/\/www.coudoulets.com\/de\/wp-json\/wp\/v2\/comments?post=3264"}],"version-history":[{"count":8,"href":"https:\/\/www.coudoulets.com\/de\/wp-json\/wp\/v2\/pages\/3264\/revisions"}],"predecessor-version":[{"id":3798,"href":"https:\/\/www.coudoulets.com\/de\/wp-json\/wp\/v2\/pages\/3264\/revisions\/3798"}],"wp:featuredmedia":[{"embeddable":true,"href":"https:\/\/www.coudoulets.com\/de\/wp-json\/wp\/v2\/media\/3884"}],"wp:attachment":[{"href":"https:\/\/www.coudoulets.com\/de\/wp-json\/wp\/v2\/media?parent=3264"}],"wp:term":[{"taxonomy":"sujet","embeddable":true,"href":"https:\/\/www.coudoulets.com\/de\/wp-json\/wp\/v2\/sujet?post=3264"}],"curies":[{"name":"wp","href":"https:\/\/api.w.org\/{rel}","templated":true}]}}