{"id":2928,"date":"2022-05-24T10:12:24","date_gmt":"2022-05-24T08:12:24","guid":{"rendered":"https:\/\/www.coudoulets.com\/camping-bord-de-riviere-pradons\/"},"modified":"2022-10-19T11:42:56","modified_gmt":"2022-10-19T09:42:56","slug":"campsite-edge-of-the-river-pradons","status":"publish","type":"page","link":"https:\/\/www.coudoulets.com\/en\/campsite-edge-of-the-river-pradons\/","title":{"rendered":"Bord de rivi\u00e8re"},"content":{"rendered":"\n<h1 class=\"ls__heading has-text-align-center wp-block-heading\">Direct access to the river from the campsite at Pradons in Ard\u00e8che<\/h1>\n\n\n<section id=\"ls-section-block_628ce1ab3911d\" class=\"ls-section  home-first page-one\" >\r\n        <div class=\"container container--wide\">\r\n        \n\n<div class=\"wp-block-columns are-vertically-aligned-center is-layout-flex wp-container-core-columns-is-layout-9d6595d7 wp-block-columns-is-layout-flex\">\n<div class=\"wp-block-column is-vertically-aligned-center temoignages-haut animated fadeInLeft slow is-layout-flow wp-block-column-is-layout-flow\" style=\"flex-basis:50%\"><div class=\"wp-block-image\">\n<figure class=\"aligncenter size-full\"><img loading=\"lazy\" decoding=\"async\" width=\"512\" height=\"512\" src=\"https:\/\/www.coudoulets.com\/wp-content\/uploads\/2022\/05\/sea.png\" alt=\"Illustration rivi\u00e8re Ard\u00e8che Camping les Coudoulets\" class=\"wp-image-446\" srcset=\"https:\/\/www.coudoulets.com\/wp-content\/uploads\/2022\/05\/sea.png 512w, https:\/\/www.coudoulets.com\/wp-content\/uploads\/2022\/05\/sea-300x300.png 300w, https:\/\/www.coudoulets.com\/wp-content\/uploads\/2022\/05\/sea-150x150.png 150w\" sizes=\"auto, (max-width: 512px) 100vw, 512px\" \/><\/figure>\n<\/div>\n\n\n<h2 class=\"ls-heading wp-block-heading\"><strong>Bathe in the river Ard\u00e8che<\/strong><\/h2>\n\n\n\n<p class=\"ls-paragraph\">Take advantage of the <a href=\"\/en\/\">campsite&#8217;s privileged location<\/a> on the banks of the river Ard\u00e8che.<\/p>\n\n\n\n<p class=\"ls-paragraph\">The <strong>river Ard\u00e8che<\/strong> is accessible by stairs or by a small footpath. Enjoy the sandy and pebble beach\u2026 Swimming, fishing, canoes, inflatable boats\u2026<\/p>\n\n\n\n<p class=\"ls-paragraph\">Ideally situated on the banks of the Ard\u00e8che, the campsite Les Coudoulets allows you to enjoy the daily pleasures of one of the most beautiful rivers in France.<\/p>\n\n\n\n<p class=\"ls-paragraph\">On the programme: swimming, sand games and idleness in the heart of a sublime landscape. The Ard\u00e8che is an endless playground for nature lovers.<\/p>\n<\/div>\n\n\n\n<div class=\"wp-block-column is-vertically-aligned-center has-color-4-background-color has-background is-layout-flow wp-block-column-is-layout-flow\" style=\"flex-basis:50%\">\n<figure class=\"wp-block-gallery has-nested-images columns-2 is-cropped wp-block-gallery-1 is-layout-flex wp-block-gallery-is-layout-flex\">\n<figure class=\"wp-block-image size-full animated fadeInDown slow\"><a href=\"https:\/\/www.coudoulets.com\/wp-content\/uploads\/2022\/08\/camping-bord-de-riviere-canoe-kayak-ardeche.jpg\"><img loading=\"lazy\" decoding=\"async\" width=\"900\" height=\"600\" data-id=\"1207\" src=\"https:\/\/www.coudoulets.com\/wp-content\/uploads\/2022\/08\/camping-bord-de-riviere-canoe-kayak-ardeche.jpg\" alt=\"camping bord de rivi\u00e8re cano\u00eb kayak Ard\u00e8che\" class=\"wp-image-1207\" srcset=\"https:\/\/www.coudoulets.com\/wp-content\/uploads\/2022\/08\/camping-bord-de-riviere-canoe-kayak-ardeche.jpg 900w, https:\/\/www.coudoulets.com\/wp-content\/uploads\/2022\/08\/camping-bord-de-riviere-canoe-kayak-ardeche-300x200.jpg 300w, https:\/\/www.coudoulets.com\/wp-content\/uploads\/2022\/08\/camping-bord-de-riviere-canoe-kayak-ardeche-768x512.jpg 768w\" sizes=\"auto, (max-width: 900px) 100vw, 900px\" \/><\/a><\/figure>\n\n\n\n<figure class=\"wp-block-image size-full animated fadeInRight slow delay-100ms\"><a href=\"https:\/\/www.coudoulets.com\/wp-content\/uploads\/2022\/08\/camping-bord-de-lardeche.jpg\"><img loading=\"lazy\" decoding=\"async\" width=\"900\" height=\"600\" data-id=\"1211\" src=\"https:\/\/www.coudoulets.com\/wp-content\/uploads\/2022\/08\/camping-bord-de-lardeche.jpg\" alt=\"camping bord de l'Ard\u00e8che\" class=\"wp-image-1211\" srcset=\"https:\/\/www.coudoulets.com\/wp-content\/uploads\/2022\/08\/camping-bord-de-lardeche.jpg 900w, https:\/\/www.coudoulets.com\/wp-content\/uploads\/2022\/08\/camping-bord-de-lardeche-300x200.jpg 300w, https:\/\/www.coudoulets.com\/wp-content\/uploads\/2022\/08\/camping-bord-de-lardeche-768x512.jpg 768w\" sizes=\"auto, (max-width: 900px) 100vw, 900px\" \/><\/a><\/figure>\n\n\n\n<figure class=\"wp-block-image size-full animated fadeInUp slow delay-200ms\"><a href=\"https:\/\/www.coudoulets.com\/wp-content\/uploads\/2022\/08\/camping-bord-de-riviere-ardeche.jpg\"><img loading=\"lazy\" decoding=\"async\" width=\"900\" height=\"575\" data-id=\"1203\" src=\"https:\/\/www.coudoulets.com\/wp-content\/uploads\/2022\/08\/camping-bord-de-riviere-ardeche.jpg\" alt=\"camping bord de rivi\u00e8re ard\u00e8che\" class=\"wp-image-1203\" srcset=\"https:\/\/www.coudoulets.com\/wp-content\/uploads\/2022\/08\/camping-bord-de-riviere-ardeche.jpg 900w, https:\/\/www.coudoulets.com\/wp-content\/uploads\/2022\/08\/camping-bord-de-riviere-ardeche-300x192.jpg 300w, https:\/\/www.coudoulets.com\/wp-content\/uploads\/2022\/08\/camping-bord-de-riviere-ardeche-768x491.jpg 768w\" sizes=\"auto, (max-width: 900px) 100vw, 900px\" \/><\/a><\/figure>\n<\/figure>\n<\/div>\n<\/div>\n\n\r\n    <\/div>\r\n<\/section>\n\n<section id=\"ls-section-block_628ceb7e9e9ff\" class=\"ls-section  home-third fade-background page-two has-background-image\" >\r\n    <div class=\"ls-section__background-image opacity-100\"><img decoding=\"async\" src=\"https:\/\/www.coudoulets.com\/wp-content\/uploads\/2022\/08\/activites-nautiques-bord-de-lardeche.jpg\" alt=\"activit\u00e9s nautiques bord de l'Ard\u00e8che\"><\/div>    <div class=\"container container--wide\">\r\n        \n\n<div class=\"wp-block-columns is-layout-flex wp-container-core-columns-is-layout-9d6595d7 wp-block-columns-is-layout-flex\">\n<div class=\"wp-block-column is-layout-flow wp-block-column-is-layout-flow\" style=\"flex-basis:40%\"><\/div>\n\n\n\n<div class=\"wp-block-column is-vertically-aligned-center animated fadeInRight slow is-layout-flow wp-block-column-is-layout-flow\" style=\"flex-basis:60%\">\n<div class=\"wp-block-columns are-vertically-aligned-center is-layout-flex wp-container-core-columns-is-layout-9d6595d7 wp-block-columns-is-layout-flex\">\n<div class=\"wp-block-column is-vertically-aligned-center is-layout-flow wp-block-column-is-layout-flow\" style=\"flex-basis:150px\"><\/div>\n\n\n\n<div class=\"wp-block-column is-vertically-aligned-center is-layout-flow wp-block-column-is-layout-flow\">\n<div id=\"ls-heading ls-titre-div-block_628cebe59ea00\" class=\"ls-titre-div h2-like\" >\n    Feet in the water<\/div>\n\n\n\n<h2 class=\"ls-heading wp-block-heading\"><strong>Ideal river for fishing<\/strong><\/h2>\n\n\n\n<p class=\"ls-paragraph\">Our location on the river allows us to offer canoeing and kayaking rentals. This is a great way to train before embarking on the famous Gorges de l&#8217;Ard\u00e8che route! From the campsite, you can enjoy other water sports such as inflatable boats and paddle boats. Fishing is of course also one of the many leisure activities available. In the immediate vicinity of the campsite you can go canyoning or Via Ferrata along the river.<\/p>\n\n\n\n<p class=\"ls-paragraph\">The Ard\u00e8che is a deep river famous for the breathtaking landscapes it has sculpted. The Coudoulets campsite overlooks the river at a height of 26 metres. You can therefore enjoy all the advantages of a stay at the water&#8217;s edge, without the inconvenience: you are protected from the nightly humidity and the risk of flooding! However, the access to the beach is direct from the site.<\/p>\n<\/div>\n<\/div>\n<\/div>\n<\/div>\n\n\r\n    <\/div>\r\n<\/section>\n\n<section id=\"ls-section-block_62986cc289dd5\" class=\"ls-section  home-first page-four\" >\r\n        <div class=\"container container--wide\">\r\n        \n\n<div class=\"wp-block-columns are-vertically-aligned-center is-layout-flex wp-container-core-columns-is-layout-9d6595d7 wp-block-columns-is-layout-flex\">\n<div class=\"wp-block-column is-vertically-aligned-center temoignages-haut is-layout-flow wp-block-column-is-layout-flow\" style=\"flex-basis:50%\">\n<h2 class=\"ls-heading wp-block-heading\">\u00a0<strong>Water activities near the campsite<\/strong><\/h2>\n\n\n\n<p class=\"ls-paragraph\">The sand and pebble beach is spacious and partly shaded by trees. It is an ideal meeting place for a <strong>relaxing afternoon<\/strong> with the family or for a <strong>picnic<\/strong>.<\/p>\n\n\n\n<p class=\"ls-paragraph\">The sandy part is pleasant for swimming and makes it easy to launch canoes. The calmness of the Ard\u00e8che in this part of its course makes it possible to welcome the youngest swimmers.<\/p>\n\n\n\n<p class=\"ls-paragraph\">Go down a few steps and cast your line\u2026 The Fario trout (emblematic of the Ard\u00e8che) or the beautiful carp often caught under the campsite are yours.<\/p>\n\n\n\n<p class=\"ls-paragraph\">Between the aquatic area and the river, your holiday at the <a href=\"\/en\/campsite-pool-pradons\/\">campsite with heated swimming<\/a> pool will be all about water!<\/p>\n<\/div>\n\n\n\n<div class=\"wp-block-column is-vertically-aligned-center has-color-4-background-color has-background is-layout-flow wp-block-column-is-layout-flow\" style=\"flex-basis:50%\">\n<figure class=\"wp-block-gallery has-nested-images columns-2 is-cropped wp-block-gallery-2 is-layout-flex wp-block-gallery-is-layout-flex\">\n<figure class=\"wp-block-image size-full animated fadeInDown slow\"><a href=\"https:\/\/www.coudoulets.com\/wp-content\/uploads\/2022\/07\/activites-sportives-ruoms.jpg\"><img loading=\"lazy\" decoding=\"async\" width=\"900\" height=\"674\" data-id=\"982\" src=\"https:\/\/www.coudoulets.com\/wp-content\/uploads\/2022\/07\/activites-sportives-ruoms.jpg\" alt=\"activit\u00e9s aquatiques bord de rivi\u00e8re Ard\u00e8che\" class=\"wp-image-982\" srcset=\"https:\/\/www.coudoulets.com\/wp-content\/uploads\/2022\/07\/activites-sportives-ruoms.jpg 900w, https:\/\/www.coudoulets.com\/wp-content\/uploads\/2022\/07\/activites-sportives-ruoms-300x225.jpg 300w, https:\/\/www.coudoulets.com\/wp-content\/uploads\/2022\/07\/activites-sportives-ruoms-768x575.jpg 768w\" sizes=\"auto, (max-width: 900px) 100vw, 900px\" \/><\/a><\/figure>\n\n\n\n<figure class=\"wp-block-image size-full animated fadeInRight delay-100ms slow\"><a href=\"https:\/\/www.coudoulets.com\/wp-content\/uploads\/2022\/08\/canoe-kayak-camping-ardeche.jpg\"><img loading=\"lazy\" decoding=\"async\" width=\"900\" height=\"607\" data-id=\"1216\" src=\"https:\/\/www.coudoulets.com\/wp-content\/uploads\/2022\/08\/canoe-kayak-camping-ardeche.jpg\" alt=\"cano\u00eb kayak camping Ard\u00e8che\" class=\"wp-image-1216\" srcset=\"https:\/\/www.coudoulets.com\/wp-content\/uploads\/2022\/08\/canoe-kayak-camping-ardeche.jpg 900w, https:\/\/www.coudoulets.com\/wp-content\/uploads\/2022\/08\/canoe-kayak-camping-ardeche-300x202.jpg 300w, https:\/\/www.coudoulets.com\/wp-content\/uploads\/2022\/08\/canoe-kayak-camping-ardeche-768x518.jpg 768w\" sizes=\"auto, (max-width: 900px) 100vw, 900px\" \/><\/a><\/figure>\n\n\n\n<figure class=\"wp-block-image size-full animated fadeInUp slow delay-200ms\"><a href=\"https:\/\/www.coudoulets.com\/wp-content\/uploads\/2022\/08\/camping-familiale-bord-de-lardeche.jpg\"><img loading=\"lazy\" decoding=\"async\" width=\"900\" height=\"600\" data-id=\"1220\" src=\"https:\/\/www.coudoulets.com\/wp-content\/uploads\/2022\/08\/camping-familiale-bord-de-lardeche.jpg\" alt=\"camping familiale bord de l'Ard\u00e8che\" class=\"wp-image-1220\" srcset=\"https:\/\/www.coudoulets.com\/wp-content\/uploads\/2022\/08\/camping-familiale-bord-de-lardeche.jpg 900w, https:\/\/www.coudoulets.com\/wp-content\/uploads\/2022\/08\/camping-familiale-bord-de-lardeche-300x200.jpg 300w, https:\/\/www.coudoulets.com\/wp-content\/uploads\/2022\/08\/camping-familiale-bord-de-lardeche-768x512.jpg 768w\" sizes=\"auto, (max-width: 900px) 100vw, 900px\" \/><\/a><\/figure>\n<\/figure>\n<\/div>\n<\/div>\n\n\r\n    <\/div>\r\n<\/section>\n\n<section id=\"ls-section-block_628cec679ea01\" class=\"ls-section  home-fourth cta-interne\" >\r\n        <div class=\"container container--wide\">\r\n        \n\n<div class=\"wp-block-columns is-layout-flex wp-container-core-columns-is-layout-9d6595d7 wp-block-columns-is-layout-flex\">\n<div class=\"wp-block-column is-layout-flow wp-block-column-is-layout-flow\">\n<div id=\"ls-heading ls-titre-div-block_63231a1aef763\" class=\"ls-titre-div aligncenter h2-like\" >\n    Discover our <strong>restaurant and aquatic area<\/strong>.<\/div>\n\n\n<div id=\"ls-maillage-block_629869b189dd4\" class=\"ls-maillage cta-style-normal\" data-rows=\"3\">\r\n    <div class=\"wp-block-columns\"><div class=\"wp-block-column\"><div class=\"ls-cta\">\n\n<a href=\"https:\/\/www.coudoulets.com\/en\/campsite-activities-pradons\/\" target=\"\" rel=\"noopener\" class=\"ls-cta__link\">\n\n\t<div class=\"ls-cta__image\"><img decoding=\"async\" src=\"https:\/\/www.coudoulets.com\/wp-content\/uploads\/2022\/07\/activites-sportives-camping-ardeche-768x492.jpg\" alt=\"activit\u00e9s sportives camping ard\u00e8che\"><\/div>\n\t<div class=\"ls-cta__title\">\n\t\tEntertainment\t<\/div>\n\n\t\n<\/a><\/div><\/div><div class=\"wp-block-column\"><div class=\"ls-cta\">\n\n<a href=\"https:\/\/www.coudoulets.com\/en\/campsite-pool-pradons\/\" target=\"\" rel=\"noopener\" class=\"ls-cta__link\">\n\n\t<div class=\"ls-cta__image\"><img decoding=\"async\" src=\"https:\/\/www.coudoulets.com\/wp-content\/uploads\/2022\/10\/coudoulets-piscine-768x576.jpg\" alt=\"piscine coudoulets\"><\/div>\n\t<div class=\"ls-cta__title\">\n\t\tAquatic area\t<\/div>\n\n\t\n<\/a><\/div><\/div><div class=\"wp-block-column\"><div class=\"ls-cta\">\n\n<a href=\"https:\/\/www.coudoulets.com\/en\/campsite-catering-pradons\/\" target=\"\" rel=\"noopener\" class=\"ls-cta__link\">\n\n\t<div class=\"ls-cta__image\"><img decoding=\"async\" src=\"https:\/\/www.coudoulets.com\/wp-content\/uploads\/2022\/07\/restaurants-camping-ruoms-768x491.jpg\" alt=\"restaurants camping ruoms\"><\/div>\n\t<div class=\"ls-cta__title\">\n\t\tRestaurant\t<\/div>\n\n\t\n<\/a><\/div><\/div><\/div><\/div><\/div>\n<\/div>\n\n\r\n    <\/div>\r\n<\/section>","protected":false},"excerpt":{"rendered":"<p>Direct access to the river from the campsite at Pradons in Ard\u00e8che<\/p>\n","protected":false},"author":1,"featured_media":3836,"parent":0,"menu_order":0,"comment_status":"closed","ping_status":"closed","template":"","meta":{"_acf_changed":false,"footnotes":""},"sujet":[],"class_list":["post-2928","page","type-page","status-publish","has-post-thumbnail","hentry"],"acf":[],"yoast_head":"<!-- This site is optimized with the Yoast SEO plugin v25.3 - https:\/\/yoast.com\/wordpress\/plugins\/seo\/ -->\n<title>Campsite riverfront Pradons | Ard\u00e8che fishing campsite<\/title>\n<meta name=\"robots\" content=\"index, follow, max-snippet:-1, max-image-preview:large, max-video-preview:-1\" \/>\n<link rel=\"canonical\" href=\"https:\/\/www.coudoulets.com\/en\/campsite-edge-of-the-river-pradons\/\" \/>\n<meta property=\"og:locale\" content=\"en_US\" \/>\n<meta property=\"og:type\" content=\"article\" \/>\n<meta property=\"og:title\" content=\"Campsite riverfront Pradons | Ard\u00e8che fishing campsite\" \/>\n<meta property=\"og:description\" content=\"Direct access to the river from the campsite at Pradons in Ard\u00e8che\" \/>\n<meta property=\"og:url\" content=\"https:\/\/www.coudoulets.com\/en\/campsite-edge-of-the-river-pradons\/\" \/>\n<meta property=\"og:site_name\" content=\"Les Coudoulets\" \/>\n<meta property=\"article:modified_time\" content=\"2022-10-19T09:42:56+00:00\" \/>\n<meta property=\"og:image\" content=\"https:\/\/www.coudoulets.com\/wp-content\/uploads\/2022\/08\/camping-bord-de-riviere-pradons.jpg\" \/>\n\t<meta property=\"og:image:width\" content=\"1900\" \/>\n\t<meta property=\"og:image:height\" content=\"802\" \/>\n\t<meta property=\"og:image:type\" content=\"image\/jpeg\" \/>\n<meta name=\"twitter:card\" content=\"summary_large_image\" \/>\n<meta name=\"twitter:label1\" content=\"Est. reading time\" \/>\n\t<meta name=\"twitter:data1\" content=\"4 minutes\" \/>\n<script type=\"application\/ld+json\" class=\"yoast-schema-graph\">{\"@context\":\"https:\/\/schema.org\",\"@graph\":[{\"@type\":\"WebPage\",\"@id\":\"https:\/\/www.coudoulets.com\/en\/campsite-edge-of-the-river-pradons\/\",\"url\":\"https:\/\/www.coudoulets.com\/en\/campsite-edge-of-the-river-pradons\/\",\"name\":\"Campsite riverfront Pradons | Ard\u00e8che fishing campsite\",\"isPartOf\":{\"@id\":\"https:\/\/www.coudoulets.com\/#website\"},\"primaryImageOfPage\":{\"@id\":\"https:\/\/www.coudoulets.com\/en\/campsite-edge-of-the-river-pradons\/#primaryimage\"},\"image\":{\"@id\":\"https:\/\/www.coudoulets.com\/en\/campsite-edge-of-the-river-pradons\/#primaryimage\"},\"thumbnailUrl\":\"https:\/\/www.coudoulets.com\/wp-content\/uploads\/2022\/10\/camping-bord-de-riviere-pradons.jpg\",\"datePublished\":\"2022-05-24T08:12:24+00:00\",\"dateModified\":\"2022-10-19T09:42:56+00:00\",\"breadcrumb\":{\"@id\":\"https:\/\/www.coudoulets.com\/en\/campsite-edge-of-the-river-pradons\/#breadcrumb\"},\"inLanguage\":\"en-US\",\"potentialAction\":[{\"@type\":\"ReadAction\",\"target\":[\"https:\/\/www.coudoulets.com\/en\/campsite-edge-of-the-river-pradons\/\"]}]},{\"@type\":\"ImageObject\",\"inLanguage\":\"en-US\",\"@id\":\"https:\/\/www.coudoulets.com\/en\/campsite-edge-of-the-river-pradons\/#primaryimage\",\"url\":\"https:\/\/www.coudoulets.com\/wp-content\/uploads\/2022\/10\/camping-bord-de-riviere-pradons.jpg\",\"contentUrl\":\"https:\/\/www.coudoulets.com\/wp-content\/uploads\/2022\/10\/camping-bord-de-riviere-pradons.jpg\",\"width\":1900,\"height\":802,\"caption\":\"camping bord de riviere pradons\"},{\"@type\":\"BreadcrumbList\",\"@id\":\"https:\/\/www.coudoulets.com\/en\/campsite-edge-of-the-river-pradons\/#breadcrumb\",\"itemListElement\":[{\"@type\":\"ListItem\",\"position\":1,\"name\":\"Campsite Ard\u00e8che\",\"item\":\"https:\/\/www.coudoulets.com\/en\/\"},{\"@type\":\"ListItem\",\"position\":2,\"name\":\"Campsite by the river in Pradons\"}]},{\"@type\":\"WebSite\",\"@id\":\"https:\/\/www.coudoulets.com\/#website\",\"url\":\"https:\/\/www.coudoulets.com\/\",\"name\":\"Les Coudoulets\",\"description\":\"\",\"publisher\":{\"@id\":\"https:\/\/www.coudoulets.com\/#organization\"},\"potentialAction\":[{\"@type\":\"SearchAction\",\"target\":{\"@type\":\"EntryPoint\",\"urlTemplate\":\"https:\/\/www.coudoulets.com\/?s={search_term_string}\"},\"query-input\":{\"@type\":\"PropertyValueSpecification\",\"valueRequired\":true,\"valueName\":\"search_term_string\"}}],\"inLanguage\":\"en-US\"},{\"@type\":\"Organization\",\"@id\":\"https:\/\/www.coudoulets.com\/#organization\",\"name\":\"Camping Les Coudoulets\",\"url\":\"https:\/\/www.coudoulets.com\/\",\"logo\":{\"@type\":\"ImageObject\",\"inLanguage\":\"en-US\",\"@id\":\"https:\/\/www.coudoulets.com\/#\/schema\/logo\/image\/\",\"url\":\"https:\/\/www.coudoulets.com\/wp-content\/uploads\/2022\/05\/cropped-favicon-camping-les-coudoulets.png\",\"contentUrl\":\"https:\/\/www.coudoulets.com\/wp-content\/uploads\/2022\/05\/cropped-favicon-camping-les-coudoulets.png\",\"width\":512,\"height\":512,\"caption\":\"Camping Les Coudoulets\"},\"image\":{\"@id\":\"https:\/\/www.coudoulets.com\/#\/schema\/logo\/image\/\"}}]}<\/script>\n<!-- \/ Yoast SEO plugin. -->","yoast_head_json":{"title":"Campsite riverfront Pradons | Ard\u00e8che fishing campsite","robots":{"index":"index","follow":"follow","max-snippet":"max-snippet:-1","max-image-preview":"max-image-preview:large","max-video-preview":"max-video-preview:-1"},"canonical":"https:\/\/www.coudoulets.com\/en\/campsite-edge-of-the-river-pradons\/","og_locale":"en_US","og_type":"article","og_title":"Campsite riverfront Pradons | Ard\u00e8che fishing campsite","og_description":"Direct access to the river from the campsite at Pradons in Ard\u00e8che","og_url":"https:\/\/www.coudoulets.com\/en\/campsite-edge-of-the-river-pradons\/","og_site_name":"Les Coudoulets","article_modified_time":"2022-10-19T09:42:56+00:00","og_image":[{"width":1900,"height":802,"url":"https:\/\/www.coudoulets.com\/wp-content\/uploads\/2022\/08\/camping-bord-de-riviere-pradons.jpg","type":"image\/jpeg"}],"twitter_card":"summary_large_image","twitter_misc":{"Est. reading time":"4 minutes"},"schema":{"@context":"https:\/\/schema.org","@graph":[{"@type":"WebPage","@id":"https:\/\/www.coudoulets.com\/en\/campsite-edge-of-the-river-pradons\/","url":"https:\/\/www.coudoulets.com\/en\/campsite-edge-of-the-river-pradons\/","name":"Campsite riverfront Pradons | Ard\u00e8che fishing campsite","isPartOf":{"@id":"https:\/\/www.coudoulets.com\/#website"},"primaryImageOfPage":{"@id":"https:\/\/www.coudoulets.com\/en\/campsite-edge-of-the-river-pradons\/#primaryimage"},"image":{"@id":"https:\/\/www.coudoulets.com\/en\/campsite-edge-of-the-river-pradons\/#primaryimage"},"thumbnailUrl":"https:\/\/www.coudoulets.com\/wp-content\/uploads\/2022\/10\/camping-bord-de-riviere-pradons.jpg","datePublished":"2022-05-24T08:12:24+00:00","dateModified":"2022-10-19T09:42:56+00:00","breadcrumb":{"@id":"https:\/\/www.coudoulets.com\/en\/campsite-edge-of-the-river-pradons\/#breadcrumb"},"inLanguage":"en-US","potentialAction":[{"@type":"ReadAction","target":["https:\/\/www.coudoulets.com\/en\/campsite-edge-of-the-river-pradons\/"]}]},{"@type":"ImageObject","inLanguage":"en-US","@id":"https:\/\/www.coudoulets.com\/en\/campsite-edge-of-the-river-pradons\/#primaryimage","url":"https:\/\/www.coudoulets.com\/wp-content\/uploads\/2022\/10\/camping-bord-de-riviere-pradons.jpg","contentUrl":"https:\/\/www.coudoulets.com\/wp-content\/uploads\/2022\/10\/camping-bord-de-riviere-pradons.jpg","width":1900,"height":802,"caption":"camping bord de riviere pradons"},{"@type":"BreadcrumbList","@id":"https:\/\/www.coudoulets.com\/en\/campsite-edge-of-the-river-pradons\/#breadcrumb","itemListElement":[{"@type":"ListItem","position":1,"name":"Campsite Ard\u00e8che","item":"https:\/\/www.coudoulets.com\/en\/"},{"@type":"ListItem","position":2,"name":"Campsite by the river in Pradons"}]},{"@type":"WebSite","@id":"https:\/\/www.coudoulets.com\/#website","url":"https:\/\/www.coudoulets.com\/","name":"Les Coudoulets","description":"","publisher":{"@id":"https:\/\/www.coudoulets.com\/#organization"},"potentialAction":[{"@type":"SearchAction","target":{"@type":"EntryPoint","urlTemplate":"https:\/\/www.coudoulets.com\/?s={search_term_string}"},"query-input":{"@type":"PropertyValueSpecification","valueRequired":true,"valueName":"search_term_string"}}],"inLanguage":"en-US"},{"@type":"Organization","@id":"https:\/\/www.coudoulets.com\/#organization","name":"Camping Les Coudoulets","url":"https:\/\/www.coudoulets.com\/","logo":{"@type":"ImageObject","inLanguage":"en-US","@id":"https:\/\/www.coudoulets.com\/#\/schema\/logo\/image\/","url":"https:\/\/www.coudoulets.com\/wp-content\/uploads\/2022\/05\/cropped-favicon-camping-les-coudoulets.png","contentUrl":"https:\/\/www.coudoulets.com\/wp-content\/uploads\/2022\/05\/cropped-favicon-camping-les-coudoulets.png","width":512,"height":512,"caption":"Camping Les Coudoulets"},"image":{"@id":"https:\/\/www.coudoulets.com\/#\/schema\/logo\/image\/"}}]}},"_links":{"self":[{"href":"https:\/\/www.coudoulets.com\/en\/wp-json\/wp\/v2\/pages\/2928","targetHints":{"allow":["GET"]}}],"collection":[{"href":"https:\/\/www.coudoulets.com\/en\/wp-json\/wp\/v2\/pages"}],"about":[{"href":"https:\/\/www.coudoulets.com\/en\/wp-json\/wp\/v2\/types\/page"}],"author":[{"embeddable":true,"href":"https:\/\/www.coudoulets.com\/en\/wp-json\/wp\/v2\/users\/1"}],"replies":[{"embeddable":true,"href":"https:\/\/www.coudoulets.com\/en\/wp-json\/wp\/v2\/comments?post=2928"}],"version-history":[{"count":11,"href":"https:\/\/www.coudoulets.com\/en\/wp-json\/wp\/v2\/pages\/2928\/revisions"}],"predecessor-version":[{"id":2951,"href":"https:\/\/www.coudoulets.com\/en\/wp-json\/wp\/v2\/pages\/2928\/revisions\/2951"}],"wp:featuredmedia":[{"embeddable":true,"href":"https:\/\/www.coudoulets.com\/en\/wp-json\/wp\/v2\/media\/3836"}],"wp:attachment":[{"href":"https:\/\/www.coudoulets.com\/en\/wp-json\/wp\/v2\/media?parent=2928"}],"wp:term":[{"taxonomy":"sujet","embeddable":true,"href":"https:\/\/www.coudoulets.com\/en\/wp-json\/wp\/v2\/sujet?post=2928"}],"curies":[{"name":"wp","href":"https:\/\/api.w.org\/{rel}","templated":true}]}}