{"id":2968,"date":"2022-05-24T10:22:29","date_gmt":"2022-05-24T08:22:29","guid":{"rendered":"https:\/\/www.coudoulets.com\/contact-acces\/"},"modified":"2022-10-19T12:28:34","modified_gmt":"2022-10-19T10:28:34","slug":"contact-access","status":"publish","type":"page","link":"https:\/\/www.coudoulets.com\/en\/contact-access\/","title":{"rendered":"Contact et acc\u00e8s"},"content":{"rendered":"<section id=\"ls-section-block_62b417eff5748\" class=\"ls-section  white-background has-p-t p-t-0\" >\r\n        <div class=\"container container--small\">\r\n        \n\n<div class=\"wp-block-columns is-layout-flex wp-container-core-columns-is-layout-9d6595d7 wp-block-columns-is-layout-flex\">\n<div class=\"wp-block-column is-layout-flow wp-block-column-is-layout-flow\">\n<h1 class=\"ls__heading has-text-align-center wp-block-heading\">Contact and access<\/h1>\n<\/div>\n<\/div>\n\n\n\n<div class=\"wp-block-columns is-layout-flex wp-container-core-columns-is-layout-9d6595d7 wp-block-columns-is-layout-flex\">\n<div class=\"wp-block-column is-layout-flow wp-block-column-is-layout-flow\">\n<h2 class=\"ls__heading has-text-align-center m-t-0 wp-block-heading\">Contact us for more information<\/h2>\n\n\n\n<p class=\"ls-paragraph has-text-align-center\">If you have any questions or would like to book a stay at campsite Les Coudoulets, please use our contact form below:<\/p>\n\n\n\n<div class=\"wpcf7 no-js\" id=\"wpcf7-f2983-o1\" lang=\"fr-FR\" dir=\"ltr\">\n<div class=\"screen-reader-response\"><p role=\"status\" aria-live=\"polite\" aria-atomic=\"true\"><\/p> <ul><\/ul><\/div>\n<form action=\"\/en\/wp-json\/wp\/v2\/pages\/2968#wpcf7-f2983-o1\" method=\"post\" class=\"wpcf7-form init\" aria-label=\"Formulaire de contact\" novalidate=\"novalidate\" data-status=\"init\">\n<div style=\"display: none;\">\n<input type=\"hidden\" name=\"_wpcf7\" value=\"2983\" \/>\n<input type=\"hidden\" name=\"_wpcf7_version\" value=\"5.9.8\" \/>\n<input type=\"hidden\" name=\"_wpcf7_locale\" value=\"fr_FR\" \/>\n<input type=\"hidden\" name=\"_wpcf7_unit_tag\" value=\"wpcf7-f2983-o1\" \/>\n<input type=\"hidden\" name=\"_wpcf7_container_post\" value=\"0\" \/>\n<input type=\"hidden\" name=\"_wpcf7_posted_data_hash\" value=\"\" \/>\n<input type=\"hidden\" name=\"_wpcf7_recaptcha_response\" value=\"\" \/>\n<\/div>\n<div class=\"wp-container-7 wp-block-columns\">\n\t<div class=\"wp-block-column\">\n\t\t<p><label> Your name<br \/>\n<span class=\"wpcf7-form-control-wrap\" data-name=\"your-name\"><input size=\"40\" maxlength=\"400\" class=\"wpcf7-form-control wpcf7-text wpcf7-validates-as-required\" aria-required=\"true\" aria-invalid=\"false\" value=\"\" type=\"text\" name=\"your-name\" \/><\/span> <\/label>\n\t\t<\/p>\n\t<\/div>\n\t<div class=\"wp-block-column\">\n\t\t<p><label> Your first name<br \/>\n<span class=\"wpcf7-form-control-wrap\" data-name=\"prenom\"><input size=\"40\" maxlength=\"400\" class=\"wpcf7-form-control wpcf7-text wpcf7-validates-as-required\" aria-required=\"true\" aria-invalid=\"false\" value=\"\" type=\"text\" name=\"prenom\" \/><\/span> <\/label>\n\t\t<\/p>\n\t<\/div>\n<\/div>\n<div class=\"wp-container-7 wp-block-columns\">\n\t<div class=\"wp-block-column\">\n\t\t<p><label> Your e-mail address<br \/>\n<span class=\"wpcf7-form-control-wrap\" data-name=\"your-email\"><input size=\"40\" maxlength=\"400\" class=\"wpcf7-form-control wpcf7-email wpcf7-validates-as-required wpcf7-text wpcf7-validates-as-email\" aria-required=\"true\" aria-invalid=\"false\" value=\"\" type=\"email\" name=\"your-email\" \/><\/span> <\/label>\n\t\t<\/p>\n\t<\/div>\n<\/div>\n<div class=\"wp-container-7 wp-block-columns\">\n\t<div class=\"wp-block-column\">\n\t\t<p><label> Number of people<br \/>\n<span class=\"wpcf7-form-control-wrap\" data-name=\"nbre-personnes\"><input size=\"40\" maxlength=\"400\" class=\"wpcf7-form-control wpcf7-text wpcf7-validates-as-required\" aria-required=\"true\" aria-invalid=\"false\" value=\"\" type=\"text\" name=\"nbre-personnes\" \/><\/span> <\/label>\n\t\t<\/p>\n\t<\/div>\n\t<div class=\"wp-block-column\">\n\t\t<p><label> Age of holidaymakers<br \/>\n<span class=\"wpcf7-form-control-wrap\" data-name=\"age-vacanciers\"><input size=\"40\" maxlength=\"400\" class=\"wpcf7-form-control wpcf7-text wpcf7-validates-as-required\" aria-required=\"true\" aria-invalid=\"false\" value=\"\" type=\"text\" name=\"age-vacanciers\" \/><\/span> <\/label>\n\t\t<\/p>\n\t<\/div>\n\t<div class=\"wp-block-column\">\n\t\t<p><label> Nationality<br \/>\n<span class=\"wpcf7-form-control-wrap\" data-name=\"nationalite\"><input size=\"40\" maxlength=\"400\" class=\"wpcf7-form-control wpcf7-text wpcf7-validates-as-required\" aria-required=\"true\" aria-invalid=\"false\" value=\"\" type=\"text\" name=\"nationalite\" \/><\/span> <\/label>\n\t\t<\/p>\n\t<\/div>\n<\/div>\n<div class=\"wp-container-7 wp-block-columns\">\n\t<div class=\"wp-block-column\">\n\t\t<p><label> Type of accommodation :<\/label><br \/>\n<span class=\"wpcf7-form-control-wrap\" data-name=\"type-hebergement\"><span class=\"wpcf7-form-control wpcf7-checkbox wpcf7-validates-as-required\"><span class=\"wpcf7-list-item first\"><label><span class=\"wpcf7-list-item-label\">Rental<\/span><input type=\"checkbox\" name=\"type-hebergement[]\" value=\"Rental\" \/><\/label><\/span><span class=\"wpcf7-list-item last\"><label><span class=\"wpcf7-list-item-label\">Pitch<\/span><input type=\"checkbox\" name=\"type-hebergement[]\" value=\"Pitch\" \/><\/label><\/span><\/span><\/span>\n\t\t<\/p>\n\t<\/div>\n\t<div class=\"wp-block-column\">\n\t\t<p><label> Date of arrival<br \/>\n<span class=\"wpcf7-form-control-wrap\" data-name=\"date-arrivee\"><input class=\"wpcf7-form-control wpcf7-date wpcf7-validates-as-required wpcf7-validates-as-date\" aria-required=\"true\" aria-invalid=\"false\" value=\"\" type=\"date\" name=\"date-arrivee\" \/><\/span> <\/label>\n\t\t<\/p>\n\t<\/div>\n\t<div class=\"wp-block-column\">\n\t\t<p><label> Departure date<br \/>\n<span class=\"wpcf7-form-control-wrap\" data-name=\"date-depart\"><input class=\"wpcf7-form-control wpcf7-date wpcf7-validates-as-required wpcf7-validates-as-date\" aria-required=\"true\" aria-invalid=\"false\" value=\"\" type=\"date\" name=\"date-depart\" \/><\/span> <\/label>\n\t\t<\/p>\n\t<\/div>\n<\/div>\n<p><label> Your message<br \/>\n<span class=\"wpcf7-form-control-wrap\" data-name=\"your-message\"><textarea cols=\"40\" rows=\"10\" maxlength=\"2000\" class=\"wpcf7-form-control wpcf7-textarea wpcf7-validates-as-required\" aria-required=\"true\" aria-invalid=\"false\" name=\"your-message\"><\/textarea><\/span> <\/label>\n<\/p>\n<p><label class=\"case-a-cocher\"><span class=\"wpcf7-form-control-wrap\" data-name=\"acceptance-553\"><span class=\"wpcf7-form-control wpcf7-acceptance\"><span class=\"wpcf7-list-item\"><input type=\"checkbox\" name=\"acceptance-553\" value=\"1\" aria-invalid=\"false\" \/><\/span><\/span><\/span> <span>By ticking this box, I accept the <a href=\"\/en\/privacy-policy\/\" rel=\"nofollow\">Privacy Policy<\/a> of this site.<\/span><\/label>\n<\/p>\n<p><input class=\"wpcf7-form-control wpcf7-submit has-spinner\" type=\"submit\" value=\"Send\" \/>\n<\/p><div class=\"wpcf7-response-output\" aria-hidden=\"true\"><\/div>\n<\/form>\n<\/div>\n\n<\/div>\n<\/div>\n\n\r\n    <\/div>\r\n<\/section>\n\n<section id=\"ls-section-block_62b419d91210f\" class=\"ls-section  p-t-0\" >\r\n        <div class=\"container container--full\">\r\n        \n\n<div class=\"wp-block-columns is-layout-flex wp-container-core-columns-is-layout-9d6595d7 wp-block-columns-is-layout-flex\">\n<div class=\"wp-block-column is-layout-flow wp-block-column-is-layout-flow\">\n<iframe src=\"https:\/\/www.google.com\/maps\/embed?pb=!1m18!1m12!1m3!1d859.8272110379535!2d4.357884793534734!3d44.47626171594684!2m3!1f0!2f0!3f0!3m2!1i1024!2i768!4f13.1!3m3!1m2!1s0x12b4e2d7f6bf064b%3A0xfcd998b8566d90c7!2sCamping%20Ardeche%20Les%20Coudoulets!5e1!3m2!1sfr!2sfr!4v1660313310488!5m2!1sfr!2sfr\" width=\"100%\" height=\"450\" style=\"border:0;\" allowfullscreen=\"\" loading=\"lazy\" referrerpolicy=\"no-referrer-when-downgrade\"><\/iframe>\n<\/div>\n\n\n\n<div class=\"wp-block-column is-vertically-aligned-center is-layout-flow wp-block-column-is-layout-flow\">\n<h2 class=\"ls-heading wp-block-heading\">How to get to the campsite<\/h2>\n\n\n\n<p class=\"ls-paragraph\">By car, this is the best way to get to <a href=\"\/en\/\">Camping les Coudoulets<\/a>\u2026<\/p>\n\n\n\n<p class=\"ls-paragraph\">If you are coming from the <strong>north <\/strong>on the<strong> A7 Autoroute du Soleil<\/strong>, exit Mont\u00e9limar Nord, Le Teil, Villeneuve de Berg, St Germain, Vog\u00fc\u00e9, Pradons and here you are on holiday at the campsite les Coudoulets\u2026<\/p>\n\n\n\n<p class=\"ls-paragraph\">If you come from the <strong>South<\/strong> by the <strong>A7 motorway<\/strong>, exit Boll\u00e8ne, Bourg St And\u00e9ol, Saint Rem\u00e8ze, Vallon Pont d&#8217;Arc, Ruoms, Pradons\u2026 and here you are on holiday at the campsite les Coudoulets\u2026<\/p>\n\n\n\n<p class=\"ls-paragraph\">If you come from the <strong>centre <\/strong>by the <strong>motorway from Clermont Ferrand<\/strong>, Exit Brioude, Direction Le Puy, Direction Aubenas, Direction Ruoms, Pradons \u2026 and you are on holiday at the campsite les Coudoulets \u2026<\/p>\n<\/div>\n<\/div>\n\n\r\n    <\/div>\r\n<\/section>","protected":false},"excerpt":{"rendered":"","protected":false},"author":1,"featured_media":0,"parent":0,"menu_order":0,"comment_status":"closed","ping_status":"closed","template":"","meta":{"_acf_changed":false,"footnotes":""},"sujet":[],"class_list":["post-2968","page","type-page","status-publish","hentry"],"acf":[],"yoast_head":"<!-- This site is optimized with the Yoast SEO plugin v25.3 - https:\/\/yoast.com\/wordpress\/plugins\/seo\/ -->\n<title>Contact the campsite | Directions to the campsite<\/title>\n<meta name=\"robots\" content=\"index, follow, max-snippet:-1, max-image-preview:large, max-video-preview:-1\" \/>\n<link rel=\"canonical\" href=\"https:\/\/www.coudoulets.com\/en\/contact-access\/\" \/>\n<meta property=\"og:locale\" content=\"en_US\" \/>\n<meta property=\"og:type\" content=\"article\" \/>\n<meta property=\"og:title\" content=\"Contact the campsite | Directions to the campsite\" \/>\n<meta property=\"og:url\" content=\"https:\/\/www.coudoulets.com\/en\/contact-access\/\" \/>\n<meta property=\"og:site_name\" content=\"Les Coudoulets\" \/>\n<meta property=\"article:modified_time\" content=\"2022-10-19T10:28:34+00:00\" \/>\n<meta name=\"twitter:card\" content=\"summary_large_image\" \/>\n<meta name=\"twitter:label1\" content=\"Est. reading time\" \/>\n\t<meta name=\"twitter:data1\" content=\"1 minute\" \/>\n<script type=\"application\/ld+json\" class=\"yoast-schema-graph\">{\"@context\":\"https:\/\/schema.org\",\"@graph\":[{\"@type\":\"WebPage\",\"@id\":\"https:\/\/www.coudoulets.com\/en\/contact-access\/\",\"url\":\"https:\/\/www.coudoulets.com\/en\/contact-access\/\",\"name\":\"Contact the campsite | Directions to the campsite\",\"isPartOf\":{\"@id\":\"https:\/\/www.coudoulets.com\/#website\"},\"datePublished\":\"2022-05-24T08:22:29+00:00\",\"dateModified\":\"2022-10-19T10:28:34+00:00\",\"breadcrumb\":{\"@id\":\"https:\/\/www.coudoulets.com\/en\/contact-access\/#breadcrumb\"},\"inLanguage\":\"en-US\",\"potentialAction\":[{\"@type\":\"ReadAction\",\"target\":[\"https:\/\/www.coudoulets.com\/en\/contact-access\/\"]}]},{\"@type\":\"BreadcrumbList\",\"@id\":\"https:\/\/www.coudoulets.com\/en\/contact-access\/#breadcrumb\",\"itemListElement\":[{\"@type\":\"ListItem\",\"position\":1,\"name\":\"Campsite Ard\u00e8che\",\"item\":\"https:\/\/www.coudoulets.com\/en\/\"},{\"@type\":\"ListItem\",\"position\":2,\"name\":\"Contact and directions\"}]},{\"@type\":\"WebSite\",\"@id\":\"https:\/\/www.coudoulets.com\/#website\",\"url\":\"https:\/\/www.coudoulets.com\/\",\"name\":\"Les Coudoulets\",\"description\":\"\",\"publisher\":{\"@id\":\"https:\/\/www.coudoulets.com\/#organization\"},\"potentialAction\":[{\"@type\":\"SearchAction\",\"target\":{\"@type\":\"EntryPoint\",\"urlTemplate\":\"https:\/\/www.coudoulets.com\/?s={search_term_string}\"},\"query-input\":{\"@type\":\"PropertyValueSpecification\",\"valueRequired\":true,\"valueName\":\"search_term_string\"}}],\"inLanguage\":\"en-US\"},{\"@type\":\"Organization\",\"@id\":\"https:\/\/www.coudoulets.com\/#organization\",\"name\":\"Camping Les Coudoulets\",\"url\":\"https:\/\/www.coudoulets.com\/\",\"logo\":{\"@type\":\"ImageObject\",\"inLanguage\":\"en-US\",\"@id\":\"https:\/\/www.coudoulets.com\/#\/schema\/logo\/image\/\",\"url\":\"https:\/\/www.coudoulets.com\/wp-content\/uploads\/2022\/05\/cropped-favicon-camping-les-coudoulets.png\",\"contentUrl\":\"https:\/\/www.coudoulets.com\/wp-content\/uploads\/2022\/05\/cropped-favicon-camping-les-coudoulets.png\",\"width\":512,\"height\":512,\"caption\":\"Camping Les Coudoulets\"},\"image\":{\"@id\":\"https:\/\/www.coudoulets.com\/#\/schema\/logo\/image\/\"}}]}<\/script>\n<!-- \/ Yoast SEO plugin. -->","yoast_head_json":{"title":"Contact the campsite | Directions to the campsite","robots":{"index":"index","follow":"follow","max-snippet":"max-snippet:-1","max-image-preview":"max-image-preview:large","max-video-preview":"max-video-preview:-1"},"canonical":"https:\/\/www.coudoulets.com\/en\/contact-access\/","og_locale":"en_US","og_type":"article","og_title":"Contact the campsite | Directions to the campsite","og_url":"https:\/\/www.coudoulets.com\/en\/contact-access\/","og_site_name":"Les Coudoulets","article_modified_time":"2022-10-19T10:28:34+00:00","twitter_card":"summary_large_image","twitter_misc":{"Est. reading time":"1 minute"},"schema":{"@context":"https:\/\/schema.org","@graph":[{"@type":"WebPage","@id":"https:\/\/www.coudoulets.com\/en\/contact-access\/","url":"https:\/\/www.coudoulets.com\/en\/contact-access\/","name":"Contact the campsite | Directions to the campsite","isPartOf":{"@id":"https:\/\/www.coudoulets.com\/#website"},"datePublished":"2022-05-24T08:22:29+00:00","dateModified":"2022-10-19T10:28:34+00:00","breadcrumb":{"@id":"https:\/\/www.coudoulets.com\/en\/contact-access\/#breadcrumb"},"inLanguage":"en-US","potentialAction":[{"@type":"ReadAction","target":["https:\/\/www.coudoulets.com\/en\/contact-access\/"]}]},{"@type":"BreadcrumbList","@id":"https:\/\/www.coudoulets.com\/en\/contact-access\/#breadcrumb","itemListElement":[{"@type":"ListItem","position":1,"name":"Campsite Ard\u00e8che","item":"https:\/\/www.coudoulets.com\/en\/"},{"@type":"ListItem","position":2,"name":"Contact and directions"}]},{"@type":"WebSite","@id":"https:\/\/www.coudoulets.com\/#website","url":"https:\/\/www.coudoulets.com\/","name":"Les Coudoulets","description":"","publisher":{"@id":"https:\/\/www.coudoulets.com\/#organization"},"potentialAction":[{"@type":"SearchAction","target":{"@type":"EntryPoint","urlTemplate":"https:\/\/www.coudoulets.com\/?s={search_term_string}"},"query-input":{"@type":"PropertyValueSpecification","valueRequired":true,"valueName":"search_term_string"}}],"inLanguage":"en-US"},{"@type":"Organization","@id":"https:\/\/www.coudoulets.com\/#organization","name":"Camping Les Coudoulets","url":"https:\/\/www.coudoulets.com\/","logo":{"@type":"ImageObject","inLanguage":"en-US","@id":"https:\/\/www.coudoulets.com\/#\/schema\/logo\/image\/","url":"https:\/\/www.coudoulets.com\/wp-content\/uploads\/2022\/05\/cropped-favicon-camping-les-coudoulets.png","contentUrl":"https:\/\/www.coudoulets.com\/wp-content\/uploads\/2022\/05\/cropped-favicon-camping-les-coudoulets.png","width":512,"height":512,"caption":"Camping Les Coudoulets"},"image":{"@id":"https:\/\/www.coudoulets.com\/#\/schema\/logo\/image\/"}}]}},"_links":{"self":[{"href":"https:\/\/www.coudoulets.com\/en\/wp-json\/wp\/v2\/pages\/2968","targetHints":{"allow":["GET"]}}],"collection":[{"href":"https:\/\/www.coudoulets.com\/en\/wp-json\/wp\/v2\/pages"}],"about":[{"href":"https:\/\/www.coudoulets.com\/en\/wp-json\/wp\/v2\/types\/page"}],"author":[{"embeddable":true,"href":"https:\/\/www.coudoulets.com\/en\/wp-json\/wp\/v2\/users\/1"}],"replies":[{"embeddable":true,"href":"https:\/\/www.coudoulets.com\/en\/wp-json\/wp\/v2\/comments?post=2968"}],"version-history":[{"count":2,"href":"https:\/\/www.coudoulets.com\/en\/wp-json\/wp\/v2\/pages\/2968\/revisions"}],"predecessor-version":[{"id":2984,"href":"https:\/\/www.coudoulets.com\/en\/wp-json\/wp\/v2\/pages\/2968\/revisions\/2984"}],"wp:attachment":[{"href":"https:\/\/www.coudoulets.com\/en\/wp-json\/wp\/v2\/media?parent=2968"}],"wp:term":[{"taxonomy":"sujet","embeddable":true,"href":"https:\/\/www.coudoulets.com\/en\/wp-json\/wp\/v2\/sujet?post=2968"}],"curies":[{"name":"wp","href":"https:\/\/api.w.org\/{rel}","templated":true}]}}