{"id":3197,"date":"2022-08-12T13:56:26","date_gmt":"2022-08-12T11:56:26","guid":{"rendered":"https:\/\/www.coudoulets.com\/mentions-legales\/"},"modified":"2022-10-27T10:13:22","modified_gmt":"2022-10-27T08:13:22","slug":"endorsements","status":"publish","type":"page","link":"https:\/\/www.coudoulets.com\/en\/endorsements\/","title":{"rendered":"Mentions L\u00e9gales"},"content":{"rendered":"<section id=\"ls-section-block_7a8e43f05d3e0f061fc85231c7a7d701\" class=\"ls-section \" >\r\n        <div class=\"container \">\r\n        \n\n<div class=\"wp-block-columns is-layout-flex wp-container-core-columns-is-layout-9d6595d7 wp-block-columns-is-layout-flex\">\n<div class=\"wp-block-column is-layout-flow wp-block-column-is-layout-flow\">\n<h1 class=\"ls__heading has-text-align-center wp-block-heading\">Legal information<\/h1>\n\n\n\n<h2 class=\"ls__heading has-text-align-center wp-block-heading\">Realization<\/h2>\n\n\n\n<p class=\"ls-paragraph has-text-align-center\">Chemin de l&#8217;Ard\u00e8che, 07120 Pradons<\/p>\n\n\n\n<p class=\"ls-paragraph has-text-align-center\">Phone : 04 75 93 94 95<\/p>\n\n\n\n<p class=\"ls-paragraph has-text-align-center\">Electronic mail : camping@coudoulets.com<\/p>\n\n\n\n<p class=\"ls-paragraph has-text-align-center\">SIRET : 38773362900019<\/p>\n\n\n\n<p class=\"ls-paragraph has-text-align-center\">Managing editor &amp; Director of the publication : M Serge POUZACHE<\/p>\n<\/div>\n<\/div>\n\n\n\n<div class=\"wp-block-columns is-layout-flex wp-container-core-columns-is-layout-9d6595d7 wp-block-columns-is-layout-flex\">\n<div class=\"wp-block-column is-layout-flow wp-block-column-is-layout-flow\">\n<h2 class=\"ls__heading has-text-align-center wp-block-heading\">Site Editor<\/h2>\n\n\n\n<p class=\"ls-paragraph has-text-align-center\">GEEK TONIC<br>Represented by Mr. Yohan Darmayan in his capacity as Manager<br>Head office : 1 all\u00e9e Pierre Georges Lat\u00e9co\u00e8re \u2013 64200 Biarritz<br>Phone : 05 32 74 11 52<br>E-mail : support@geek-tonic.com<br>Website : <a href=\"https:\/\/www.geek-tonic.com\/\">www.geek-tonic.com<\/a><br>SIRET : 89746755100015<br>APE : 6201Z<\/p>\n<\/div>\n<\/div>\n\n\n\n<div class=\"wp-block-columns is-layout-flex wp-container-core-columns-is-layout-9d6595d7 wp-block-columns-is-layout-flex\">\n<div class=\"wp-block-column is-layout-flow wp-block-column-is-layout-flow\">\n<h2 class=\"ls-heading wp-block-heading\">COPYRIGHTS AND COPYRIGHT<\/h2>\n\n\n\n<p class=\"ls-paragraph\">The whole of the contents of this site depends on the royalty like on the intellectual property of the French legislation Any reproduction (including the photographs, the icons and the downloadable documents) is prohibited without preliminary agreement of GEEKTONIC. The reproduction on an electronic medium of all or part of the site on a paper or electronic format is prohibited. GeekTonic disclaims any responsibility for the content of the website. GeekTonic also disclaims any responsibility for external links to this site.<\/p>\n<\/div>\n<\/div>\n\n\n\n<div class=\"wp-block-columns is-layout-flex wp-container-core-columns-is-layout-9d6595d7 wp-block-columns-is-layout-flex\">\n<div class=\"wp-block-column is-layout-flow wp-block-column-is-layout-flow\">\n<h2 class=\"ls-heading wp-block-heading\">PERSONAL DATA AND NOMINATIVE INFORMATION<\/h2>\n\n\n\n<p class=\"ls-paragraph\">You have the right to access, modify, rectify and delete data concerning you in accordance with Article 34 of the French Data Protection Act (Loi &#8221; Informatique et Libert\u00e9s &#8221; n\u00b0 78-17 of 6 January 1978, modified on 6 August 2018). To exercise this right of access, you can do so by sending a written request to the site editor.<\/p>\n<\/div>\n<\/div>\n\n\n\n<div class=\"wp-block-columns is-layout-flex wp-container-core-columns-is-layout-9d6595d7 wp-block-columns-is-layout-flex\">\n<div class=\"wp-block-column is-layout-flow wp-block-column-is-layout-flow\">\n<h2 class=\"ls-heading wp-block-heading\">Legislation<\/h2>\n\n\n\n<p class=\"ls-paragraph\">According to the law of 11 March 1957 (art. 41) and the intellectual property code of 1 July 1992, it is forbidden to reproduce any part of the site in whole or in part without prior authorisation from the site editor. Logos, visuals, photos, videos, graphic charts and texts are the property of their respective owners. This site may, without its knowledge, have been linked to other sites by means of hypermedia links. The site editor declines all responsibility for the information presented on these other sites. The Internet user acknowledges that the use of this site is governed by French law.<\/p>\n<\/div>\n<\/div>\n\n\r\n    <\/div>\r\n<\/section>","protected":false},"excerpt":{"rendered":"","protected":false},"author":1,"featured_media":0,"parent":0,"menu_order":0,"comment_status":"closed","ping_status":"closed","template":"","meta":{"_acf_changed":false,"footnotes":""},"sujet":[],"class_list":["post-3197","page","type-page","status-publish","hentry"],"acf":[],"yoast_head":"<!-- This site is optimized with the Yoast SEO plugin v25.3 - https:\/\/yoast.com\/wordpress\/plugins\/seo\/ -->\n<title>Mentions L\u00e9gales - Les Coudoulets<\/title>\n<meta name=\"robots\" content=\"noindex, nofollow\" \/>\n<meta property=\"og:locale\" content=\"en_US\" \/>\n<meta property=\"og:type\" content=\"article\" \/>\n<meta property=\"og:title\" content=\"Mentions L\u00e9gales - Les Coudoulets\" \/>\n<meta property=\"og:url\" content=\"https:\/\/www.coudoulets.com\/en\/endorsements\/\" \/>\n<meta property=\"og:site_name\" content=\"Les Coudoulets\" \/>\n<meta property=\"article:modified_time\" content=\"2022-10-27T08:13:22+00:00\" \/>\n<meta name=\"twitter:card\" content=\"summary_large_image\" \/>\n<meta name=\"twitter:label1\" content=\"Est. reading time\" \/>\n\t<meta name=\"twitter:data1\" content=\"2 minutes\" \/>\n<script type=\"application\/ld+json\" class=\"yoast-schema-graph\">{\"@context\":\"https:\/\/schema.org\",\"@graph\":[{\"@type\":\"WebPage\",\"@id\":\"https:\/\/www.coudoulets.com\/en\/endorsements\/\",\"url\":\"https:\/\/www.coudoulets.com\/en\/endorsements\/\",\"name\":\"Mentions L\u00e9gales - Les Coudoulets\",\"isPartOf\":{\"@id\":\"https:\/\/www.coudoulets.com\/#website\"},\"datePublished\":\"2022-08-12T11:56:26+00:00\",\"dateModified\":\"2022-10-27T08:13:22+00:00\",\"breadcrumb\":{\"@id\":\"https:\/\/www.coudoulets.com\/en\/endorsements\/#breadcrumb\"},\"inLanguage\":\"en-US\",\"potentialAction\":[{\"@type\":\"ReadAction\",\"target\":[\"https:\/\/www.coudoulets.com\/en\/endorsements\/\"]}]},{\"@type\":\"BreadcrumbList\",\"@id\":\"https:\/\/www.coudoulets.com\/en\/endorsements\/#breadcrumb\",\"itemListElement\":[{\"@type\":\"ListItem\",\"position\":1,\"name\":\"Campsite Ard\u00e8che\",\"item\":\"https:\/\/www.coudoulets.com\/en\/\"},{\"@type\":\"ListItem\",\"position\":2,\"name\":\"Mentions L\u00e9gales\"}]},{\"@type\":\"WebSite\",\"@id\":\"https:\/\/www.coudoulets.com\/#website\",\"url\":\"https:\/\/www.coudoulets.com\/\",\"name\":\"Les Coudoulets\",\"description\":\"\",\"publisher\":{\"@id\":\"https:\/\/www.coudoulets.com\/#organization\"},\"potentialAction\":[{\"@type\":\"SearchAction\",\"target\":{\"@type\":\"EntryPoint\",\"urlTemplate\":\"https:\/\/www.coudoulets.com\/?s={search_term_string}\"},\"query-input\":{\"@type\":\"PropertyValueSpecification\",\"valueRequired\":true,\"valueName\":\"search_term_string\"}}],\"inLanguage\":\"en-US\"},{\"@type\":\"Organization\",\"@id\":\"https:\/\/www.coudoulets.com\/#organization\",\"name\":\"Camping Les Coudoulets\",\"url\":\"https:\/\/www.coudoulets.com\/\",\"logo\":{\"@type\":\"ImageObject\",\"inLanguage\":\"en-US\",\"@id\":\"https:\/\/www.coudoulets.com\/#\/schema\/logo\/image\/\",\"url\":\"https:\/\/www.coudoulets.com\/wp-content\/uploads\/2022\/05\/cropped-favicon-camping-les-coudoulets.png\",\"contentUrl\":\"https:\/\/www.coudoulets.com\/wp-content\/uploads\/2022\/05\/cropped-favicon-camping-les-coudoulets.png\",\"width\":512,\"height\":512,\"caption\":\"Camping Les Coudoulets\"},\"image\":{\"@id\":\"https:\/\/www.coudoulets.com\/#\/schema\/logo\/image\/\"}}]}<\/script>\n<!-- \/ Yoast SEO plugin. -->","yoast_head_json":{"title":"Mentions L\u00e9gales - Les Coudoulets","robots":{"index":"noindex","follow":"nofollow"},"og_locale":"en_US","og_type":"article","og_title":"Mentions L\u00e9gales - Les Coudoulets","og_url":"https:\/\/www.coudoulets.com\/en\/endorsements\/","og_site_name":"Les Coudoulets","article_modified_time":"2022-10-27T08:13:22+00:00","twitter_card":"summary_large_image","twitter_misc":{"Est. reading time":"2 minutes"},"schema":{"@context":"https:\/\/schema.org","@graph":[{"@type":"WebPage","@id":"https:\/\/www.coudoulets.com\/en\/endorsements\/","url":"https:\/\/www.coudoulets.com\/en\/endorsements\/","name":"Mentions L\u00e9gales - Les Coudoulets","isPartOf":{"@id":"https:\/\/www.coudoulets.com\/#website"},"datePublished":"2022-08-12T11:56:26+00:00","dateModified":"2022-10-27T08:13:22+00:00","breadcrumb":{"@id":"https:\/\/www.coudoulets.com\/en\/endorsements\/#breadcrumb"},"inLanguage":"en-US","potentialAction":[{"@type":"ReadAction","target":["https:\/\/www.coudoulets.com\/en\/endorsements\/"]}]},{"@type":"BreadcrumbList","@id":"https:\/\/www.coudoulets.com\/en\/endorsements\/#breadcrumb","itemListElement":[{"@type":"ListItem","position":1,"name":"Campsite Ard\u00e8che","item":"https:\/\/www.coudoulets.com\/en\/"},{"@type":"ListItem","position":2,"name":"Mentions L\u00e9gales"}]},{"@type":"WebSite","@id":"https:\/\/www.coudoulets.com\/#website","url":"https:\/\/www.coudoulets.com\/","name":"Les Coudoulets","description":"","publisher":{"@id":"https:\/\/www.coudoulets.com\/#organization"},"potentialAction":[{"@type":"SearchAction","target":{"@type":"EntryPoint","urlTemplate":"https:\/\/www.coudoulets.com\/?s={search_term_string}"},"query-input":{"@type":"PropertyValueSpecification","valueRequired":true,"valueName":"search_term_string"}}],"inLanguage":"en-US"},{"@type":"Organization","@id":"https:\/\/www.coudoulets.com\/#organization","name":"Camping Les Coudoulets","url":"https:\/\/www.coudoulets.com\/","logo":{"@type":"ImageObject","inLanguage":"en-US","@id":"https:\/\/www.coudoulets.com\/#\/schema\/logo\/image\/","url":"https:\/\/www.coudoulets.com\/wp-content\/uploads\/2022\/05\/cropped-favicon-camping-les-coudoulets.png","contentUrl":"https:\/\/www.coudoulets.com\/wp-content\/uploads\/2022\/05\/cropped-favicon-camping-les-coudoulets.png","width":512,"height":512,"caption":"Camping Les Coudoulets"},"image":{"@id":"https:\/\/www.coudoulets.com\/#\/schema\/logo\/image\/"}}]}},"_links":{"self":[{"href":"https:\/\/www.coudoulets.com\/en\/wp-json\/wp\/v2\/pages\/3197","targetHints":{"allow":["GET"]}}],"collection":[{"href":"https:\/\/www.coudoulets.com\/en\/wp-json\/wp\/v2\/pages"}],"about":[{"href":"https:\/\/www.coudoulets.com\/en\/wp-json\/wp\/v2\/types\/page"}],"author":[{"embeddable":true,"href":"https:\/\/www.coudoulets.com\/en\/wp-json\/wp\/v2\/users\/1"}],"replies":[{"embeddable":true,"href":"https:\/\/www.coudoulets.com\/en\/wp-json\/wp\/v2\/comments?post=3197"}],"version-history":[{"count":3,"href":"https:\/\/www.coudoulets.com\/en\/wp-json\/wp\/v2\/pages\/3197\/revisions"}],"predecessor-version":[{"id":3730,"href":"https:\/\/www.coudoulets.com\/en\/wp-json\/wp\/v2\/pages\/3197\/revisions\/3730"}],"wp:attachment":[{"href":"https:\/\/www.coudoulets.com\/en\/wp-json\/wp\/v2\/media?parent=3197"}],"wp:term":[{"taxonomy":"sujet","embeddable":true,"href":"https:\/\/www.coudoulets.com\/en\/wp-json\/wp\/v2\/sujet?post=3197"}],"curies":[{"name":"wp","href":"https:\/\/api.w.org\/{rel}","templated":true}]}}