{"id":3218,"date":"2022-05-24T10:09:45","date_gmt":"2022-05-24T08:09:45","guid":{"rendered":"https:\/\/www.coudoulets.com\/camping-ecologie-pradons\/"},"modified":"2023-06-22T11:40:30","modified_gmt":"2023-06-22T09:40:30","slug":"campsite-ecology-pradons","status":"publish","type":"page","link":"https:\/\/www.coudoulets.com\/en\/campsite-ecology-pradons\/","title":{"rendered":"Qualit\u00e9 et environnement"},"content":{"rendered":"\n<h1 class=\"ls__heading wp-block-heading has-text-align-center\">Campsite labelled &#8220;Camping Qualit\u00e9&#8221; and &#8220;Cl\u00e9 Verte&#8221; in Ard\u00e8che<\/h1>\n\n\n<section id=\"ls-section-block_d20e0f8fe83cf033f32789e1adb089c8\" class=\"ls-section  home-first page-one\" >\r\n        <div class=\"container container--wide\">\r\n        \n\n<div class=\"wp-block-columns are-vertically-aligned-center is-layout-flex wp-container-core-columns-is-layout-9d6595d7 wp-block-columns-is-layout-flex\">\n<div class=\"wp-block-column is-vertically-aligned-center temoignages-haut animated fadeInLeft slow is-layout-flow wp-block-column-is-layout-flow\" style=\"flex-basis:50%\"><div class=\"wp-block-image\">\n<figure class=\"aligncenter size-full\"><img loading=\"lazy\" decoding=\"async\" width=\"512\" height=\"512\" src=\"https:\/\/www.coudoulets.com\/wp-content\/uploads\/2022\/05\/sea.png\" alt=\"Illustration rivi\u00e8re Ard\u00e8che Camping les Coudoulets\" class=\"wp-image-446\" srcset=\"https:\/\/www.coudoulets.com\/wp-content\/uploads\/2022\/05\/sea.png 512w, https:\/\/www.coudoulets.com\/wp-content\/uploads\/2022\/05\/sea-300x300.png 300w, https:\/\/www.coudoulets.com\/wp-content\/uploads\/2022\/05\/sea-150x150.png 150w\" sizes=\"auto, (max-width: 512px) 100vw, 512px\" \/><\/figure>\n<\/div>\n\n\n<h2 class=\"ls__heading wp-block-heading\"><strong>5 key quality criteria<\/strong><\/h2>\n\n\n\n<p class=\"ls-paragraph\"><a href=\"\/en\/\">Les Coudoulets campsite<\/a> has been awarded the &#8220;Camping Qualit\u00e9&#8221; labels since 2008.<\/p>\n\n\n\n<p class=\"ls-paragraph\">As a member of the &#8220;Camping Qualit\u00e9&#8221; charter, we are concerned about the quality of your stay and your environment.<\/p>\n\n\n\n<p class=\"ls-paragraph\">Quality is expressed through 5 criteria:<\/p>\n\n\n\n<ul class=\"ls-list wp-block-list\"><li>A <strong>warm welcome<\/strong>, to help you have a <strong>pleasant and friendly stay<\/strong>.<\/li><li><strong>Impeccable cleanliness <\/strong>in <strong>all areas <\/strong>of the campsite.<\/li><li>Accurate and truthful information. We are committed to providing you with <strong>complete <\/strong>and <strong>detailed <\/strong>information about our establishment, services, activities and rates.<\/li><li>We strive to provide you with a neat private pitch and ensure the utmost tranquillity on the site.<\/li><li>We are committed to a <strong>valued <\/strong>and <strong>respected <\/strong>environment.<\/li><\/ul>\n\n\n\n<p class=\"ls-paragraph\">Landscaping and energy saving are one of our priorities.<br>We welcome you to the southern Ard\u00e8che in a privileged area, where the environment plays an important role.<\/p>\n\n\n\n<p class=\"ls-paragraph\">Every year we try to do better with you too, nature will thank us!<\/p>\n<\/div>\n\n\n\n<div class=\"wp-block-column is-vertically-aligned-center has-color-4-background-color has-background is-layout-flow wp-block-column-is-layout-flow\" style=\"flex-basis:50%\">\n<figure class=\"wp-block-gallery has-nested-images columns-2 is-cropped wp-block-gallery-1 is-layout-flex wp-block-gallery-is-layout-flex\">\n<figure class=\"wp-block-image size-full animated fadeInDown slow\"><a href=\"https:\/\/www.coudoulets.com\/wp-content\/uploads\/2022\/08\/camping-ecologique-ruoms.jpg\"><img loading=\"lazy\" decoding=\"async\" width=\"900\" height=\"575\" data-id=\"1059\" src=\"https:\/\/www.coudoulets.com\/wp-content\/uploads\/2022\/08\/camping-ecologique-ruoms.jpg\" alt=\"camping \u00e9cologique ruoms\" class=\"wp-image-1059\" srcset=\"https:\/\/www.coudoulets.com\/wp-content\/uploads\/2022\/08\/camping-ecologique-ruoms.jpg 900w, https:\/\/www.coudoulets.com\/wp-content\/uploads\/2022\/08\/camping-ecologique-ruoms-300x192.jpg 300w, https:\/\/www.coudoulets.com\/wp-content\/uploads\/2022\/08\/camping-ecologique-ruoms-768x491.jpg 768w\" sizes=\"auto, (max-width: 900px) 100vw, 900px\" \/><\/a><\/figure>\n\n\n\n<figure class=\"wp-block-image size-full animated fadeInRight slow delay-100ms\"><a href=\"https:\/\/www.coudoulets.com\/wp-content\/uploads\/2022\/08\/camping-ecologique-pradons.jpg\"><img loading=\"lazy\" decoding=\"async\" width=\"900\" height=\"575\" data-id=\"1071\" src=\"https:\/\/www.coudoulets.com\/wp-content\/uploads\/2022\/08\/camping-ecologique-pradons.jpg\" alt=\"camping \u00e9cologique pradons\" class=\"wp-image-1071\" srcset=\"https:\/\/www.coudoulets.com\/wp-content\/uploads\/2022\/08\/camping-ecologique-pradons.jpg 900w, https:\/\/www.coudoulets.com\/wp-content\/uploads\/2022\/08\/camping-ecologique-pradons-300x192.jpg 300w, https:\/\/www.coudoulets.com\/wp-content\/uploads\/2022\/08\/camping-ecologique-pradons-768x491.jpg 768w\" sizes=\"auto, (max-width: 900px) 100vw, 900px\" \/><\/a><\/figure>\n\n\n\n<figure class=\"wp-block-image size-full animated fadeInUp slow delay-200ms\"><a href=\"https:\/\/www.coudoulets.com\/wp-content\/uploads\/2022\/08\/camping-ecologique-vallon-pont-darc.jpg\"><img loading=\"lazy\" decoding=\"async\" width=\"900\" height=\"574\" data-id=\"1063\" src=\"https:\/\/www.coudoulets.com\/wp-content\/uploads\/2022\/08\/camping-ecologique-vallon-pont-darc.jpg\" alt=\"camping \u00e9cologique vallon pont d'arc\" class=\"wp-image-1063\" srcset=\"https:\/\/www.coudoulets.com\/wp-content\/uploads\/2022\/08\/camping-ecologique-vallon-pont-darc.jpg 900w, https:\/\/www.coudoulets.com\/wp-content\/uploads\/2022\/08\/camping-ecologique-vallon-pont-darc-300x191.jpg 300w, https:\/\/www.coudoulets.com\/wp-content\/uploads\/2022\/08\/camping-ecologique-vallon-pont-darc-768x490.jpg 768w\" sizes=\"auto, (max-width: 900px) 100vw, 900px\" \/><\/a><\/figure>\n<\/figure>\n<\/div>\n<\/div>\n\n\r\n    <\/div>\r\n<\/section>\n\n<section id=\"ls-section-block_e146aa93b24dd2cb41c7b9bb8d0aa3a3\" class=\"ls-section  home-third fade-background page-two has-background-image\" >\r\n    <div class=\"ls-section__background-image opacity-100\"><img decoding=\"async\" src=\"https:\/\/www.coudoulets.com\/wp-content\/uploads\/2022\/08\/camping-ecologique-ardeche.jpg\" alt=\"camping \u00e9cologique ard\u00e8che\"><\/div>    <div class=\"container container--wide\">\r\n        \n\n<div class=\"wp-block-columns is-layout-flex wp-container-core-columns-is-layout-9d6595d7 wp-block-columns-is-layout-flex\">\n<div class=\"wp-block-column is-layout-flow wp-block-column-is-layout-flow\" style=\"flex-basis:40%\"><\/div>\n\n\n\n<div class=\"wp-block-column is-vertically-aligned-center animated fadeInRight slow is-layout-flow wp-block-column-is-layout-flow\" style=\"flex-basis:60%\">\n<div class=\"wp-block-columns are-vertically-aligned-center is-layout-flex wp-container-core-columns-is-layout-9d6595d7 wp-block-columns-is-layout-flex\">\n<div class=\"wp-block-column is-vertically-aligned-center is-layout-flow wp-block-column-is-layout-flow\" style=\"flex-basis:150px\"><\/div>\n\n\n\n<div class=\"wp-block-column is-vertically-aligned-center is-layout-flow wp-block-column-is-layout-flow\">\n<h2 class=\"ls__heading wp-block-heading\"><strong>The &#8220;Green Key&#8221; label: our ecological actions<\/strong><\/h2>\n\n\n\n<p class=\"ls-paragraph\">Les Coudoulets campsite has been awarded the &#8220;Green Key&#8221; label since 2006. Here are some examples of our <strong>environmental <\/strong>approach:<\/p>\n\n\n\n<ul class=\"ls-list ls-list-undefined has-color-white-color has-text-color wp-block-list\">\n<li>The water in the sanitary facilities is heated by <strong>solar energy<\/strong>.<\/li>\n\n\n\n<li>The pool water is heated by a <strong>heat pump<\/strong>.<\/li>\n\n\n\n<li>We drive around the campsite in electric cars.<\/li>\n\n\n\n<li>We plant many local trees and shrubs each year.<\/li>\n\n\n\n<li><strong>Selective sorting<\/strong> (paper, glass, packaging, batteries, used oil) is organised.<\/li>\n\n\n\n<li>The sanitary facilities have <strong>thermostatic taps<\/strong>.<\/li>\n\n\n\n<li>We ask for your help with signs to avoid wasting water and electricity.<\/li>\n\n\n\n<li>An underground tank collects rainwater from the roofs of the bar and the reception area for watering the plantations.<\/li>\n<\/ul>\n\n\n\n<p class=\"ls-paragraph\">After pruning and trimming, we use a branch shredder. The shredded material is then used to mulch the plantations and for compost.<\/p>\n<\/div>\n<\/div>\n<\/div>\n<\/div>\n\n\r\n    <\/div>\r\n<\/section>\n\n<section id=\"ls-section-block_2540166b70e9f1ca70d769e8a8321380\" class=\"ls-section  home-fourth cta-interne\" >\r\n        <div class=\"container container--wide\">\r\n        \n\n<div class=\"wp-block-columns is-layout-flex wp-container-core-columns-is-layout-9d6595d7 wp-block-columns-is-layout-flex\">\n<div class=\"wp-block-column is-layout-flow wp-block-column-is-layout-flow\">\n<div id=\"ls-heading ls-titre-div-block_e0132aa55988e4d4709688f8917fd04c\" class=\"ls-titre-div aligncenter h2-like\" >\n    The <strong>services<\/strong>, the <strong>restaurant<\/strong> and the <strong>activities<\/strong><\/div>\n\n\n<div id=\"ls-maillage-block_2b67b71b0f8cafd9944ed74ffe68a6d1\" class=\"ls-maillage cta-style-normal\" data-rows=\"3\">\r\n    <div class=\"wp-block-columns\"><div class=\"wp-block-column\"><div class=\"ls-cta\">\n\n<a href=\"https:\/\/www.coudoulets.com\/en\/campsite-activities-pradons\/\" target=\"\" rel=\"noopener\" class=\"ls-cta__link\">\n\n\t<div class=\"ls-cta__image\"><img decoding=\"async\" src=\"https:\/\/www.coudoulets.com\/wp-content\/uploads\/2022\/07\/activites-sportives-camping-ardeche-768x492.jpg\" alt=\"activit\u00e9s sportives camping ard\u00e8che\"><\/div>\n\t<div class=\"ls-cta__title\">\n\t\tEntertainment\t<\/div>\n\n\t\n<\/a><\/div><\/div><div class=\"wp-block-column\"><div class=\"ls-cta\">\n\n<a href=\"https:\/\/www.coudoulets.com\/en\/campsite-pool-pradons\/\" target=\"\" rel=\"noopener\" class=\"ls-cta__link\">\n\n\t<div class=\"ls-cta__image\"><img decoding=\"async\" src=\"https:\/\/www.coudoulets.com\/wp-content\/uploads\/2022\/10\/coudoulets-piscine-768x576.jpg\" alt=\"piscine coudoulets\"><\/div>\n\t<div class=\"ls-cta__title\">\n\t\tAquatic area\t<\/div>\n\n\t\n<\/a><\/div><\/div><div class=\"wp-block-column\"><div class=\"ls-cta\">\n\n<a href=\"https:\/\/www.coudoulets.com\/en\/campsite-catering-pradons\/\" target=\"\" rel=\"noopener\" class=\"ls-cta__link\">\n\n\t<div class=\"ls-cta__image\"><img decoding=\"async\" src=\"https:\/\/www.coudoulets.com\/wp-content\/uploads\/2022\/07\/restaurants-camping-ruoms-768x491.jpg\" alt=\"restaurants camping ruoms\"><\/div>\n\t<div class=\"ls-cta__title\">\n\t\tRestaurant\t<\/div>\n\n\t\n<\/a><\/div><\/div><\/div><\/div><\/div>\n<\/div>\n\n\r\n    <\/div>\r\n<\/section>","protected":false},"excerpt":{"rendered":"<p>Campsite labelled &#8220;Camping Qualit\u00e9&#8221; and &#8220;Cl\u00e9 Verte&#8221; in Ard\u00e8che<\/p>\n","protected":false},"author":1,"featured_media":1112,"parent":0,"menu_order":0,"comment_status":"closed","ping_status":"closed","template":"","meta":{"_acf_changed":false,"footnotes":""},"sujet":[],"class_list":["post-3218","page","type-page","status-publish","has-post-thumbnail","hentry"],"acf":[],"yoast_head":"<!-- This site is optimized with the Yoast SEO plugin v25.3 - https:\/\/yoast.com\/wordpress\/plugins\/seo\/ -->\n<title>Campsite with green key label Pradons | Ecological campsite Ard\u00e8che<\/title>\n<meta name=\"robots\" content=\"index, follow, max-snippet:-1, max-image-preview:large, max-video-preview:-1\" \/>\n<link rel=\"canonical\" href=\"https:\/\/www.coudoulets.com\/en\/campsite-ecology-pradons\/\" \/>\n<meta property=\"og:locale\" content=\"en_US\" \/>\n<meta property=\"og:type\" content=\"article\" \/>\n<meta property=\"og:title\" content=\"Campsite with green key label Pradons | Ecological campsite Ard\u00e8che\" \/>\n<meta property=\"og:description\" content=\"Campsite labelled &#8220;Camping Qualit\u00e9&#8221; and &#8220;Cl\u00e9 Verte&#8221; in Ard\u00e8che\" \/>\n<meta property=\"og:url\" content=\"https:\/\/www.coudoulets.com\/en\/campsite-ecology-pradons\/\" \/>\n<meta property=\"og:site_name\" content=\"Les Coudoulets\" \/>\n<meta property=\"article:modified_time\" content=\"2023-06-22T09:40:30+00:00\" \/>\n<meta property=\"og:image\" content=\"https:\/\/www.coudoulets.com\/wp-content\/uploads\/2022\/08\/camping-ecolo-ardeche.jpg\" \/>\n\t<meta property=\"og:image:width\" content=\"1900\" \/>\n\t<meta property=\"og:image:height\" content=\"800\" \/>\n\t<meta property=\"og:image:type\" content=\"image\/jpeg\" \/>\n<meta name=\"twitter:card\" content=\"summary_large_image\" \/>\n<meta name=\"twitter:label1\" content=\"Est. reading time\" \/>\n\t<meta name=\"twitter:data1\" content=\"3 minutes\" \/>\n<script type=\"application\/ld+json\" class=\"yoast-schema-graph\">{\"@context\":\"https:\/\/schema.org\",\"@graph\":[{\"@type\":\"WebPage\",\"@id\":\"https:\/\/www.coudoulets.com\/en\/campsite-ecology-pradons\/\",\"url\":\"https:\/\/www.coudoulets.com\/en\/campsite-ecology-pradons\/\",\"name\":\"Campsite with green key label Pradons | Ecological campsite Ard\u00e8che\",\"isPartOf\":{\"@id\":\"https:\/\/www.coudoulets.com\/#website\"},\"primaryImageOfPage\":{\"@id\":\"https:\/\/www.coudoulets.com\/en\/campsite-ecology-pradons\/#primaryimage\"},\"image\":{\"@id\":\"https:\/\/www.coudoulets.com\/en\/campsite-ecology-pradons\/#primaryimage\"},\"thumbnailUrl\":\"https:\/\/www.coudoulets.com\/wp-content\/uploads\/2022\/08\/camping-ecolo-ardeche.jpg\",\"datePublished\":\"2022-05-24T08:09:45+00:00\",\"dateModified\":\"2023-06-22T09:40:30+00:00\",\"breadcrumb\":{\"@id\":\"https:\/\/www.coudoulets.com\/en\/campsite-ecology-pradons\/#breadcrumb\"},\"inLanguage\":\"en-US\",\"potentialAction\":[{\"@type\":\"ReadAction\",\"target\":[\"https:\/\/www.coudoulets.com\/en\/campsite-ecology-pradons\/\"]}]},{\"@type\":\"ImageObject\",\"inLanguage\":\"en-US\",\"@id\":\"https:\/\/www.coudoulets.com\/en\/campsite-ecology-pradons\/#primaryimage\",\"url\":\"https:\/\/www.coudoulets.com\/wp-content\/uploads\/2022\/08\/camping-ecolo-ardeche.jpg\",\"contentUrl\":\"https:\/\/www.coudoulets.com\/wp-content\/uploads\/2022\/08\/camping-ecolo-ardeche.jpg\",\"width\":1900,\"height\":800,\"caption\":\"camping \u00e9colo ard\u00e8che\"},{\"@type\":\"BreadcrumbList\",\"@id\":\"https:\/\/www.coudoulets.com\/en\/campsite-ecology-pradons\/#breadcrumb\",\"itemListElement\":[{\"@type\":\"ListItem\",\"position\":1,\"name\":\"Campsite Ard\u00e8che\",\"item\":\"https:\/\/www.coudoulets.com\/en\/\"},{\"@type\":\"ListItem\",\"position\":2,\"name\":\"Ecological campsite in Ard\u00e8che\"}]},{\"@type\":\"WebSite\",\"@id\":\"https:\/\/www.coudoulets.com\/#website\",\"url\":\"https:\/\/www.coudoulets.com\/\",\"name\":\"Les Coudoulets\",\"description\":\"\",\"publisher\":{\"@id\":\"https:\/\/www.coudoulets.com\/#organization\"},\"potentialAction\":[{\"@type\":\"SearchAction\",\"target\":{\"@type\":\"EntryPoint\",\"urlTemplate\":\"https:\/\/www.coudoulets.com\/?s={search_term_string}\"},\"query-input\":{\"@type\":\"PropertyValueSpecification\",\"valueRequired\":true,\"valueName\":\"search_term_string\"}}],\"inLanguage\":\"en-US\"},{\"@type\":\"Organization\",\"@id\":\"https:\/\/www.coudoulets.com\/#organization\",\"name\":\"Camping Les Coudoulets\",\"url\":\"https:\/\/www.coudoulets.com\/\",\"logo\":{\"@type\":\"ImageObject\",\"inLanguage\":\"en-US\",\"@id\":\"https:\/\/www.coudoulets.com\/#\/schema\/logo\/image\/\",\"url\":\"https:\/\/www.coudoulets.com\/wp-content\/uploads\/2022\/05\/cropped-favicon-camping-les-coudoulets.png\",\"contentUrl\":\"https:\/\/www.coudoulets.com\/wp-content\/uploads\/2022\/05\/cropped-favicon-camping-les-coudoulets.png\",\"width\":512,\"height\":512,\"caption\":\"Camping Les Coudoulets\"},\"image\":{\"@id\":\"https:\/\/www.coudoulets.com\/#\/schema\/logo\/image\/\"}}]}<\/script>\n<!-- \/ Yoast SEO plugin. -->","yoast_head_json":{"title":"Campsite with green key label Pradons | Ecological campsite Ard\u00e8che","robots":{"index":"index","follow":"follow","max-snippet":"max-snippet:-1","max-image-preview":"max-image-preview:large","max-video-preview":"max-video-preview:-1"},"canonical":"https:\/\/www.coudoulets.com\/en\/campsite-ecology-pradons\/","og_locale":"en_US","og_type":"article","og_title":"Campsite with green key label Pradons | Ecological campsite Ard\u00e8che","og_description":"Campsite labelled &#8220;Camping Qualit\u00e9&#8221; and &#8220;Cl\u00e9 Verte&#8221; in Ard\u00e8che","og_url":"https:\/\/www.coudoulets.com\/en\/campsite-ecology-pradons\/","og_site_name":"Les Coudoulets","article_modified_time":"2023-06-22T09:40:30+00:00","og_image":[{"width":1900,"height":800,"url":"https:\/\/www.coudoulets.com\/wp-content\/uploads\/2022\/08\/camping-ecolo-ardeche.jpg","type":"image\/jpeg"}],"twitter_card":"summary_large_image","twitter_misc":{"Est. reading time":"3 minutes"},"schema":{"@context":"https:\/\/schema.org","@graph":[{"@type":"WebPage","@id":"https:\/\/www.coudoulets.com\/en\/campsite-ecology-pradons\/","url":"https:\/\/www.coudoulets.com\/en\/campsite-ecology-pradons\/","name":"Campsite with green key label Pradons | Ecological campsite Ard\u00e8che","isPartOf":{"@id":"https:\/\/www.coudoulets.com\/#website"},"primaryImageOfPage":{"@id":"https:\/\/www.coudoulets.com\/en\/campsite-ecology-pradons\/#primaryimage"},"image":{"@id":"https:\/\/www.coudoulets.com\/en\/campsite-ecology-pradons\/#primaryimage"},"thumbnailUrl":"https:\/\/www.coudoulets.com\/wp-content\/uploads\/2022\/08\/camping-ecolo-ardeche.jpg","datePublished":"2022-05-24T08:09:45+00:00","dateModified":"2023-06-22T09:40:30+00:00","breadcrumb":{"@id":"https:\/\/www.coudoulets.com\/en\/campsite-ecology-pradons\/#breadcrumb"},"inLanguage":"en-US","potentialAction":[{"@type":"ReadAction","target":["https:\/\/www.coudoulets.com\/en\/campsite-ecology-pradons\/"]}]},{"@type":"ImageObject","inLanguage":"en-US","@id":"https:\/\/www.coudoulets.com\/en\/campsite-ecology-pradons\/#primaryimage","url":"https:\/\/www.coudoulets.com\/wp-content\/uploads\/2022\/08\/camping-ecolo-ardeche.jpg","contentUrl":"https:\/\/www.coudoulets.com\/wp-content\/uploads\/2022\/08\/camping-ecolo-ardeche.jpg","width":1900,"height":800,"caption":"camping \u00e9colo ard\u00e8che"},{"@type":"BreadcrumbList","@id":"https:\/\/www.coudoulets.com\/en\/campsite-ecology-pradons\/#breadcrumb","itemListElement":[{"@type":"ListItem","position":1,"name":"Campsite Ard\u00e8che","item":"https:\/\/www.coudoulets.com\/en\/"},{"@type":"ListItem","position":2,"name":"Ecological campsite in Ard\u00e8che"}]},{"@type":"WebSite","@id":"https:\/\/www.coudoulets.com\/#website","url":"https:\/\/www.coudoulets.com\/","name":"Les Coudoulets","description":"","publisher":{"@id":"https:\/\/www.coudoulets.com\/#organization"},"potentialAction":[{"@type":"SearchAction","target":{"@type":"EntryPoint","urlTemplate":"https:\/\/www.coudoulets.com\/?s={search_term_string}"},"query-input":{"@type":"PropertyValueSpecification","valueRequired":true,"valueName":"search_term_string"}}],"inLanguage":"en-US"},{"@type":"Organization","@id":"https:\/\/www.coudoulets.com\/#organization","name":"Camping Les Coudoulets","url":"https:\/\/www.coudoulets.com\/","logo":{"@type":"ImageObject","inLanguage":"en-US","@id":"https:\/\/www.coudoulets.com\/#\/schema\/logo\/image\/","url":"https:\/\/www.coudoulets.com\/wp-content\/uploads\/2022\/05\/cropped-favicon-camping-les-coudoulets.png","contentUrl":"https:\/\/www.coudoulets.com\/wp-content\/uploads\/2022\/05\/cropped-favicon-camping-les-coudoulets.png","width":512,"height":512,"caption":"Camping Les Coudoulets"},"image":{"@id":"https:\/\/www.coudoulets.com\/#\/schema\/logo\/image\/"}}]}},"_links":{"self":[{"href":"https:\/\/www.coudoulets.com\/en\/wp-json\/wp\/v2\/pages\/3218","targetHints":{"allow":["GET"]}}],"collection":[{"href":"https:\/\/www.coudoulets.com\/en\/wp-json\/wp\/v2\/pages"}],"about":[{"href":"https:\/\/www.coudoulets.com\/en\/wp-json\/wp\/v2\/types\/page"}],"author":[{"embeddable":true,"href":"https:\/\/www.coudoulets.com\/en\/wp-json\/wp\/v2\/users\/1"}],"replies":[{"embeddable":true,"href":"https:\/\/www.coudoulets.com\/en\/wp-json\/wp\/v2\/comments?post=3218"}],"version-history":[{"count":7,"href":"https:\/\/www.coudoulets.com\/en\/wp-json\/wp\/v2\/pages\/3218\/revisions"}],"predecessor-version":[{"id":5306,"href":"https:\/\/www.coudoulets.com\/en\/wp-json\/wp\/v2\/pages\/3218\/revisions\/5306"}],"wp:featuredmedia":[{"embeddable":true,"href":"https:\/\/www.coudoulets.com\/en\/wp-json\/wp\/v2\/media\/1112"}],"wp:attachment":[{"href":"https:\/\/www.coudoulets.com\/en\/wp-json\/wp\/v2\/media?parent=3218"}],"wp:term":[{"taxonomy":"sujet","embeddable":true,"href":"https:\/\/www.coudoulets.com\/en\/wp-json\/wp\/v2\/sujet?post=3218"}],"curies":[{"name":"wp","href":"https:\/\/api.w.org\/{rel}","templated":true}]}}