{"id":2888,"date":"2022-05-24T10:08:17","date_gmt":"2022-05-24T08:08:17","guid":{"rendered":"https:\/\/www.coudoulets.com\/camping-activites-pradons\/"},"modified":"2024-03-01T10:30:28","modified_gmt":"2024-03-01T09:30:28","slug":"kamperen-activiteiten-pradons","status":"publish","type":"page","link":"https:\/\/www.coudoulets.com\/nl\/kamperen-activiteiten-pradons\/","title":{"rendered":"Activit\u00e9s"},"content":{"rendered":"\n<h1 class=\"ls__heading wp-block-heading has-text-align-center\">Gezinsactiviteiten op de camping in Pradons, Ard\u00e8che<\/h1>\n\n\n<section id=\"ls-section-block_361b7a5d80055b6ea6b33d2c4a42b3b7\" class=\"ls-section  home-first page-one\" >\r\n        <div class=\"container container--wide\">\r\n        \n\n<div class=\"wp-block-columns are-vertically-aligned-center is-layout-flex wp-container-core-columns-is-layout-9d6595d7 wp-block-columns-is-layout-flex\">\n<div class=\"wp-block-column is-vertically-aligned-center temoignages-haut animated fadeInLeft slow is-layout-flow wp-block-column-is-layout-flow\" style=\"flex-basis:50%\"><div class=\"wp-block-image\">\n<figure class=\"aligncenter size-full\"><img loading=\"lazy\" decoding=\"async\" width=\"512\" height=\"512\" src=\"https:\/\/www.coudoulets.com\/wp-content\/uploads\/2022\/05\/sea.png\" alt=\"Illustration rivi\u00e8re Ard\u00e8che Camping les Coudoulets\" class=\"wp-image-446\" srcset=\"https:\/\/www.coudoulets.com\/wp-content\/uploads\/2022\/05\/sea.png 512w, https:\/\/www.coudoulets.com\/wp-content\/uploads\/2022\/05\/sea-300x300.png 300w, https:\/\/www.coudoulets.com\/wp-content\/uploads\/2022\/05\/sea-150x150.png 150w\" sizes=\"auto, (max-width: 512px) 100vw, 512px\" \/><\/figure>\n<\/div>\n\n\n<h2 class=\"ls__heading wp-block-heading\"><strong>Onze sportfaciliteiten op de camping in Pradons<\/strong><\/h2>\n\n\n\n<p class=\"ls-paragraph\"><a href=\"\/en\/\">Kamperen in Pradons in de Zuid-Ard\u00e8che<\/a> is een geweldige manier om tijd door te brengen met uw gezin. Er zijn veel faciliteiten beschikbaar, waaronder een multisportterrein waar u kunt  voetballen en basketballen.<\/p>\n\n\n\n<p class=\"ls-paragraph\">De camping beschikt over vele sportfaciliteiten, of u nu op zoek bent naar een plek om jeu de boules te spelen of gewoon met uw gezin wilt ontspannen na een lange dag wandelen op de prachtige natuurpaden in de omgeving.<\/p>\n\n\n\n<p class=\"ls-paragraph\">De camping heeft ook tafeltennistafels voor degenen die tijdens hun verblijf spelletjes willen spelen met hun vrienden of familie. Kom en probeer onze <strong>pumptrack<\/strong>!<\/p>\n\n\n\n<p class=\"ls-paragraph\">Met je mountainbike, je step of je skeelers ontdek je dit parcours met hobbels en bochten.<\/p>\n<\/div>\n\n\n\n<div class=\"wp-block-column is-vertically-aligned-center has-color-4-background-color has-background is-layout-flow wp-block-column-is-layout-flow\" style=\"flex-basis:50%\">\n<figure class=\"wp-block-gallery has-nested-images columns-2 is-cropped wp-block-gallery-1 is-layout-flex wp-block-gallery-is-layout-flex\">\n<figure class=\"wp-block-image size-full animated fadeInDown slow\"><a href=\"https:\/\/www.coudoulets.com\/wp-content\/uploads\/2022\/07\/activites-camping-ruoms.jpg\"><img loading=\"lazy\" decoding=\"async\" width=\"900\" height=\"575\" data-id=\"969\" src=\"https:\/\/www.coudoulets.com\/wp-content\/uploads\/2022\/07\/activites-camping-ruoms.jpg\" alt=\"activit\u00e9s camping ruoms\" class=\"wp-image-969\" srcset=\"https:\/\/www.coudoulets.com\/wp-content\/uploads\/2022\/07\/activites-camping-ruoms.jpg 900w, https:\/\/www.coudoulets.com\/wp-content\/uploads\/2022\/07\/activites-camping-ruoms-300x192.jpg 300w, https:\/\/www.coudoulets.com\/wp-content\/uploads\/2022\/07\/activites-camping-ruoms-768x491.jpg 768w\" sizes=\"auto, (max-width: 900px) 100vw, 900px\" \/><\/a><\/figure>\n\n\n\n<figure class=\"wp-block-image size-full animated fadeInRight slow delay-100ms\"><a href=\"https:\/\/www.coudoulets.com\/wp-content\/uploads\/2022\/07\/activites-camping-ardeche.jpg\"><img loading=\"lazy\" decoding=\"async\" width=\"900\" height=\"575\" data-id=\"977\" src=\"https:\/\/www.coudoulets.com\/wp-content\/uploads\/2022\/07\/activites-camping-ardeche.jpg\" alt=\"activit\u00e9s camping ard\u00e8che\" class=\"wp-image-977\" srcset=\"https:\/\/www.coudoulets.com\/wp-content\/uploads\/2022\/07\/activites-camping-ardeche.jpg 900w, https:\/\/www.coudoulets.com\/wp-content\/uploads\/2022\/07\/activites-camping-ardeche-300x192.jpg 300w, https:\/\/www.coudoulets.com\/wp-content\/uploads\/2022\/07\/activites-camping-ardeche-768x491.jpg 768w\" sizes=\"auto, (max-width: 900px) 100vw, 900px\" \/><\/a><\/figure>\n\n\n\n<figure class=\"wp-block-image size-full animated fadeInUp slow delay-200ms\"><a href=\"https:\/\/www.coudoulets.com\/wp-content\/uploads\/2022\/07\/activites-sportives-camping-ardeche.jpg\"><img loading=\"lazy\" decoding=\"async\" width=\"900\" height=\"576\" data-id=\"973\" src=\"https:\/\/www.coudoulets.com\/wp-content\/uploads\/2022\/07\/activites-sportives-camping-ardeche.jpg\" alt=\"activit\u00e9s sportives camping ard\u00e8che\" class=\"wp-image-973\" srcset=\"https:\/\/www.coudoulets.com\/wp-content\/uploads\/2022\/07\/activites-sportives-camping-ardeche.jpg 900w, https:\/\/www.coudoulets.com\/wp-content\/uploads\/2022\/07\/activites-sportives-camping-ardeche-300x192.jpg 300w, https:\/\/www.coudoulets.com\/wp-content\/uploads\/2022\/07\/activites-sportives-camping-ardeche-768x492.jpg 768w\" sizes=\"auto, (max-width: 900px) 100vw, 900px\" \/><\/a><\/figure>\n<\/figure>\n<\/div>\n<\/div>\n\n\r\n    <\/div>\r\n<\/section>\n\n<section id=\"ls-section-block_abc90152520b2d37a30e1214c09b381a\" class=\"ls-section  home-third fade-background page-two has-background-image\" >\r\n    <div class=\"ls-section__background-image opacity-100\"><img decoding=\"async\" src=\"https:\/\/www.coudoulets.com\/wp-content\/uploads\/2022\/08\/activites-camping-4-etoiles-ardeche-1.jpg\" alt=\"activit\u00e9s camping 4 \u00e9toiles ard\u00e8che\"><\/div>    <div class=\"container container--wide\">\r\n        \n\n<div class=\"wp-block-columns is-layout-flex wp-container-core-columns-is-layout-9d6595d7 wp-block-columns-is-layout-flex\">\n<div class=\"wp-block-column is-layout-flow wp-block-column-is-layout-flow\" style=\"flex-basis:40%\"><\/div>\n\n\n\n<div class=\"wp-block-column is-vertically-aligned-center animated fadeInRight slow is-layout-flow wp-block-column-is-layout-flow\" style=\"flex-basis:60%\">\n<div class=\"wp-block-columns are-vertically-aligned-center is-layout-flex wp-container-core-columns-is-layout-9d6595d7 wp-block-columns-is-layout-flex\">\n<div class=\"wp-block-column is-vertically-aligned-center is-layout-flow wp-block-column-is-layout-flow\" style=\"flex-basis:150px\"><\/div>\n\n\n\n<div class=\"wp-block-column is-vertically-aligned-center is-layout-flow wp-block-column-is-layout-flow\">\n<h2 class=\"ls__heading wp-block-heading\"><strong>Neem deel aan onze sport- en vrijetijdsactiviteiten in de Ard\u00e8che<\/strong><\/h2>\n\n\n\n<p class=\"ls-paragraph\">Onze camping, gelegen in het zuiden van de Ard\u00e8che, biedt een breed scala aan sportieve activiteiten, tijdens de zomer organiseren we <strong>jeu de boules wedstrijden<\/strong>, <strong>pingpong toernooien<\/strong> en andere <strong>sporttoernooien <\/strong>op het terrein.<\/p>\n\n\n\n<p class=\"ls-paragraph\">Deze gezinsactiviteiten zijn een geweldige manier om een band op te bouwen met uw geliefden of buren en blijvende <strong>herinneringen te cre\u00ebren<\/strong>.<br>De animatie is speciaal ontworpen om jonge kinderen te vermaken, maar ons aanbod bevat geen activiteiten voor tieners.<\/p>\n\n\n\n<p class=\"ls-paragraph\">Wij bieden <strong>avondanimatie<\/strong>: dansshows, clowns, circusartiesten en goochelaars zullen uw zomeravonden vermaken en betoveren.<\/p>\n<\/div>\n<\/div>\n<\/div>\n<\/div>\n\n\r\n    <\/div>\r\n<\/section>\n\n<section id=\"ls-section-block_b43269c3d2f52894eabb40de688e6dec\" class=\"ls-section  home-first page-one page-one-alt\" >\r\n        <div class=\"container container--wide\">\r\n        \n\n<div class=\"wp-block-columns are-vertically-aligned-center is-layout-flex wp-container-core-columns-is-layout-9d6595d7 wp-block-columns-is-layout-flex\">\n<div class=\"wp-block-column is-vertically-aligned-center is-layout-flow wp-block-column-is-layout-flow\" style=\"flex-basis:50%\">\n<figure class=\"wp-block-gallery has-nested-images columns-2 is-cropped wp-block-gallery-2 is-layout-flex wp-block-gallery-is-layout-flex\">\n<figure class=\"wp-block-image size-full animated fadeInDown slow\"><a href=\"https:\/\/www.coudoulets.com\/wp-content\/uploads\/2022\/07\/activites-sportives-ardeche.jpg\"><img loading=\"lazy\" decoding=\"async\" width=\"900\" height=\"676\" data-id=\"959\" src=\"https:\/\/www.coudoulets.com\/wp-content\/uploads\/2022\/07\/activites-sportives-ardeche.jpg\" alt=\"activit\u00e9s sportives Ard\u00e8che\" class=\"wp-image-959\" srcset=\"https:\/\/www.coudoulets.com\/wp-content\/uploads\/2022\/07\/activites-sportives-ardeche.jpg 900w, https:\/\/www.coudoulets.com\/wp-content\/uploads\/2022\/07\/activites-sportives-ardeche-300x225.jpg 300w, https:\/\/www.coudoulets.com\/wp-content\/uploads\/2022\/07\/activites-sportives-ardeche-768x577.jpg 768w\" sizes=\"auto, (max-width: 900px) 100vw, 900px\" \/><\/a><\/figure>\n\n\n\n<figure class=\"wp-block-image size-full animated fadeInRight slow delay-100ms\"><a href=\"https:\/\/www.coudoulets.com\/wp-content\/uploads\/2022\/07\/activites-sportives-camping-ruoms.jpg\"><img loading=\"lazy\" decoding=\"async\" width=\"900\" height=\"675\" data-id=\"986\" src=\"https:\/\/www.coudoulets.com\/wp-content\/uploads\/2022\/07\/activites-sportives-camping-ruoms.jpg\" alt=\"activit\u00e9s sportives camping ruoms\" class=\"wp-image-986\" srcset=\"https:\/\/www.coudoulets.com\/wp-content\/uploads\/2022\/07\/activites-sportives-camping-ruoms.jpg 900w, https:\/\/www.coudoulets.com\/wp-content\/uploads\/2022\/07\/activites-sportives-camping-ruoms-300x225.jpg 300w, https:\/\/www.coudoulets.com\/wp-content\/uploads\/2022\/07\/activites-sportives-camping-ruoms-768x576.jpg 768w\" sizes=\"auto, (max-width: 900px) 100vw, 900px\" \/><\/a><\/figure>\n\n\n\n<figure class=\"wp-block-image size-full animated fadeInUp slow delay-200ms\"><a href=\"https:\/\/www.coudoulets.com\/wp-content\/uploads\/2022\/07\/activites-sportives-ruoms.jpg\"><img loading=\"lazy\" decoding=\"async\" width=\"900\" height=\"674\" data-id=\"982\" src=\"https:\/\/www.coudoulets.com\/wp-content\/uploads\/2022\/07\/activites-sportives-ruoms.jpg\" alt=\"activit\u00e9s sportives ruoms\" class=\"wp-image-982\" srcset=\"https:\/\/www.coudoulets.com\/wp-content\/uploads\/2022\/07\/activites-sportives-ruoms.jpg 900w, https:\/\/www.coudoulets.com\/wp-content\/uploads\/2022\/07\/activites-sportives-ruoms-300x225.jpg 300w, https:\/\/www.coudoulets.com\/wp-content\/uploads\/2022\/07\/activites-sportives-ruoms-768x575.jpg 768w\" sizes=\"auto, (max-width: 900px) 100vw, 900px\" \/><\/a><\/figure>\n<\/figure>\n<\/div>\n\n\n\n<div class=\"wp-block-column is-vertically-aligned-center temoignages-haut animated fadeInLeft slow has-color-white-background-color has-background is-layout-flow wp-block-column-is-layout-flow\" style=\"flex-basis:50%\"><div class=\"wp-block-image\">\n<figure class=\"aligncenter size-full\"><img loading=\"lazy\" decoding=\"async\" width=\"512\" height=\"512\" src=\"https:\/\/www.coudoulets.com\/wp-content\/uploads\/2022\/05\/sea.png\" alt=\"Illustration rivi\u00e8re Ard\u00e8che Camping les Coudoulets\" class=\"wp-image-446\" srcset=\"https:\/\/www.coudoulets.com\/wp-content\/uploads\/2022\/05\/sea.png 512w, https:\/\/www.coudoulets.com\/wp-content\/uploads\/2022\/05\/sea-300x300.png 300w, https:\/\/www.coudoulets.com\/wp-content\/uploads\/2022\/05\/sea-150x150.png 150w\" sizes=\"auto, (max-width: 512px) 100vw, 512px\" \/><\/figure>\n<\/div>\n\n\n<h2 class=\"ls__heading wp-block-heading\"><strong><strong>Activiteiten in de omgeving van Camping \u00e0 Pradons<\/strong><\/strong><\/h2>\n\n\n\n<p class=\"ls-paragraph\">De camping ligt in het hart van de Zuid-Ard\u00e8che. We liggen aan de rivier de Ard\u00e8che. U kunt profiteren van de activiteiten die de <strong>nabijheid van de rivier biedt<\/strong>.<\/p>\n\n\n\n<p class=\"ls-paragraph\">Zwemmen van &#8217;s morgens vroeg tot &#8217;s avonds laat, kano\u00ebn, vissen, kano- en kajakverhuur.<\/p>\n\n\n\n<p class=\"ls-paragraph\">En dicht bij de camping is er paardrijden met zelfs tochten over de rivier!<\/p>\n\n\n\n<p class=\"ls-paragraph\">En <strong>wandeltochten<\/strong>, van <strong>familiewandelingen <\/strong>voor jong en oud tot wandelingen van meerdere uren met hoogteverschil voor de meer ervaren\u2026<\/p>\n<\/div>\n<\/div>\n\n\r\n    <\/div>\r\n<\/section>\n\n<section id=\"ls-section-block_b29c95d71e7da08bb50da9e312df9611\" class=\"ls-section  home-fourth cta-interne\" >\r\n        <div class=\"container container--wide\">\r\n        \n\n<div class=\"wp-block-columns is-layout-flex wp-container-core-columns-is-layout-9d6595d7 wp-block-columns-is-layout-flex\">\n<div class=\"wp-block-column is-layout-flow wp-block-column-is-layout-flow\">\n<div id=\"ls-heading ls-titre-div-block_2bddc632f20ff40d9225a023d0de6000\" class=\"ls-titre-div aligncenter h2-like\" >\n    De <strong>aquatisch gebied<\/strong>, de <strong>restaurant<\/strong> en de <strong>activiteiten<\/strong> voor kinderen<\/div>\n\n\n<div id=\"ls-maillage-block_81d6d5a84109d06635429fe20be732a8\" class=\"ls-maillage cta-style-normal\" data-rows=\"3\">\r\n    <div class=\"wp-block-columns\"><div class=\"wp-block-column\"><div class=\"ls-cta\">\n\n<a href=\"https:\/\/www.coudoulets.com\/nl\/kamperen-activiteiten-kinderen-pradons\/\" target=\"\" rel=\"noopener\" class=\"ls-cta__link\">\n\n\t<div class=\"ls-cta__image\"><img decoding=\"async\" src=\"https:\/\/www.coudoulets.com\/wp-content\/uploads\/2022\/08\/animations-enfants-camping-ardeche-1-768x492.jpg\" alt=\"animations enfants camping ard\u00e8che\"><\/div>\n\t<div class=\"ls-cta__title\">\n\t\tKinderen\t<\/div>\n\n\t\n<\/a><\/div><\/div><div class=\"wp-block-column\"><div class=\"ls-cta\">\n\n<a href=\"https:\/\/www.coudoulets.com\/nl\/kamperen-zwembad-pradons\/\" target=\"\" rel=\"noopener\" class=\"ls-cta__link\">\n\n\t<div class=\"ls-cta__image\"><img decoding=\"async\" src=\"https:\/\/www.coudoulets.com\/wp-content\/uploads\/2022\/10\/coudoulets-piscine-768x576.jpg\" alt=\"piscine coudoulets\"><\/div>\n\t<div class=\"ls-cta__title\">\n\t\tAquatisch gebied\t<\/div>\n\n\t\n<\/a><\/div><\/div><div class=\"wp-block-column\"><div class=\"ls-cta\">\n\n<a href=\"https:\/\/www.coudoulets.com\/nl\/kamperen-restauratie-pradons\/\" target=\"\" rel=\"noopener\" class=\"ls-cta__link\">\n\n\t<div class=\"ls-cta__image\"><img decoding=\"async\" src=\"https:\/\/www.coudoulets.com\/wp-content\/uploads\/2022\/07\/restaurants-camping-ruoms-768x491.jpg\" alt=\"restaurants camping ruoms\"><\/div>\n\t<div class=\"ls-cta__title\">\n\t\tRestauratie\t<\/div>\n\n\t\n<\/a><\/div><\/div><\/div><\/div><\/div>\n<\/div>\n\n\r\n    <\/div>\r\n<\/section>","protected":false},"excerpt":{"rendered":"<p>Gezinsactiviteiten op de camping in Pradons, Ard\u00e8che<\/p>\n","protected":false},"author":1,"featured_media":1106,"parent":0,"menu_order":0,"comment_status":"closed","ping_status":"closed","template":"","meta":{"_acf_changed":false,"footnotes":""},"sujet":[],"class_list":["post-2888","page","type-page","status-publish","has-post-thumbnail","hentry"],"acf":[],"yoast_head":"<!-- This site is optimized with the Yoast SEO plugin v25.3 - https:\/\/yoast.com\/wordpress\/plugins\/seo\/ -->\n<title>Kampeeractiviteiten Pradons | Kampeeranimaties Ard\u00e8che<\/title>\n<meta name=\"robots\" content=\"index, follow, max-snippet:-1, max-image-preview:large, max-video-preview:-1\" \/>\n<link rel=\"canonical\" href=\"https:\/\/www.coudoulets.com\/nl\/kamperen-activiteiten-pradons\/\" \/>\n<meta property=\"og:locale\" content=\"nl_NL\" \/>\n<meta property=\"og:type\" content=\"article\" \/>\n<meta property=\"og:title\" content=\"Kampeeractiviteiten Pradons | Kampeeranimaties Ard\u00e8che\" \/>\n<meta property=\"og:description\" content=\"Gezinsactiviteiten op de camping in Pradons, Ard\u00e8che\" \/>\n<meta property=\"og:url\" content=\"https:\/\/www.coudoulets.com\/nl\/kamperen-activiteiten-pradons\/\" \/>\n<meta property=\"og:site_name\" content=\"Les Coudoulets\" \/>\n<meta property=\"article:modified_time\" content=\"2024-03-01T09:30:28+00:00\" \/>\n<meta property=\"og:image\" content=\"https:\/\/www.coudoulets.com\/wp-content\/uploads\/2022\/08\/activites-nautiques-ardeche.jpg\" \/>\n\t<meta property=\"og:image:width\" content=\"1900\" \/>\n\t<meta property=\"og:image:height\" content=\"842\" \/>\n\t<meta property=\"og:image:type\" content=\"image\/jpeg\" \/>\n<meta name=\"twitter:card\" content=\"summary_large_image\" \/>\n<meta name=\"twitter:label1\" content=\"Geschatte leestijd\" \/>\n\t<meta name=\"twitter:data1\" content=\"4 minuten\" \/>\n<script type=\"application\/ld+json\" class=\"yoast-schema-graph\">{\"@context\":\"https:\/\/schema.org\",\"@graph\":[{\"@type\":\"WebPage\",\"@id\":\"https:\/\/www.coudoulets.com\/nl\/kamperen-activiteiten-pradons\/\",\"url\":\"https:\/\/www.coudoulets.com\/nl\/kamperen-activiteiten-pradons\/\",\"name\":\"Kampeeractiviteiten Pradons | Kampeeranimaties Ard\u00e8che\",\"isPartOf\":{\"@id\":\"https:\/\/www.coudoulets.com\/#website\"},\"primaryImageOfPage\":{\"@id\":\"https:\/\/www.coudoulets.com\/nl\/kamperen-activiteiten-pradons\/#primaryimage\"},\"image\":{\"@id\":\"https:\/\/www.coudoulets.com\/nl\/kamperen-activiteiten-pradons\/#primaryimage\"},\"thumbnailUrl\":\"https:\/\/www.coudoulets.com\/wp-content\/uploads\/2022\/08\/activites-nautiques-ardeche.jpg\",\"datePublished\":\"2022-05-24T08:08:17+00:00\",\"dateModified\":\"2024-03-01T09:30:28+00:00\",\"breadcrumb\":{\"@id\":\"https:\/\/www.coudoulets.com\/nl\/kamperen-activiteiten-pradons\/#breadcrumb\"},\"inLanguage\":\"nl-NL\",\"potentialAction\":[{\"@type\":\"ReadAction\",\"target\":[\"https:\/\/www.coudoulets.com\/nl\/kamperen-activiteiten-pradons\/\"]}]},{\"@type\":\"ImageObject\",\"inLanguage\":\"nl-NL\",\"@id\":\"https:\/\/www.coudoulets.com\/nl\/kamperen-activiteiten-pradons\/#primaryimage\",\"url\":\"https:\/\/www.coudoulets.com\/wp-content\/uploads\/2022\/08\/activites-nautiques-ardeche.jpg\",\"contentUrl\":\"https:\/\/www.coudoulets.com\/wp-content\/uploads\/2022\/08\/activites-nautiques-ardeche.jpg\",\"width\":1900,\"height\":842,\"caption\":\"activit\u00e9s nautiques ard\u00e8che\"},{\"@type\":\"BreadcrumbList\",\"@id\":\"https:\/\/www.coudoulets.com\/nl\/kamperen-activiteiten-pradons\/#breadcrumb\",\"itemListElement\":[{\"@type\":\"ListItem\",\"position\":1,\"name\":\"Camping Ard\u00e8che\",\"item\":\"https:\/\/www.coudoulets.com\/nl\/\"},{\"@type\":\"ListItem\",\"position\":2,\"name\":\"Kamperen met animatie in Ardechec\"}]},{\"@type\":\"WebSite\",\"@id\":\"https:\/\/www.coudoulets.com\/#website\",\"url\":\"https:\/\/www.coudoulets.com\/\",\"name\":\"Les Coudoulets\",\"description\":\"\",\"publisher\":{\"@id\":\"https:\/\/www.coudoulets.com\/#organization\"},\"potentialAction\":[{\"@type\":\"SearchAction\",\"target\":{\"@type\":\"EntryPoint\",\"urlTemplate\":\"https:\/\/www.coudoulets.com\/?s={search_term_string}\"},\"query-input\":{\"@type\":\"PropertyValueSpecification\",\"valueRequired\":true,\"valueName\":\"search_term_string\"}}],\"inLanguage\":\"nl-NL\"},{\"@type\":\"Organization\",\"@id\":\"https:\/\/www.coudoulets.com\/#organization\",\"name\":\"Camping Les Coudoulets\",\"url\":\"https:\/\/www.coudoulets.com\/\",\"logo\":{\"@type\":\"ImageObject\",\"inLanguage\":\"nl-NL\",\"@id\":\"https:\/\/www.coudoulets.com\/#\/schema\/logo\/image\/\",\"url\":\"https:\/\/www.coudoulets.com\/wp-content\/uploads\/2022\/05\/cropped-favicon-camping-les-coudoulets.png\",\"contentUrl\":\"https:\/\/www.coudoulets.com\/wp-content\/uploads\/2022\/05\/cropped-favicon-camping-les-coudoulets.png\",\"width\":512,\"height\":512,\"caption\":\"Camping Les Coudoulets\"},\"image\":{\"@id\":\"https:\/\/www.coudoulets.com\/#\/schema\/logo\/image\/\"}}]}<\/script>\n<!-- \/ Yoast SEO plugin. -->","yoast_head_json":{"title":"Kampeeractiviteiten Pradons | Kampeeranimaties Ard\u00e8che","robots":{"index":"index","follow":"follow","max-snippet":"max-snippet:-1","max-image-preview":"max-image-preview:large","max-video-preview":"max-video-preview:-1"},"canonical":"https:\/\/www.coudoulets.com\/nl\/kamperen-activiteiten-pradons\/","og_locale":"nl_NL","og_type":"article","og_title":"Kampeeractiviteiten Pradons | Kampeeranimaties Ard\u00e8che","og_description":"Gezinsactiviteiten op de camping in Pradons, Ard\u00e8che","og_url":"https:\/\/www.coudoulets.com\/nl\/kamperen-activiteiten-pradons\/","og_site_name":"Les Coudoulets","article_modified_time":"2024-03-01T09:30:28+00:00","og_image":[{"width":1900,"height":842,"url":"https:\/\/www.coudoulets.com\/wp-content\/uploads\/2022\/08\/activites-nautiques-ardeche.jpg","type":"image\/jpeg"}],"twitter_card":"summary_large_image","twitter_misc":{"Geschatte leestijd":"4 minuten"},"schema":{"@context":"https:\/\/schema.org","@graph":[{"@type":"WebPage","@id":"https:\/\/www.coudoulets.com\/nl\/kamperen-activiteiten-pradons\/","url":"https:\/\/www.coudoulets.com\/nl\/kamperen-activiteiten-pradons\/","name":"Kampeeractiviteiten Pradons | Kampeeranimaties Ard\u00e8che","isPartOf":{"@id":"https:\/\/www.coudoulets.com\/#website"},"primaryImageOfPage":{"@id":"https:\/\/www.coudoulets.com\/nl\/kamperen-activiteiten-pradons\/#primaryimage"},"image":{"@id":"https:\/\/www.coudoulets.com\/nl\/kamperen-activiteiten-pradons\/#primaryimage"},"thumbnailUrl":"https:\/\/www.coudoulets.com\/wp-content\/uploads\/2022\/08\/activites-nautiques-ardeche.jpg","datePublished":"2022-05-24T08:08:17+00:00","dateModified":"2024-03-01T09:30:28+00:00","breadcrumb":{"@id":"https:\/\/www.coudoulets.com\/nl\/kamperen-activiteiten-pradons\/#breadcrumb"},"inLanguage":"nl-NL","potentialAction":[{"@type":"ReadAction","target":["https:\/\/www.coudoulets.com\/nl\/kamperen-activiteiten-pradons\/"]}]},{"@type":"ImageObject","inLanguage":"nl-NL","@id":"https:\/\/www.coudoulets.com\/nl\/kamperen-activiteiten-pradons\/#primaryimage","url":"https:\/\/www.coudoulets.com\/wp-content\/uploads\/2022\/08\/activites-nautiques-ardeche.jpg","contentUrl":"https:\/\/www.coudoulets.com\/wp-content\/uploads\/2022\/08\/activites-nautiques-ardeche.jpg","width":1900,"height":842,"caption":"activit\u00e9s nautiques ard\u00e8che"},{"@type":"BreadcrumbList","@id":"https:\/\/www.coudoulets.com\/nl\/kamperen-activiteiten-pradons\/#breadcrumb","itemListElement":[{"@type":"ListItem","position":1,"name":"Camping Ard\u00e8che","item":"https:\/\/www.coudoulets.com\/nl\/"},{"@type":"ListItem","position":2,"name":"Kamperen met animatie in Ardechec"}]},{"@type":"WebSite","@id":"https:\/\/www.coudoulets.com\/#website","url":"https:\/\/www.coudoulets.com\/","name":"Les Coudoulets","description":"","publisher":{"@id":"https:\/\/www.coudoulets.com\/#organization"},"potentialAction":[{"@type":"SearchAction","target":{"@type":"EntryPoint","urlTemplate":"https:\/\/www.coudoulets.com\/?s={search_term_string}"},"query-input":{"@type":"PropertyValueSpecification","valueRequired":true,"valueName":"search_term_string"}}],"inLanguage":"nl-NL"},{"@type":"Organization","@id":"https:\/\/www.coudoulets.com\/#organization","name":"Camping Les Coudoulets","url":"https:\/\/www.coudoulets.com\/","logo":{"@type":"ImageObject","inLanguage":"nl-NL","@id":"https:\/\/www.coudoulets.com\/#\/schema\/logo\/image\/","url":"https:\/\/www.coudoulets.com\/wp-content\/uploads\/2022\/05\/cropped-favicon-camping-les-coudoulets.png","contentUrl":"https:\/\/www.coudoulets.com\/wp-content\/uploads\/2022\/05\/cropped-favicon-camping-les-coudoulets.png","width":512,"height":512,"caption":"Camping Les Coudoulets"},"image":{"@id":"https:\/\/www.coudoulets.com\/#\/schema\/logo\/image\/"}}]}},"_links":{"self":[{"href":"https:\/\/www.coudoulets.com\/nl\/wp-json\/wp\/v2\/pages\/2888","targetHints":{"allow":["GET"]}}],"collection":[{"href":"https:\/\/www.coudoulets.com\/nl\/wp-json\/wp\/v2\/pages"}],"about":[{"href":"https:\/\/www.coudoulets.com\/nl\/wp-json\/wp\/v2\/types\/page"}],"author":[{"embeddable":true,"href":"https:\/\/www.coudoulets.com\/nl\/wp-json\/wp\/v2\/users\/1"}],"replies":[{"embeddable":true,"href":"https:\/\/www.coudoulets.com\/nl\/wp-json\/wp\/v2\/comments?post=2888"}],"version-history":[{"count":11,"href":"https:\/\/www.coudoulets.com\/nl\/wp-json\/wp\/v2\/pages\/2888\/revisions"}],"predecessor-version":[{"id":7720,"href":"https:\/\/www.coudoulets.com\/nl\/wp-json\/wp\/v2\/pages\/2888\/revisions\/7720"}],"wp:featuredmedia":[{"embeddable":true,"href":"https:\/\/www.coudoulets.com\/nl\/wp-json\/wp\/v2\/media\/1106"}],"wp:attachment":[{"href":"https:\/\/www.coudoulets.com\/nl\/wp-json\/wp\/v2\/media?parent=2888"}],"wp:term":[{"taxonomy":"sujet","embeddable":true,"href":"https:\/\/www.coudoulets.com\/nl\/wp-json\/wp\/v2\/sujet?post=2888"}],"curies":[{"name":"wp","href":"https:\/\/api.w.org\/{rel}","templated":true}]}}