{"id":2927,"date":"2022-05-24T10:12:24","date_gmt":"2022-05-24T08:12:24","guid":{"rendered":"https:\/\/www.coudoulets.com\/camping-bord-de-riviere-pradons\/"},"modified":"2022-11-15T11:07:29","modified_gmt":"2022-11-15T10:07:29","slug":"kamperen-rivierfront-pradons","status":"publish","type":"page","link":"https:\/\/www.coudoulets.com\/nl\/kamperen-rivierfront-pradons\/","title":{"rendered":"Bord de rivi\u00e8re"},"content":{"rendered":"\n<h1 class=\"ls__heading has-text-align-center wp-block-heading\">Directe toegang tot de rivier vanaf de camping in Pradons in de Ard\u00e8che<\/h1>\n\n\n<section id=\"ls-section-block_17433aabc5310d7ce0bebd8f4c674c46\" class=\"ls-section  home-first page-one\" >\r\n        <div class=\"container container--wide\">\r\n        \n\n<div class=\"wp-block-columns are-vertically-aligned-center is-layout-flex wp-container-core-columns-is-layout-9d6595d7 wp-block-columns-is-layout-flex\">\n<div class=\"wp-block-column is-vertically-aligned-center temoignages-haut animated fadeInLeft slow is-layout-flow wp-block-column-is-layout-flow\" style=\"flex-basis:50%\"><div class=\"wp-block-image\">\n<figure class=\"aligncenter size-full\"><img loading=\"lazy\" decoding=\"async\" width=\"512\" height=\"512\" src=\"https:\/\/www.coudoulets.com\/wp-content\/uploads\/2022\/05\/sea.png\" alt=\"Illustration rivi\u00e8re Ard\u00e8che Camping les Coudoulets\" class=\"wp-image-446\" srcset=\"https:\/\/www.coudoulets.com\/wp-content\/uploads\/2022\/05\/sea.png 512w, https:\/\/www.coudoulets.com\/wp-content\/uploads\/2022\/05\/sea-300x300.png 300w, https:\/\/www.coudoulets.com\/wp-content\/uploads\/2022\/05\/sea-150x150.png 150w\" sizes=\"auto, (max-width: 512px) 100vw, 512px\" \/><\/figure>\n<\/div>\n\n\n<h2 class=\"ls-heading wp-block-heading\"><strong>Zwemmen in de rivier de Ard\u00e8che<\/strong><\/h2>\n\n\n\n<p class=\"ls-paragraph\">Profiteer van de bevoorrechte ligging van de <a href=\"\/nl\/\">camping aan de oevers van de Ard\u00e8che<\/a>.<\/p>\n\n\n\n<p class=\"ls-paragraph\">De <strong>rivier de Ard\u00e8che<\/strong> is bereikbaar via een trap of een klein voetpad. Geniet van het zand- en kiezelstrand\u2026 Zwemmen, vissen, kano&#8217;s, opblaasboten\u2026<\/p>\n\n\n\n<p class=\"ls-paragraph\">Camping Les Coudoulets is ideaal gelegen aan de oevers van de Ard\u00e8che en laat u dagelijks genieten van een van de mooiste rivieren van Frankrijk.<\/p>\n\n\n\n<p class=\"ls-paragraph\">Op het programma staan zwemmen, zandspelen en ontspanning in het hart van een subliem landschap. De Ard\u00e8che is een eindeloze speeltuin voor natuurliefhebbers.<\/p>\n<\/div>\n\n\n\n<div class=\"wp-block-column is-vertically-aligned-center has-color-4-background-color has-background is-layout-flow wp-block-column-is-layout-flow\" style=\"flex-basis:50%\">\n<figure class=\"wp-block-gallery has-nested-images columns-2 is-cropped wp-block-gallery-1 is-layout-flex wp-block-gallery-is-layout-flex\">\n<figure class=\"wp-block-image size-full animated fadeInDown slow\"><a href=\"https:\/\/www.coudoulets.com\/wp-content\/uploads\/2022\/08\/camping-bord-de-riviere-canoe-kayak-ardeche.jpg\"><img loading=\"lazy\" decoding=\"async\" width=\"900\" height=\"600\" data-id=\"1207\" src=\"https:\/\/www.coudoulets.com\/wp-content\/uploads\/2022\/08\/camping-bord-de-riviere-canoe-kayak-ardeche.jpg\" alt=\"camping bord de rivi\u00e8re cano\u00eb kayak Ard\u00e8che\" class=\"wp-image-1207\" srcset=\"https:\/\/www.coudoulets.com\/wp-content\/uploads\/2022\/08\/camping-bord-de-riviere-canoe-kayak-ardeche.jpg 900w, https:\/\/www.coudoulets.com\/wp-content\/uploads\/2022\/08\/camping-bord-de-riviere-canoe-kayak-ardeche-300x200.jpg 300w, https:\/\/www.coudoulets.com\/wp-content\/uploads\/2022\/08\/camping-bord-de-riviere-canoe-kayak-ardeche-768x512.jpg 768w\" sizes=\"auto, (max-width: 900px) 100vw, 900px\" \/><\/a><\/figure>\n\n\n\n<figure class=\"wp-block-image size-full animated fadeInRight slow delay-100ms\"><a href=\"https:\/\/www.coudoulets.com\/wp-content\/uploads\/2022\/08\/camping-bord-de-lardeche.jpg\"><img loading=\"lazy\" decoding=\"async\" width=\"900\" height=\"600\" data-id=\"1211\" src=\"https:\/\/www.coudoulets.com\/wp-content\/uploads\/2022\/08\/camping-bord-de-lardeche.jpg\" alt=\"camping bord de l'Ard\u00e8che\" class=\"wp-image-1211\" srcset=\"https:\/\/www.coudoulets.com\/wp-content\/uploads\/2022\/08\/camping-bord-de-lardeche.jpg 900w, https:\/\/www.coudoulets.com\/wp-content\/uploads\/2022\/08\/camping-bord-de-lardeche-300x200.jpg 300w, https:\/\/www.coudoulets.com\/wp-content\/uploads\/2022\/08\/camping-bord-de-lardeche-768x512.jpg 768w\" sizes=\"auto, (max-width: 900px) 100vw, 900px\" \/><\/a><\/figure>\n\n\n\n<figure class=\"wp-block-image size-full animated fadeInUp slow delay-200ms\"><a href=\"https:\/\/www.coudoulets.com\/wp-content\/uploads\/2022\/08\/camping-bord-de-riviere-ardeche.jpg\"><img loading=\"lazy\" decoding=\"async\" width=\"900\" height=\"575\" data-id=\"1203\" src=\"https:\/\/www.coudoulets.com\/wp-content\/uploads\/2022\/08\/camping-bord-de-riviere-ardeche.jpg\" alt=\"camping bord de rivi\u00e8re ard\u00e8che\" class=\"wp-image-1203\" srcset=\"https:\/\/www.coudoulets.com\/wp-content\/uploads\/2022\/08\/camping-bord-de-riviere-ardeche.jpg 900w, https:\/\/www.coudoulets.com\/wp-content\/uploads\/2022\/08\/camping-bord-de-riviere-ardeche-300x192.jpg 300w, https:\/\/www.coudoulets.com\/wp-content\/uploads\/2022\/08\/camping-bord-de-riviere-ardeche-768x491.jpg 768w\" sizes=\"auto, (max-width: 900px) 100vw, 900px\" \/><\/a><\/figure>\n<\/figure>\n<\/div>\n<\/div>\n\n\r\n    <\/div>\r\n<\/section>\n\n<section id=\"ls-section-block_45f4cb5857ff4052894133429e3d3720\" class=\"ls-section  home-third fade-background page-two has-background-image\" >\r\n    <div class=\"ls-section__background-image opacity-100\"><img decoding=\"async\" src=\"https:\/\/www.coudoulets.com\/wp-content\/uploads\/2022\/08\/activites-nautiques-bord-de-lardeche.jpg\" alt=\"activit\u00e9s nautiques bord de l'Ard\u00e8che\"><\/div>    <div class=\"container container--wide\">\r\n        \n\n<div class=\"wp-block-columns is-layout-flex wp-container-core-columns-is-layout-9d6595d7 wp-block-columns-is-layout-flex\">\n<div class=\"wp-block-column is-layout-flow wp-block-column-is-layout-flow\" style=\"flex-basis:40%\"><\/div>\n\n\n\n<div class=\"wp-block-column is-vertically-aligned-center animated fadeInRight slow is-layout-flow wp-block-column-is-layout-flow\" style=\"flex-basis:60%\">\n<div class=\"wp-block-columns are-vertically-aligned-center is-layout-flex wp-container-core-columns-is-layout-9d6595d7 wp-block-columns-is-layout-flex\">\n<div class=\"wp-block-column is-vertically-aligned-center is-layout-flow wp-block-column-is-layout-flow\" style=\"flex-basis:150px\"><\/div>\n\n\n\n<div class=\"wp-block-column is-vertically-aligned-center is-layout-flow wp-block-column-is-layout-flow\">\n<div id=\"ls-heading ls-titre-div-block_2a002b217e97bd2071369619f5f6a678\" class=\"ls-titre-div h2-like\" >\n    Voeten in het water<\/div>\n\n\n\n<h2 class=\"ls-heading wp-block-heading\"><strong>Ideale rivier om te vissen<\/strong><\/h2>\n\n\n\n<p class=\"ls-paragraph\">Door onze ligging aan de rivier kunnen wij kano- en kajakverhuur aanbieden. Dit is een geweldige manier om te trainen voordat u aan de beroemde route van de Gorges de l&#8217;Ard\u00e8che begint! Vanaf de camping kunt u genieten van andere wateractiviteiten zoals opblaasboten en waterfietsen. Vissen is natuurlijk ook een van de vele recreatiemogelijkheden. In de directe omgeving van de camping kunt u canyoning of Via Ferrata doen langs de rivier.<\/p>\n\n\n\n<p class=\"ls-paragraph\">De Ard\u00e8che is een diepe rivier die beroemd is om zijn adembenemende landschappen. Camping des Coudoulets kijkt uit over de rivier op 26 meter hoogte. U kunt dus genieten van alle voordelen van een verblijf aan het water, zonder het ongemak: u bent beschermd tegen de nachtelijke vochtigheid en het risico van overstromingen! De toegang tot het strand is echter direct vanaf de camping.<\/p>\n<\/div>\n<\/div>\n<\/div>\n<\/div>\n\n\r\n    <\/div>\r\n<\/section>\n\n<section id=\"ls-section-block_8e6fd2eb09c57949fb18b23d6a4293d5\" class=\"ls-section  home-first page-four\" >\r\n        <div class=\"container container--wide\">\r\n        \n\n<div class=\"wp-block-columns are-vertically-aligned-center is-layout-flex wp-container-core-columns-is-layout-9d6595d7 wp-block-columns-is-layout-flex\">\n<div class=\"wp-block-column is-vertically-aligned-center temoignages-haut is-layout-flow wp-block-column-is-layout-flow\" style=\"flex-basis:50%\">\n<h2 class=\"ls-heading wp-block-heading\">&nbsp;<strong>Wateractiviteiten in de buurt van de camping<\/strong><\/h2>\n\n\n\n<p class=\"ls-paragraph\">Het zand- en kiezelstrand is ruim en gedeeltelijk in de schaduw van bomen. Het is een ideale ontmoetingsplaats voor een ontspannende middag met het gezin of voor een picknick.<\/p>\n\n\n\n<p class=\"ls-paragraph\">Het zandgedeelte is aangenaam om te zwemmen en maakt het gemakkelijk om kano&#8217;s te water te laten. De rust van de Ard\u00e8che in dit deel van haar loop maakt het mogelijk de jongste zwemmers te ontvangen.<\/p>\n\n\n\n<p class=\"ls-paragraph\">Ga een paar treden naar beneden en werp uw lijn uit\u2026 U kunt vissen op <strong>Fario-forel<\/strong> (emblematisch voor de Ard\u00e8che) of op de prachtige karpers die vaak onder de camping worden gevangen.<\/p>\n\n\n\n<p class=\"ls-paragraph\">Tussen het zwemparadijs en de rivier wordt uw vakantie op de <a href=\"\/nl\/kamperen-zwembad-pradons\/\">camping met verwarmd zwembad<\/a> een waterrijke ervaring!<\/p>\n<\/div>\n\n\n\n<div class=\"wp-block-column is-vertically-aligned-center has-color-4-background-color has-background is-layout-flow wp-block-column-is-layout-flow\" style=\"flex-basis:50%\">\n<figure class=\"wp-block-gallery has-nested-images columns-2 is-cropped wp-block-gallery-2 is-layout-flex wp-block-gallery-is-layout-flex\">\n<figure class=\"wp-block-image size-full animated fadeInDown slow\"><a href=\"https:\/\/www.coudoulets.com\/wp-content\/uploads\/2022\/07\/activites-sportives-ruoms.jpg\"><img loading=\"lazy\" decoding=\"async\" width=\"900\" height=\"674\" data-id=\"982\" src=\"https:\/\/www.coudoulets.com\/wp-content\/uploads\/2022\/07\/activites-sportives-ruoms.jpg\" alt=\"activit\u00e9s aquatiques bord de rivi\u00e8re Ard\u00e8che\" class=\"wp-image-982\" srcset=\"https:\/\/www.coudoulets.com\/wp-content\/uploads\/2022\/07\/activites-sportives-ruoms.jpg 900w, https:\/\/www.coudoulets.com\/wp-content\/uploads\/2022\/07\/activites-sportives-ruoms-300x225.jpg 300w, https:\/\/www.coudoulets.com\/wp-content\/uploads\/2022\/07\/activites-sportives-ruoms-768x575.jpg 768w\" sizes=\"auto, (max-width: 900px) 100vw, 900px\" \/><\/a><\/figure>\n\n\n\n<figure class=\"wp-block-image size-full animated fadeInRight delay-100ms slow\"><a href=\"https:\/\/www.coudoulets.com\/wp-content\/uploads\/2022\/08\/canoe-kayak-camping-ardeche.jpg\"><img loading=\"lazy\" decoding=\"async\" width=\"900\" height=\"607\" data-id=\"1216\" src=\"https:\/\/www.coudoulets.com\/wp-content\/uploads\/2022\/08\/canoe-kayak-camping-ardeche.jpg\" alt=\"cano\u00eb kayak camping Ard\u00e8che\" class=\"wp-image-1216\" srcset=\"https:\/\/www.coudoulets.com\/wp-content\/uploads\/2022\/08\/canoe-kayak-camping-ardeche.jpg 900w, https:\/\/www.coudoulets.com\/wp-content\/uploads\/2022\/08\/canoe-kayak-camping-ardeche-300x202.jpg 300w, https:\/\/www.coudoulets.com\/wp-content\/uploads\/2022\/08\/canoe-kayak-camping-ardeche-768x518.jpg 768w\" sizes=\"auto, (max-width: 900px) 100vw, 900px\" \/><\/a><\/figure>\n\n\n\n<figure class=\"wp-block-image size-full animated fadeInUp slow delay-200ms\"><a href=\"https:\/\/www.coudoulets.com\/wp-content\/uploads\/2022\/08\/camping-familiale-bord-de-lardeche.jpg\"><img loading=\"lazy\" decoding=\"async\" width=\"900\" height=\"600\" data-id=\"1220\" src=\"https:\/\/www.coudoulets.com\/wp-content\/uploads\/2022\/08\/camping-familiale-bord-de-lardeche.jpg\" alt=\"camping familiale bord de l'Ard\u00e8che\" class=\"wp-image-1220\" srcset=\"https:\/\/www.coudoulets.com\/wp-content\/uploads\/2022\/08\/camping-familiale-bord-de-lardeche.jpg 900w, https:\/\/www.coudoulets.com\/wp-content\/uploads\/2022\/08\/camping-familiale-bord-de-lardeche-300x200.jpg 300w, https:\/\/www.coudoulets.com\/wp-content\/uploads\/2022\/08\/camping-familiale-bord-de-lardeche-768x512.jpg 768w\" sizes=\"auto, (max-width: 900px) 100vw, 900px\" \/><\/a><\/figure>\n<\/figure>\n<\/div>\n<\/div>\n\n\r\n    <\/div>\r\n<\/section>\n\n<section id=\"ls-section-block_6912f315348c17665182853a02babb87\" class=\"ls-section  home-fourth cta-interne\" >\r\n        <div class=\"container container--wide\">\r\n        \n\n<div class=\"wp-block-columns is-layout-flex wp-container-core-columns-is-layout-9d6595d7 wp-block-columns-is-layout-flex\">\n<div class=\"wp-block-column is-layout-flow wp-block-column-is-layout-flow\">\n<div id=\"ls-heading ls-titre-div-block_a9096b6c84254ae18b84f59f1328906b\" class=\"ls-titre-div aligncenter h2-like\" >\n    Ontdek onze <strong>restaurant en zwemparadijs<\/strong><\/div>\n\n\n<div id=\"ls-maillage-block_6bfa3533b359f5113de81fc6151db656\" class=\"ls-maillage cta-style-normal\" data-rows=\"3\">\r\n    <div class=\"wp-block-columns\"><div class=\"wp-block-column\"><div class=\"ls-cta\">\n\n<a href=\"https:\/\/www.coudoulets.com\/nl\/kamperen-activiteiten-pradons\/\" target=\"\" rel=\"noopener\" class=\"ls-cta__link\">\n\n\t<div class=\"ls-cta__image\"><img decoding=\"async\" src=\"https:\/\/www.coudoulets.com\/wp-content\/uploads\/2022\/07\/activites-sportives-camping-ardeche-768x492.jpg\" alt=\"activit\u00e9s sportives camping ard\u00e8che\"><\/div>\n\t<div class=\"ls-cta__title\">\n\t\tActiviteiten\t<\/div>\n\n\t\n<\/a><\/div><\/div><div class=\"wp-block-column\"><div class=\"ls-cta\">\n\n<a href=\"https:\/\/www.coudoulets.com\/nl\/kamperen-zwembad-pradons\/\" target=\"\" rel=\"noopener\" class=\"ls-cta__link\">\n\n\t<div class=\"ls-cta__image\"><img decoding=\"async\" src=\"https:\/\/www.coudoulets.com\/wp-content\/uploads\/2022\/10\/coudoulets-piscine-768x576.jpg\" alt=\"piscine coudoulets\"><\/div>\n\t<div class=\"ls-cta__title\">\n\t\tAquatisch gebied\t<\/div>\n\n\t\n<\/a><\/div><\/div><div class=\"wp-block-column\"><div class=\"ls-cta\">\n\n<a href=\"https:\/\/www.coudoulets.com\/nl\/kamperen-restauratie-pradons\/\" target=\"\" rel=\"noopener\" class=\"ls-cta__link\">\n\n\t<div class=\"ls-cta__image\"><img decoding=\"async\" src=\"https:\/\/www.coudoulets.com\/wp-content\/uploads\/2022\/07\/restaurants-camping-ruoms-768x491.jpg\" alt=\"restaurants camping ruoms\"><\/div>\n\t<div class=\"ls-cta__title\">\n\t\tRestauratie\t<\/div>\n\n\t\n<\/a><\/div><\/div><\/div><\/div><\/div>\n<\/div>\n\n\r\n    <\/div>\r\n<\/section>","protected":false},"excerpt":{"rendered":"<p>Directe toegang tot de rivier vanaf de camping in Pradons in de Ard\u00e8che<\/p>\n","protected":false},"author":1,"featured_media":3835,"parent":0,"menu_order":0,"comment_status":"closed","ping_status":"closed","template":"","meta":{"_acf_changed":false,"footnotes":""},"sujet":[],"class_list":["post-2927","page","type-page","status-publish","has-post-thumbnail","hentry"],"acf":[],"yoast_head":"<!-- This site is optimized with the Yoast SEO plugin v25.3 - https:\/\/yoast.com\/wordpress\/plugins\/seo\/ -->\n<title>Kamperen rivierrand Pradons | Kamperen Ard\u00e8che<\/title>\n<meta name=\"robots\" content=\"index, follow, max-snippet:-1, max-image-preview:large, max-video-preview:-1\" \/>\n<link rel=\"canonical\" href=\"https:\/\/www.coudoulets.com\/nl\/kamperen-rivierfront-pradons\/\" \/>\n<meta property=\"og:locale\" content=\"nl_NL\" \/>\n<meta property=\"og:type\" content=\"article\" \/>\n<meta property=\"og:title\" content=\"Kamperen rivierrand Pradons | Kamperen Ard\u00e8che\" \/>\n<meta property=\"og:description\" content=\"Directe toegang tot de rivier vanaf de camping in Pradons in de Ard\u00e8che\" \/>\n<meta property=\"og:url\" content=\"https:\/\/www.coudoulets.com\/nl\/kamperen-rivierfront-pradons\/\" \/>\n<meta property=\"og:site_name\" content=\"Les Coudoulets\" \/>\n<meta property=\"article:modified_time\" content=\"2022-11-15T10:07:29+00:00\" \/>\n<meta property=\"og:image\" content=\"https:\/\/www.coudoulets.com\/wp-content\/uploads\/2022\/10\/camping-bord-de-riviere-pradons.jpg\" \/>\n\t<meta property=\"og:image:width\" content=\"1900\" \/>\n\t<meta property=\"og:image:height\" content=\"802\" \/>\n\t<meta property=\"og:image:type\" content=\"image\/jpeg\" \/>\n<meta name=\"twitter:card\" content=\"summary_large_image\" \/>\n<meta name=\"twitter:label1\" content=\"Geschatte leestijd\" \/>\n\t<meta name=\"twitter:data1\" content=\"4 minuten\" \/>\n<script type=\"application\/ld+json\" class=\"yoast-schema-graph\">{\"@context\":\"https:\/\/schema.org\",\"@graph\":[{\"@type\":\"WebPage\",\"@id\":\"https:\/\/www.coudoulets.com\/nl\/kamperen-rivierfront-pradons\/\",\"url\":\"https:\/\/www.coudoulets.com\/nl\/kamperen-rivierfront-pradons\/\",\"name\":\"Kamperen rivierrand Pradons | Kamperen Ard\u00e8che\",\"isPartOf\":{\"@id\":\"https:\/\/www.coudoulets.com\/#website\"},\"primaryImageOfPage\":{\"@id\":\"https:\/\/www.coudoulets.com\/nl\/kamperen-rivierfront-pradons\/#primaryimage\"},\"image\":{\"@id\":\"https:\/\/www.coudoulets.com\/nl\/kamperen-rivierfront-pradons\/#primaryimage\"},\"thumbnailUrl\":\"https:\/\/www.coudoulets.com\/wp-content\/uploads\/2022\/10\/camping-bord-de-riviere-pradons.jpg\",\"datePublished\":\"2022-05-24T08:12:24+00:00\",\"dateModified\":\"2022-11-15T10:07:29+00:00\",\"breadcrumb\":{\"@id\":\"https:\/\/www.coudoulets.com\/nl\/kamperen-rivierfront-pradons\/#breadcrumb\"},\"inLanguage\":\"nl-NL\",\"potentialAction\":[{\"@type\":\"ReadAction\",\"target\":[\"https:\/\/www.coudoulets.com\/nl\/kamperen-rivierfront-pradons\/\"]}]},{\"@type\":\"ImageObject\",\"inLanguage\":\"nl-NL\",\"@id\":\"https:\/\/www.coudoulets.com\/nl\/kamperen-rivierfront-pradons\/#primaryimage\",\"url\":\"https:\/\/www.coudoulets.com\/wp-content\/uploads\/2022\/10\/camping-bord-de-riviere-pradons.jpg\",\"contentUrl\":\"https:\/\/www.coudoulets.com\/wp-content\/uploads\/2022\/10\/camping-bord-de-riviere-pradons.jpg\",\"width\":1900,\"height\":802,\"caption\":\"camping bord de riviere pradons\"},{\"@type\":\"BreadcrumbList\",\"@id\":\"https:\/\/www.coudoulets.com\/nl\/kamperen-rivierfront-pradons\/#breadcrumb\",\"itemListElement\":[{\"@type\":\"ListItem\",\"position\":1,\"name\":\"Camping Ard\u00e8che\",\"item\":\"https:\/\/www.coudoulets.com\/nl\/\"},{\"@type\":\"ListItem\",\"position\":2,\"name\":\"Kamperen bij de rivier in Pradons\"}]},{\"@type\":\"WebSite\",\"@id\":\"https:\/\/www.coudoulets.com\/#website\",\"url\":\"https:\/\/www.coudoulets.com\/\",\"name\":\"Les Coudoulets\",\"description\":\"\",\"publisher\":{\"@id\":\"https:\/\/www.coudoulets.com\/#organization\"},\"potentialAction\":[{\"@type\":\"SearchAction\",\"target\":{\"@type\":\"EntryPoint\",\"urlTemplate\":\"https:\/\/www.coudoulets.com\/?s={search_term_string}\"},\"query-input\":{\"@type\":\"PropertyValueSpecification\",\"valueRequired\":true,\"valueName\":\"search_term_string\"}}],\"inLanguage\":\"nl-NL\"},{\"@type\":\"Organization\",\"@id\":\"https:\/\/www.coudoulets.com\/#organization\",\"name\":\"Camping Les Coudoulets\",\"url\":\"https:\/\/www.coudoulets.com\/\",\"logo\":{\"@type\":\"ImageObject\",\"inLanguage\":\"nl-NL\",\"@id\":\"https:\/\/www.coudoulets.com\/#\/schema\/logo\/image\/\",\"url\":\"https:\/\/www.coudoulets.com\/wp-content\/uploads\/2022\/05\/cropped-favicon-camping-les-coudoulets.png\",\"contentUrl\":\"https:\/\/www.coudoulets.com\/wp-content\/uploads\/2022\/05\/cropped-favicon-camping-les-coudoulets.png\",\"width\":512,\"height\":512,\"caption\":\"Camping Les Coudoulets\"},\"image\":{\"@id\":\"https:\/\/www.coudoulets.com\/#\/schema\/logo\/image\/\"}}]}<\/script>\n<!-- \/ Yoast SEO plugin. -->","yoast_head_json":{"title":"Kamperen rivierrand Pradons | Kamperen Ard\u00e8che","robots":{"index":"index","follow":"follow","max-snippet":"max-snippet:-1","max-image-preview":"max-image-preview:large","max-video-preview":"max-video-preview:-1"},"canonical":"https:\/\/www.coudoulets.com\/nl\/kamperen-rivierfront-pradons\/","og_locale":"nl_NL","og_type":"article","og_title":"Kamperen rivierrand Pradons | Kamperen Ard\u00e8che","og_description":"Directe toegang tot de rivier vanaf de camping in Pradons in de Ard\u00e8che","og_url":"https:\/\/www.coudoulets.com\/nl\/kamperen-rivierfront-pradons\/","og_site_name":"Les Coudoulets","article_modified_time":"2022-11-15T10:07:29+00:00","og_image":[{"width":1900,"height":802,"url":"https:\/\/www.coudoulets.com\/wp-content\/uploads\/2022\/10\/camping-bord-de-riviere-pradons.jpg","type":"image\/jpeg"}],"twitter_card":"summary_large_image","twitter_misc":{"Geschatte leestijd":"4 minuten"},"schema":{"@context":"https:\/\/schema.org","@graph":[{"@type":"WebPage","@id":"https:\/\/www.coudoulets.com\/nl\/kamperen-rivierfront-pradons\/","url":"https:\/\/www.coudoulets.com\/nl\/kamperen-rivierfront-pradons\/","name":"Kamperen rivierrand Pradons | Kamperen Ard\u00e8che","isPartOf":{"@id":"https:\/\/www.coudoulets.com\/#website"},"primaryImageOfPage":{"@id":"https:\/\/www.coudoulets.com\/nl\/kamperen-rivierfront-pradons\/#primaryimage"},"image":{"@id":"https:\/\/www.coudoulets.com\/nl\/kamperen-rivierfront-pradons\/#primaryimage"},"thumbnailUrl":"https:\/\/www.coudoulets.com\/wp-content\/uploads\/2022\/10\/camping-bord-de-riviere-pradons.jpg","datePublished":"2022-05-24T08:12:24+00:00","dateModified":"2022-11-15T10:07:29+00:00","breadcrumb":{"@id":"https:\/\/www.coudoulets.com\/nl\/kamperen-rivierfront-pradons\/#breadcrumb"},"inLanguage":"nl-NL","potentialAction":[{"@type":"ReadAction","target":["https:\/\/www.coudoulets.com\/nl\/kamperen-rivierfront-pradons\/"]}]},{"@type":"ImageObject","inLanguage":"nl-NL","@id":"https:\/\/www.coudoulets.com\/nl\/kamperen-rivierfront-pradons\/#primaryimage","url":"https:\/\/www.coudoulets.com\/wp-content\/uploads\/2022\/10\/camping-bord-de-riviere-pradons.jpg","contentUrl":"https:\/\/www.coudoulets.com\/wp-content\/uploads\/2022\/10\/camping-bord-de-riviere-pradons.jpg","width":1900,"height":802,"caption":"camping bord de riviere pradons"},{"@type":"BreadcrumbList","@id":"https:\/\/www.coudoulets.com\/nl\/kamperen-rivierfront-pradons\/#breadcrumb","itemListElement":[{"@type":"ListItem","position":1,"name":"Camping Ard\u00e8che","item":"https:\/\/www.coudoulets.com\/nl\/"},{"@type":"ListItem","position":2,"name":"Kamperen bij de rivier in Pradons"}]},{"@type":"WebSite","@id":"https:\/\/www.coudoulets.com\/#website","url":"https:\/\/www.coudoulets.com\/","name":"Les Coudoulets","description":"","publisher":{"@id":"https:\/\/www.coudoulets.com\/#organization"},"potentialAction":[{"@type":"SearchAction","target":{"@type":"EntryPoint","urlTemplate":"https:\/\/www.coudoulets.com\/?s={search_term_string}"},"query-input":{"@type":"PropertyValueSpecification","valueRequired":true,"valueName":"search_term_string"}}],"inLanguage":"nl-NL"},{"@type":"Organization","@id":"https:\/\/www.coudoulets.com\/#organization","name":"Camping Les Coudoulets","url":"https:\/\/www.coudoulets.com\/","logo":{"@type":"ImageObject","inLanguage":"nl-NL","@id":"https:\/\/www.coudoulets.com\/#\/schema\/logo\/image\/","url":"https:\/\/www.coudoulets.com\/wp-content\/uploads\/2022\/05\/cropped-favicon-camping-les-coudoulets.png","contentUrl":"https:\/\/www.coudoulets.com\/wp-content\/uploads\/2022\/05\/cropped-favicon-camping-les-coudoulets.png","width":512,"height":512,"caption":"Camping Les Coudoulets"},"image":{"@id":"https:\/\/www.coudoulets.com\/#\/schema\/logo\/image\/"}}]}},"_links":{"self":[{"href":"https:\/\/www.coudoulets.com\/nl\/wp-json\/wp\/v2\/pages\/2927","targetHints":{"allow":["GET"]}}],"collection":[{"href":"https:\/\/www.coudoulets.com\/nl\/wp-json\/wp\/v2\/pages"}],"about":[{"href":"https:\/\/www.coudoulets.com\/nl\/wp-json\/wp\/v2\/types\/page"}],"author":[{"embeddable":true,"href":"https:\/\/www.coudoulets.com\/nl\/wp-json\/wp\/v2\/users\/1"}],"replies":[{"embeddable":true,"href":"https:\/\/www.coudoulets.com\/nl\/wp-json\/wp\/v2\/comments?post=2927"}],"version-history":[{"count":11,"href":"https:\/\/www.coudoulets.com\/nl\/wp-json\/wp\/v2\/pages\/2927\/revisions"}],"predecessor-version":[{"id":4241,"href":"https:\/\/www.coudoulets.com\/nl\/wp-json\/wp\/v2\/pages\/2927\/revisions\/4241"}],"wp:featuredmedia":[{"embeddable":true,"href":"https:\/\/www.coudoulets.com\/nl\/wp-json\/wp\/v2\/media\/3835"}],"wp:attachment":[{"href":"https:\/\/www.coudoulets.com\/nl\/wp-json\/wp\/v2\/media?parent=2927"}],"wp:term":[{"taxonomy":"sujet","embeddable":true,"href":"https:\/\/www.coudoulets.com\/nl\/wp-json\/wp\/v2\/sujet?post=2927"}],"curies":[{"name":"wp","href":"https:\/\/api.w.org\/{rel}","templated":true}]}}